{"id":1450,"date":"2025-07-01T22:14:20","date_gmt":"2025-07-01T22:14:20","guid":{"rendered":"https:\/\/ce-ci.fr\/?page_id=1450"},"modified":"2025-07-01T22:40:26","modified_gmt":"2025-07-01T22:40:26","slug":"cgu","status":"publish","type":"page","link":"https:\/\/ce-ci.fr\/en\/cgu\/","title":{"rendered":"CGU"},"content":{"rendered":"<p>[et_pb_section fb_built=\u00a0\u00bb1&Prime; admin_label=\u00a0\u00bbHeader &#038; Contact Form\u00a0\u00bb _builder_version=\u00a0\u00bb4.27.4&Prime; _module_preset=\u00a0\u00bbdefault\u00a0\u00bb custom_margin=\u00a0\u00bb0px||0px||true|false\u00a0\u00bb custom_padding=\u00a0\u00bb0px||0px||true|false\u00a0\u00bb collapsed=\u00a0\u00bbon\u00a0\u00bb global_colors_info=\u00a0\u00bb{}\u00a0\u00bb][et_pb_row column_structure=\u00a0\u00bb1_2,1_2&Prime; use_custom_gutter=\u00a0\u00bbon\u00a0\u00bb make_equal=\u00a0\u00bbon\u00a0\u00bb _builder_version=\u00a0\u00bb4.27.4&Prime; _module_preset=\u00a0\u00bbdefault\u00a0\u00bb background_enable_color=\u00a0\u00bboff\u00a0\u00bb width=\u00a0\u00bb90vw\u00a0\u00bb width_tablet=\u00a0\u00bb90vw\u00a0\u00bb width_phone=\u00a0\u00bb90vw\u00a0\u00bb width_last_edited=\u00a0\u00bbon|desktop\u00a0\u00bb max_width=\u00a0\u00bbnone\u00a0\u00bb custom_margin=\u00a0\u00bb0px||0px||true|false\u00a0\u00bb custom_padding=\u00a0\u00bb0px||0px||true|false\u00a0\u00bb locked=\u00a0\u00bboff\u00a0\u00bb global_colors_info=\u00a0\u00bb{}\u00a0\u00bb][et_pb_column type=\u00a0\u00bb1_2&Prime; _builder_version=\u00a0\u00bb4.27.4&Prime; _module_preset=\u00a0\u00bbdefault\u00a0\u00bb custom_padding=\u00a0\u00bb60px|||6vw|false|false\u00a0\u00bb global_colors_info=\u00a0\u00bb{}\u00a0\u00bb][et_pb_text _builder_version=\u00a0\u00bb4.27.4&Prime; _module_preset=\u00a0\u00bbdefault\u00a0\u00bb text_line_height=\u00a0\u00bb1.6em\u00a0\u00bb header_6_font=\u00a0\u00bbChivo||||||||\u00a0\u00bb header_6_font_size=\u00a0\u00bb17px\u00a0\u00bb header_6_line_height=\u00a0\u00bb1.6em\u00a0\u00bb hover_enabled=\u00a0\u00bb0&Prime; locked=\u00a0\u00bboff\u00a0\u00bb global_colors_info=\u00a0\u00bb{}\u00a0\u00bb sticky_enabled=\u00a0\u00bb0&Prime;]<\/p>\n<section>\n<h1>Conditions g\u00e9n\u00e9rales d\u2019utilisation<\/h1>\n<p><strong>En vigueur \u00e0 compter du 1er juillet 2025<\/strong><\/p>\n<p>Le Centre de Cr\u00e9ation Interstitielle (ci-apr\u00e8s \u00ab ce-ci \u00bb) s\u2019efforce de fournir des informations pr\u00e9cises et actualis\u00e9es. Toutefois, certaines d\u2019entre elles peuvent \u00eatre incompl\u00e8tes ou non garanties. Il est conseill\u00e9 aux usagers de nous contacter pour v\u00e9rifier si des informations compl\u00e9mentaires sont disponibles ou n\u00e9cessaires.<\/p>\n<p>ce-ci ne peut \u00eatre tenu responsable de la disponibilit\u00e9 ou des contenus des sites autres que les siens qui apparaissent en lien. Les contenus de ce site sont fournis \u00e0 titre indicatif et peuvent \u00eatre modifi\u00e9s \u00e0 tout moment, sans pr\u00e9avis.<\/p>\n<p>ce-ci d\u00e9cline toute responsabilit\u00e9 pour tous dommages, directs et\/ou indirects, caus\u00e9s par l\u2019acc\u00e8s ou l\u2019impossibilit\u00e9 d\u2019acc\u00e9der au site, ou encore par l\u2019utilisation des informations qui y figurent.<\/p>\n<\/section>\n<section>\n<h2>Mentions l\u00e9gales<\/h2>\n<p>Le site <strong>www.ce-ci.fr<\/strong> est \u00e9dit\u00e9 et g\u00e9r\u00e9 par le Centre de Cr\u00e9ation Interstitielle (ce-ci).<\/p>\n<p>Directeur de la publication : le repr\u00e9sentant l\u00e9gal de ce-ci<\/p>\n<p>H\u00e9bergeur : 1&amp;1<\/p>\n<p>Maintenance technique : ce-ci<\/p>\n<p>Conception graphique : Michele Caleffi<\/p>\n<p>R\u00e9alisation technique : ce-ci<\/p>\n<\/section>\n<section>\n<h2>Champ d\u2019application<\/h2>\n<p>Les pr\u00e9sentes conditions g\u00e9n\u00e9rales d\u2019utilisation s\u2019appliquent \u00e0 tout site, plateforme ou application \u00e9dit\u00e9e par ce-ci, accessible via www.ce-ci.fr.<\/p>\n<p>L\u2019utilisation du site vaut acceptation des CGU en vigueur \u00e0 la date de la navigation. ce-ci se r\u00e9serve le droit de les modifier \u00e0 tout moment.<\/p>\n<\/section>\n<section>\n<h2>Mineurs<\/h2>\n<p>Les personnes mineures peuvent utiliser le site avec l\u2019autorisation et sous la responsabilit\u00e9 de leur repr\u00e9sentant l\u00e9gal.<\/p>\n<\/section>\n<section>\n<h2>Propri\u00e9t\u00e9 intellectuelle<\/h2>\n<p>Tout le contenu du site est prot\u00e9g\u00e9 par le droit de la propri\u00e9t\u00e9 intellectuelle. Toute reproduction ou utilisation sans autorisation est interdite. ce-ci accorde uniquement un droit personnel, non-exclusif et non-transf\u00e9rable d\u2019utilisation du site pour un usage strictement personnel.<\/p>\n<\/section>\n<section>\n<h2>Donn\u00e9es personnelles<\/h2>\n<p>ce-ci collecte des donn\u00e9es personnelles dans le respect de la l\u00e9gislation en vigueur. Pour exercer vos droits, contactez : <a href=\"mailto:info@ce-ci.fr\">info@ce-ci.fr<\/a>.<\/p>\n<p>Pour plus d\u2019informations, consultez notre politique de confidentialit\u00e9.<\/p>\n<\/section>\n<section>\n<h2>Liens hypertextes<\/h2>\n<p>Le site peut contenir des liens vers des sites tiers. ce-ci d\u00e9cline toute responsabilit\u00e9 quant \u00e0 leur contenu ou disponibilit\u00e9.<\/p>\n<\/section>\n<section>\n<h2>Responsabilit\u00e9s<\/h2>\n<h3>Responsabilit\u00e9 de l\u2019utilisateur<\/h3>\n<p>L\u2019utilisateur s\u2019engage \u00e0 respecter les r\u00e8gles d\u2019usage du site et \u00e0 ne pas nuire \u00e0 ce-ci, aux autres utilisateurs, ou \u00e0 des tiers.<\/p>\n<h3>Responsabilit\u00e9 de ce-ci<\/h3>\n<p>ce-ci met tout en \u0153uvre pour assurer un service fiable mais ne peut garantir l\u2019absence d\u2019erreurs, d\u2019interruptions ou de pannes. L\u2019utilisateur reste responsable de la s\u00e9curit\u00e9 de son propre \u00e9quipement.<\/p>\n<\/section>\n<section>\n<h2>Droit applicable \u2013 Litiges<\/h2>\n<p>Les pr\u00e9sentes CGU sont r\u00e9gies par le droit fran\u00e7ais. Tout diff\u00e9rend sera d\u2019abord recherch\u00e9 \u00e0 l\u2019amiable. \u00c0 d\u00e9faut, les tribunaux fran\u00e7ais seront comp\u00e9tents.<\/p>\n<\/section>\n<section>\n<h2>Divers<\/h2>\n<p>Si une disposition est jug\u00e9e invalide, les autres restent applicables. Le fait pour ce-ci de ne pas appliquer une clause ne constitue pas une renonciation.<\/p>\n<\/section>\n<section>\n<h2>Informations techniques<\/h2>\n<p>Le secret des correspondances n\u2019est pas garanti sur Internet. Le site n\u2019utilise pas de cookies.<\/p>\n<\/section>\n<section>\n<h2>Contact<\/h2>\n<p>Pour toute question ou r\u00e9clamation, vous pouvez \u00e9crire \u00e0 : <a href=\"mailto:info@ce-ci.fr\">info@ce-ci.fr<\/a><\/p>\n<\/section>\n<p>[\/et_pb_text][\/et_pb_column][et_pb_column type=\u00a0\u00bb1_2&Prime; _builder_version=\u00a0\u00bb4.27.4&Prime; _module_preset=\u00a0\u00bbdefault\u00a0\u00bb background_enable_color=\u00a0\u00bboff\u00a0\u00bb custom_padding=\u00a0\u00bb||||false|false\u00a0\u00bb custom_css_main_element=\u00a0\u00bbmargin: auto;\u00a0\u00bb global_colors_info=\u00a0\u00bb{}\u00a0\u00bb][et_pb_image src=\u00a0\u00bbhttps:\/\/ce-ci.fr\/wp-content\/uploads\/2025\/07\/DSC09133.jpg\u00a0\u00bb title_text=\u00a0\u00bbCGU\u00a0\u00bb force_fullwidth=\u00a0\u00bbon\u00a0\u00bb align_tablet=\u00a0\u00bbcenter\u00a0\u00bb align_phone=\u00a0\u00bbcenter\u00a0\u00bb align_last_edited=\u00a0\u00bbon|desktop\u00a0\u00bb _builder_version=\u00a0\u00bb4.27.4&Prime; _module_preset=\u00a0\u00bbdefault\u00a0\u00bb background_enable_color=\u00a0\u00bboff\u00a0\u00bb max_width_tablet=\u00a0\u00bb80vw\u00a0\u00bb max_width_phone=\u00a0\u00bb80vw\u00a0\u00bb max_width_last_edited=\u00a0\u00bbon|phone\u00a0\u00bb max_height_tablet=\u00a0\u00bb80vh\u00a0\u00bb max_height_phone=\u00a0\u00bb80vh\u00a0\u00bb max_height_last_edited=\u00a0\u00bbon|phone\u00a0\u00bb custom_margin=\u00a0\u00bb||0px||false|false\u00a0\u00bb custom_padding=\u00a0\u00bb||||false|false\u00a0\u00bb filter_saturate=\u00a0\u00bb0%\u00a0\u00bb filter_contrast=\u00a0\u00bb105%\u00a0\u00bb module_alignment_tablet=\u00a0\u00bb\u00a0\u00bb module_alignment_phone=\u00a0\u00bbcenter\u00a0\u00bb module_alignment_last_edited=\u00a0\u00bbon|desktop\u00a0\u00bb global_colors_info=\u00a0\u00bb{}\u00a0\u00bb][\/et_pb_image][et_pb_text _builder_version=\u00a0\u00bb4.27.4&Prime; _module_preset=\u00a0\u00bbdefault\u00a0\u00bb text_text_color=\u00a0\u00bb#6B6B6B\u00a0\u00bb text_font_size=\u00a0\u00bb14px\u00a0\u00bb text_font_size_tablet=\u00a0\u00bb14px\u00a0\u00bb text_font_size_phone=\u00a0\u00bb13px\u00a0\u00bb text_font_size_last_edited=\u00a0\u00bbon|phone\u00a0\u00bb global_colors_info=\u00a0\u00bb{}\u00a0\u00bb]<\/p>\n<p style=\"text-align: center;\">Photo credit: Michele Caleffi<\/p>\n<p>[\/et_pb_text][\/et_pb_column][\/et_pb_row][\/et_pb_section]<\/p>","protected":false},"excerpt":{"rendered":"<p>Conditions g\u00e9n\u00e9rales d\u2019utilisation En vigueur \u00e0 compter du 1er juillet 2025 Le Centre de Cr\u00e9ation Interstitielle (ci-apr\u00e8s \u00ab ce-ci \u00bb) s\u2019efforce de fournir des informations pr\u00e9cises et actualis\u00e9es. Toutefois, certaines d\u2019entre elles peuvent \u00eatre incompl\u00e8tes ou non garanties. Il est conseill\u00e9 aux usagers de nous contacter pour v\u00e9rifier si des informations compl\u00e9mentaires sont disponibles ou [&hellip;]<\/p>","protected":false},"author":1,"featured_media":0,"parent":0,"menu_order":0,"comment_status":"closed","ping_status":"closed","template":"","meta":{"_et_pb_use_builder":"on","_et_pb_old_content":"","_et_gb_content_width":"","content-type":"","footnotes":""},"class_list":["post-1450","page","type-page","status-publish","hentry"],"yoast_head":"<!-- This site is optimized with the Yoast SEO plugin v26.2 - https:\/\/yoast.com\/wordpress\/plugins\/seo\/ -->\n<title>CGU - ce-ci<\/title>\n<meta name=\"robots\" content=\"index, follow, max-snippet:-1, max-image-preview:large, max-video-preview:-1\" \/>\n<link rel=\"canonical\" href=\"https:\/\/ce-ci.fr\/en\/cgu\/\" \/>\n<meta property=\"og:locale\" content=\"en_GB\" \/>\n<meta property=\"og:type\" content=\"article\" \/>\n<meta property=\"og:title\" content=\"CGU - ce-ci\" \/>\n<meta property=\"og:description\" content=\"Conditions g\u00e9n\u00e9rales d\u2019utilisation En vigueur \u00e0 compter du 1er juillet 2025 Le Centre de Cr\u00e9ation Interstitielle (ci-apr\u00e8s \u00ab ce-ci \u00bb) s\u2019efforce de fournir des informations pr\u00e9cises et actualis\u00e9es. Toutefois, certaines d\u2019entre elles peuvent \u00eatre incompl\u00e8tes ou non garanties. Il est conseill\u00e9 aux usagers de nous contacter pour v\u00e9rifier si des informations compl\u00e9mentaires sont disponibles ou [&hellip;]\" \/>\n<meta property=\"og:url\" content=\"https:\/\/ce-ci.fr\/en\/cgu\/\" \/>\n<meta property=\"og:site_name\" content=\"ce-ci\" \/>\n<meta property=\"article:modified_time\" content=\"2025-07-01T22:40:26+00:00\" \/>\n<meta name=\"twitter:card\" content=\"summary_large_image\" \/>\n<meta name=\"twitter:label1\" content=\"Estimated reading time\" \/>\n\t<meta name=\"twitter:data1\" content=\"4 minutes\" \/>\n<script type=\"application\/ld+json\" class=\"yoast-schema-graph\">{\"@context\":\"https:\/\/schema.org\",\"@graph\":[{\"@type\":\"WebPage\",\"@id\":\"https:\/\/ce-ci.fr\/cgu\/\",\"url\":\"https:\/\/ce-ci.fr\/cgu\/\",\"name\":\"CGU - ce-ci\",\"isPartOf\":{\"@id\":\"https:\/\/ce-ci.fr\/#website\"},\"datePublished\":\"2025-07-01T22:14:20+00:00\",\"dateModified\":\"2025-07-01T22:40:26+00:00\",\"breadcrumb\":{\"@id\":\"https:\/\/ce-ci.fr\/cgu\/#breadcrumb\"},\"inLanguage\":\"en-GB\",\"potentialAction\":[{\"@type\":\"ReadAction\",\"target\":[\"https:\/\/ce-ci.fr\/cgu\/\"]}]},{\"@type\":\"BreadcrumbList\",\"@id\":\"https:\/\/ce-ci.fr\/cgu\/#breadcrumb\",\"itemListElement\":[{\"@type\":\"ListItem\",\"position\":1,\"name\":\"Home\",\"item\":\"https:\/\/ce-ci.fr\/\"},{\"@type\":\"ListItem\",\"position\":2,\"name\":\"CGU\"}]},{\"@type\":\"WebSite\",\"@id\":\"https:\/\/ce-ci.fr\/#website\",\"url\":\"https:\/\/ce-ci.fr\/\",\"name\":\"ce-ci\",\"description\":\"Centre de Cr\u00e9ation Interstitielle\",\"potentialAction\":[{\"@type\":\"SearchAction\",\"target\":{\"@type\":\"EntryPoint\",\"urlTemplate\":\"https:\/\/ce-ci.fr\/?s={search_term_string}\"},\"query-input\":{\"@type\":\"PropertyValueSpecification\",\"valueRequired\":true,\"valueName\":\"search_term_string\"}}],\"inLanguage\":\"en-GB\"}]}<\/script>\n<!-- \/ Yoast SEO plugin. -->","yoast_head_json":{"title":"CGU - ce-ci","robots":{"index":"index","follow":"follow","max-snippet":"max-snippet:-1","max-image-preview":"max-image-preview:large","max-video-preview":"max-video-preview:-1"},"canonical":"https:\/\/ce-ci.fr\/en\/cgu\/","og_locale":"en_GB","og_type":"article","og_title":"CGU - ce-ci","og_description":"Conditions g\u00e9n\u00e9rales d\u2019utilisation En vigueur \u00e0 compter du 1er juillet 2025 Le Centre de Cr\u00e9ation Interstitielle (ci-apr\u00e8s \u00ab ce-ci \u00bb) s\u2019efforce de fournir des informations pr\u00e9cises et actualis\u00e9es. Toutefois, certaines d\u2019entre elles peuvent \u00eatre incompl\u00e8tes ou non garanties. Il est conseill\u00e9 aux usagers de nous contacter pour v\u00e9rifier si des informations compl\u00e9mentaires sont disponibles ou [&hellip;]","og_url":"https:\/\/ce-ci.fr\/en\/cgu\/","og_site_name":"ce-ci","article_modified_time":"2025-07-01T22:40:26+00:00","twitter_card":"summary_large_image","twitter_misc":{"Estimated reading time":"4 minutes"},"schema":{"@context":"https:\/\/schema.org","@graph":[{"@type":"WebPage","@id":"https:\/\/ce-ci.fr\/cgu\/","url":"https:\/\/ce-ci.fr\/cgu\/","name":"CGU - ce-ci","isPartOf":{"@id":"https:\/\/ce-ci.fr\/#website"},"datePublished":"2025-07-01T22:14:20+00:00","dateModified":"2025-07-01T22:40:26+00:00","breadcrumb":{"@id":"https:\/\/ce-ci.fr\/cgu\/#breadcrumb"},"inLanguage":"en-GB","potentialAction":[{"@type":"ReadAction","target":["https:\/\/ce-ci.fr\/cgu\/"]}]},{"@type":"BreadcrumbList","@id":"https:\/\/ce-ci.fr\/cgu\/#breadcrumb","itemListElement":[{"@type":"ListItem","position":1,"name":"Home","item":"https:\/\/ce-ci.fr\/"},{"@type":"ListItem","position":2,"name":"CGU"}]},{"@type":"WebSite","@id":"https:\/\/ce-ci.fr\/#website","url":"https:\/\/ce-ci.fr\/","name":"ce-ci","description":"Centre de Cr\u00e9ation Interstitielle","potentialAction":[{"@type":"SearchAction","target":{"@type":"EntryPoint","urlTemplate":"https:\/\/ce-ci.fr\/?s={search_term_string}"},"query-input":{"@type":"PropertyValueSpecification","valueRequired":true,"valueName":"search_term_string"}}],"inLanguage":"en-GB"}]}},"_links":{"self":[{"href":"https:\/\/ce-ci.fr\/en\/wp-json\/wp\/v2\/pages\/1450","targetHints":{"allow":["GET"]}}],"collection":[{"href":"https:\/\/ce-ci.fr\/en\/wp-json\/wp\/v2\/pages"}],"about":[{"href":"https:\/\/ce-ci.fr\/en\/wp-json\/wp\/v2\/types\/page"}],"author":[{"embeddable":true,"href":"https:\/\/ce-ci.fr\/en\/wp-json\/wp\/v2\/users\/1"}],"replies":[{"embeddable":true,"href":"https:\/\/ce-ci.fr\/en\/wp-json\/wp\/v2\/comments?post=1450"}],"version-history":[{"count":7,"href":"https:\/\/ce-ci.fr\/en\/wp-json\/wp\/v2\/pages\/1450\/revisions"}],"predecessor-version":[{"id":1479,"href":"https:\/\/ce-ci.fr\/en\/wp-json\/wp\/v2\/pages\/1450\/revisions\/1479"}],"wp:attachment":[{"href":"https:\/\/ce-ci.fr\/en\/wp-json\/wp\/v2\/media?parent=1450"}],"curies":[{"name":"wp","href":"https:\/\/api.w.org\/{rel}","templated":true}]}}