{"id":203,"date":"2025-05-11T13:53:08","date_gmt":"2025-05-11T13:53:08","guid":{"rendered":"http:\/\/ce-ci.fr\/?page_id=203"},"modified":"2025-06-20T10:25:55","modified_gmt":"2025-06-20T10:25:55","slug":"manifeste","status":"publish","type":"page","link":"https:\/\/ce-ci.fr\/en\/manifeste\/","title":{"rendered":"manifesto"},"content":{"rendered":"<p>[et_pb_section fb_built=\u00a0\u00bb1&Prime; admin_label=\u00a0\u00bbHeader &#038; Contact Form\u00a0\u00bb _builder_version=\u00a0\u00bb4.27.4&Prime; _module_preset=\u00a0\u00bbdefault\u00a0\u00bb custom_margin=\u00a0\u00bb0px||0px||true|false\u00a0\u00bb custom_padding=\u00a0\u00bb0px||0px||true|false\u00a0\u00bb collapsed=\u00a0\u00bbon\u00a0\u00bb global_colors_info=\u00a0\u00bb{}\u00a0\u00bb][et_pb_row column_structure=\u00a0\u00bb1_2,1_2&Prime; use_custom_gutter=\u00a0\u00bbon\u00a0\u00bb make_equal=\u00a0\u00bbon\u00a0\u00bb _builder_version=\u00a0\u00bb4.27.4&Prime; _module_preset=\u00a0\u00bbdefault\u00a0\u00bb background_enable_color=\u00a0\u00bboff\u00a0\u00bb width=\u00a0\u00bb90vw\u00a0\u00bb width_tablet=\u00a0\u00bb90vw\u00a0\u00bb width_phone=\u00a0\u00bb90vw\u00a0\u00bb width_last_edited=\u00a0\u00bbon|desktop\u00a0\u00bb max_width=\u00a0\u00bbnone\u00a0\u00bb custom_margin=\u00a0\u00bb0px||0px||true|false\u00a0\u00bb custom_padding=\u00a0\u00bb0px||0px||true|false\u00a0\u00bb locked=\u00a0\u00bboff\u00a0\u00bb global_colors_info=\u00a0\u00bb{}\u00a0\u00bb][et_pb_column type=\u00a0\u00bb1_2&Prime; _builder_version=\u00a0\u00bb4.27.4&Prime; _module_preset=\u00a0\u00bbdefault\u00a0\u00bb custom_padding=\u00a0\u00bb60px|||6vw|false|false\u00a0\u00bb global_colors_info=\u00a0\u00bb{}\u00a0\u00bb][et_pb_text _builder_version=\u00a0\u00bb4.27.4&Prime; _module_preset=\u00a0\u00bbdefault\u00a0\u00bb text_line_height=\u00a0\u00bb1.6em\u00a0\u00bb header_6_font=\u00a0\u00bbChivo||||||||\u00a0\u00bb header_6_font_size=\u00a0\u00bb17px\u00a0\u00bb header_6_line_height=\u00a0\u00bb1.6em\u00a0\u00bb hover_enabled=\u00a0\u00bb0&Prime; locked=\u00a0\u00bboff\u00a0\u00bb global_colors_info=\u00a0\u00bb{}\u00a0\u00bb sticky_enabled=\u00a0\u00bb0&Prime;]<\/p>\n<h1>manifesto of interstitial creation<\/h1>\n<h2><\/h2>\n<h2>I. We dwell in interstices.<\/h2>\n<p class=\"translation-block\">In fertile cracks, open breaches, nameless areas where nothing is yet determined.\nFrom here, unexpected forms arise: felt knowledge, embodied thought, experiences without a manual.<\/p>\n<p>We create in dimly lit areas, at thresholds ; where categories waver.<\/p>\n<p>The in-between is a territory. It is a living space.<\/p>\n<p class=\"translation-block\">Interstitial creation is a state, not a method.\nIt is an existential act ; not something we do, but something we are.\nIt asks for watchfulness, for listening, for radical presence.\nIt unfolds in echo to our breathing, within the texture of the moment.\nIt does not seek to grasp or dominate reality ; rather to attune to it.<\/p>\n<p>We do not choose the in-between. It moves through us.<\/p>\n<h2>II. We reject straight lines.<\/h2>\n<p class=\"translation-block\">We are transdisciplinary, but above all, we are indisciplinary.\nWe do not obey fixed frameworks of knowledge or creation.\nWe do not submit to systems of assignment.\nWe flourish in the unstable and the incomplete, where live the stories we didn\u2019t know we knew.<\/p>\n<p class=\"translation-block\">We refuse fixed borders: between art and thought, between feeling and science, between the real and the imagined.\nWe resist anything that locks or divides ; for the interstice is movement, it is a crossing.\n\nWe desire no knowledge that is confined to its own ground, no creation that is detained in one place.<\/p>\n<p>Every attempt at erecting fences, by defining, objectifying or categorizing, leads us back to solid land, where there is no interstice.<\/p>\n<h2>III. We call to the texture of the world.<\/h2>\n<p class=\"translation-block\">Interstices are minute events in matter. They emerge from the slightest shift in the grain of reality. They call on all our senses. These almost invisible alterations in the texture of the everyday are our raw material.<\/p>\n<p>We are many, fragmentary, ever-changing. We weave connection from our fragmentation. For everything comes to life in-between.<\/p>\n<p>Interstitial creation does not point to a single direction. It opens walkable paths for others.<\/p>\n<p class=\"translation-block\">An interstice exists only for itself. It is not an example of anything. It does not illustrate. It does not model.<\/p>\n<p class=\"translation-block\">We call for interstitial jurisprudence. A way of doing justice to what eludes us.<\/p>\n<p>&nbsp;<\/p>\n<p>Paris, February 2nd, 2025.<\/p>\n<p>&nbsp;<\/p>\n<p>[\/et_pb_text][\/et_pb_column][et_pb_column type=\u00a0\u00bb1_2&Prime; _builder_version=\u00a0\u00bb4.27.4&Prime; _module_preset=\u00a0\u00bbdefault\u00a0\u00bb background_enable_color=\u00a0\u00bboff\u00a0\u00bb custom_padding=\u00a0\u00bb||||false|false\u00a0\u00bb custom_css_main_element=\u00a0\u00bbmargin: auto;\u00a0\u00bb global_colors_info=\u00a0\u00bb{}\u00a0\u00bb][et_pb_image src=\u00a0\u00bbhttps:\/\/ce-ci.fr\/wp-content\/uploads\/2025\/06\/hands-roots.jpg\u00a0\u00bb title_text=\u00a0\u00bbScreenshot\u00a0\u00bb force_fullwidth=\u00a0\u00bbon\u00a0\u00bb align_tablet=\u00a0\u00bbcenter\u00a0\u00bb align_phone=\u00a0\u00bbcenter\u00a0\u00bb align_last_edited=\u00a0\u00bbon|desktop\u00a0\u00bb _builder_version=\u00a0\u00bb4.27.4&Prime; _module_preset=\u00a0\u00bbdefault\u00a0\u00bb background_enable_color=\u00a0\u00bboff\u00a0\u00bb max_width_tablet=\u00a0\u00bb80vw\u00a0\u00bb max_width_phone=\u00a0\u00bb80vw\u00a0\u00bb max_width_last_edited=\u00a0\u00bbon|phone\u00a0\u00bb max_height_tablet=\u00a0\u00bb80vh\u00a0\u00bb max_height_phone=\u00a0\u00bb80vh\u00a0\u00bb max_height_last_edited=\u00a0\u00bbon|phone\u00a0\u00bb custom_margin=\u00a0\u00bb||0px||false|false\u00a0\u00bb custom_padding=\u00a0\u00bb||||false|false\u00a0\u00bb filter_saturate=\u00a0\u00bb0%\u00a0\u00bb filter_contrast=\u00a0\u00bb105%\u00a0\u00bb module_alignment_tablet=\u00a0\u00bb\u00a0\u00bb module_alignment_phone=\u00a0\u00bbcenter\u00a0\u00bb module_alignment_last_edited=\u00a0\u00bbon|desktop\u00a0\u00bb global_colors_info=\u00a0\u00bb{}\u00a0\u00bb][\/et_pb_image][et_pb_text _builder_version=\u00a0\u00bb4.27.4&Prime; _module_preset=\u00a0\u00bbdefault\u00a0\u00bb text_text_color=\u00a0\u00bb#6B6B6B\u00a0\u00bb text_font_size=\u00a0\u00bb14px\u00a0\u00bb hover_enabled=\u00a0\u00bb0&Prime; text_font_size_tablet=\u00a0\u00bb14px\u00a0\u00bb text_font_size_phone=\u00a0\u00bb13px\u00a0\u00bb text_font_size_last_edited=\u00a0\u00bbon|phone\u00a0\u00bb global_colors_info=\u00a0\u00bb{}\u00a0\u00bb sticky_enabled=\u00a0\u00bb0&Prime;]<\/p>\n<p style=\"text-align: center;\">Photo credit: Michele Caleffi<\/p>\n<p>[\/et_pb_text][\/et_pb_column][\/et_pb_row][\/et_pb_section]<\/p>","protected":false},"excerpt":{"rendered":"<p>manifeste de la cr\u00e9ation interstitielle I. Nous habitons les interstices. Ces failles fertiles, ces br\u00e8ches, ces zones sans nom o\u00f9 rien n\u2019est encore fig\u00e9.C\u2019est l\u00e0 que surgissent les formes inattendues : savoirs sensibles, pens\u00e9es incarn\u00e9es, exp\u00e9riences sans mode d\u2019emploi. Nous cr\u00e9ons dans les espaces flous, les seuils \u2014 l\u00e0 o\u00f9 les cat\u00e9gories vacillent. L\u2019entre-deux est [&hellip;]<\/p>","protected":false},"author":1,"featured_media":0,"parent":0,"menu_order":0,"comment_status":"closed","ping_status":"closed","template":"","meta":{"_et_pb_use_builder":"on","_et_pb_old_content":"","_et_gb_content_width":"","content-type":"","footnotes":""},"class_list":["post-203","page","type-page","status-publish","hentry"],"yoast_head":"<!-- This site is optimized with the Yoast SEO plugin v26.2 - https:\/\/yoast.com\/wordpress\/plugins\/seo\/ -->\n<title>manifeste - ce-ci<\/title>\n<meta name=\"robots\" content=\"index, follow, max-snippet:-1, max-image-preview:large, max-video-preview:-1\" \/>\n<link rel=\"canonical\" href=\"https:\/\/ce-ci.fr\/en\/manifeste\/\" \/>\n<meta property=\"og:locale\" content=\"en_GB\" \/>\n<meta property=\"og:type\" content=\"article\" \/>\n<meta property=\"og:title\" content=\"manifeste - ce-ci\" \/>\n<meta property=\"og:description\" content=\"manifeste de la cr\u00e9ation interstitielle I. Nous habitons les interstices. Ces failles fertiles, ces br\u00e8ches, ces zones sans nom o\u00f9 rien n\u2019est encore fig\u00e9.C\u2019est l\u00e0 que surgissent les formes inattendues : savoirs sensibles, pens\u00e9es incarn\u00e9es, exp\u00e9riences sans mode d\u2019emploi. Nous cr\u00e9ons dans les espaces flous, les seuils \u2014 l\u00e0 o\u00f9 les cat\u00e9gories vacillent. L\u2019entre-deux est [&hellip;]\" \/>\n<meta property=\"og:url\" content=\"https:\/\/ce-ci.fr\/en\/manifeste\/\" \/>\n<meta property=\"og:site_name\" content=\"ce-ci\" \/>\n<meta property=\"article:modified_time\" content=\"2025-06-20T10:25:55+00:00\" \/>\n<meta name=\"twitter:card\" content=\"summary_large_image\" \/>\n<meta name=\"twitter:label1\" content=\"Estimated reading time\" \/>\n\t<meta name=\"twitter:data1\" content=\"4 minutes\" \/>\n<script type=\"application\/ld+json\" class=\"yoast-schema-graph\">{\"@context\":\"https:\/\/schema.org\",\"@graph\":[{\"@type\":\"WebPage\",\"@id\":\"https:\/\/ce-ci.fr\/manifeste\/\",\"url\":\"https:\/\/ce-ci.fr\/manifeste\/\",\"name\":\"manifeste - ce-ci\",\"isPartOf\":{\"@id\":\"https:\/\/ce-ci.fr\/#website\"},\"datePublished\":\"2025-05-11T13:53:08+00:00\",\"dateModified\":\"2025-06-20T10:25:55+00:00\",\"breadcrumb\":{\"@id\":\"https:\/\/ce-ci.fr\/manifeste\/#breadcrumb\"},\"inLanguage\":\"en-GB\",\"potentialAction\":[{\"@type\":\"ReadAction\",\"target\":[\"https:\/\/ce-ci.fr\/manifeste\/\"]}]},{\"@type\":\"BreadcrumbList\",\"@id\":\"https:\/\/ce-ci.fr\/manifeste\/#breadcrumb\",\"itemListElement\":[{\"@type\":\"ListItem\",\"position\":1,\"name\":\"Home\",\"item\":\"https:\/\/ce-ci.fr\/\"},{\"@type\":\"ListItem\",\"position\":2,\"name\":\"manifeste\"}]},{\"@type\":\"WebSite\",\"@id\":\"https:\/\/ce-ci.fr\/#website\",\"url\":\"https:\/\/ce-ci.fr\/\",\"name\":\"ce-ci\",\"description\":\"Centre de Cr\u00e9ation Interstitielle\",\"potentialAction\":[{\"@type\":\"SearchAction\",\"target\":{\"@type\":\"EntryPoint\",\"urlTemplate\":\"https:\/\/ce-ci.fr\/?s={search_term_string}\"},\"query-input\":{\"@type\":\"PropertyValueSpecification\",\"valueRequired\":true,\"valueName\":\"search_term_string\"}}],\"inLanguage\":\"en-GB\"}]}<\/script>\n<!-- \/ Yoast SEO plugin. -->","yoast_head_json":{"title":"manifeste - ce-ci","robots":{"index":"index","follow":"follow","max-snippet":"max-snippet:-1","max-image-preview":"max-image-preview:large","max-video-preview":"max-video-preview:-1"},"canonical":"https:\/\/ce-ci.fr\/en\/manifeste\/","og_locale":"en_GB","og_type":"article","og_title":"manifeste - ce-ci","og_description":"manifeste de la cr\u00e9ation interstitielle I. Nous habitons les interstices. Ces failles fertiles, ces br\u00e8ches, ces zones sans nom o\u00f9 rien n\u2019est encore fig\u00e9.C\u2019est l\u00e0 que surgissent les formes inattendues : savoirs sensibles, pens\u00e9es incarn\u00e9es, exp\u00e9riences sans mode d\u2019emploi. Nous cr\u00e9ons dans les espaces flous, les seuils \u2014 l\u00e0 o\u00f9 les cat\u00e9gories vacillent. L\u2019entre-deux est [&hellip;]","og_url":"https:\/\/ce-ci.fr\/en\/manifeste\/","og_site_name":"ce-ci","article_modified_time":"2025-06-20T10:25:55+00:00","twitter_card":"summary_large_image","twitter_misc":{"Estimated reading time":"4 minutes"},"schema":{"@context":"https:\/\/schema.org","@graph":[{"@type":"WebPage","@id":"https:\/\/ce-ci.fr\/manifeste\/","url":"https:\/\/ce-ci.fr\/manifeste\/","name":"manifeste - ce-ci","isPartOf":{"@id":"https:\/\/ce-ci.fr\/#website"},"datePublished":"2025-05-11T13:53:08+00:00","dateModified":"2025-06-20T10:25:55+00:00","breadcrumb":{"@id":"https:\/\/ce-ci.fr\/manifeste\/#breadcrumb"},"inLanguage":"en-GB","potentialAction":[{"@type":"ReadAction","target":["https:\/\/ce-ci.fr\/manifeste\/"]}]},{"@type":"BreadcrumbList","@id":"https:\/\/ce-ci.fr\/manifeste\/#breadcrumb","itemListElement":[{"@type":"ListItem","position":1,"name":"Home","item":"https:\/\/ce-ci.fr\/"},{"@type":"ListItem","position":2,"name":"manifeste"}]},{"@type":"WebSite","@id":"https:\/\/ce-ci.fr\/#website","url":"https:\/\/ce-ci.fr\/","name":"ce-ci","description":"Centre de Cr\u00e9ation Interstitielle","potentialAction":[{"@type":"SearchAction","target":{"@type":"EntryPoint","urlTemplate":"https:\/\/ce-ci.fr\/?s={search_term_string}"},"query-input":{"@type":"PropertyValueSpecification","valueRequired":true,"valueName":"search_term_string"}}],"inLanguage":"en-GB"}]}},"_links":{"self":[{"href":"https:\/\/ce-ci.fr\/en\/wp-json\/wp\/v2\/pages\/203","targetHints":{"allow":["GET"]}}],"collection":[{"href":"https:\/\/ce-ci.fr\/en\/wp-json\/wp\/v2\/pages"}],"about":[{"href":"https:\/\/ce-ci.fr\/en\/wp-json\/wp\/v2\/types\/page"}],"author":[{"embeddable":true,"href":"https:\/\/ce-ci.fr\/en\/wp-json\/wp\/v2\/users\/1"}],"replies":[{"embeddable":true,"href":"https:\/\/ce-ci.fr\/en\/wp-json\/wp\/v2\/comments?post=203"}],"version-history":[{"count":14,"href":"https:\/\/ce-ci.fr\/en\/wp-json\/wp\/v2\/pages\/203\/revisions"}],"predecessor-version":[{"id":1292,"href":"https:\/\/ce-ci.fr\/en\/wp-json\/wp\/v2\/pages\/203\/revisions\/1292"}],"wp:attachment":[{"href":"https:\/\/ce-ci.fr\/en\/wp-json\/wp\/v2\/media?parent=203"}],"curies":[{"name":"wp","href":"https:\/\/api.w.org\/{rel}","templated":true}]}}