{"id":297,"date":"2025-05-25T20:12:22","date_gmt":"2025-05-25T20:12:22","guid":{"rendered":"http:\/\/ce-ci.fr\/?page_id=297"},"modified":"2025-07-01T09:13:35","modified_gmt":"2025-07-01T09:13:35","slug":"glossaire","status":"publish","type":"page","link":"https:\/\/ce-ci.fr\/en\/glossaire\/","title":{"rendered":"glossary"},"content":{"rendered":"<p>[et_pb_section fb_built=\u00a0\u00bb1&Prime; admin_label=\u00a0\u00bbHeader &#038; Contact Form\u00a0\u00bb _builder_version=\u00a0\u00bb4.27.4&Prime; _module_preset=\u00a0\u00bbdefault\u00a0\u00bb custom_margin=\u00a0\u00bb0px||0px||true|false\u00a0\u00bb custom_padding=\u00a0\u00bb0px||0px||true|false\u00a0\u00bb collapsed=\u00a0\u00bbon\u00a0\u00bb global_colors_info=\u00a0\u00bb{}\u00a0\u00bb][et_pb_row column_structure=\u00a0\u00bb1_2,1_2&Prime; use_custom_gutter=\u00a0\u00bbon\u00a0\u00bb make_equal=\u00a0\u00bbon\u00a0\u00bb _builder_version=\u00a0\u00bb4.27.4&Prime; _module_preset=\u00a0\u00bbdefault\u00a0\u00bb background_enable_color=\u00a0\u00bboff\u00a0\u00bb width=\u00a0\u00bb90vw\u00a0\u00bb width_tablet=\u00a0\u00bb90vw\u00a0\u00bb width_phone=\u00a0\u00bb90vw\u00a0\u00bb width_last_edited=\u00a0\u00bbon|desktop\u00a0\u00bb max_width=\u00a0\u00bbnone\u00a0\u00bb custom_margin=\u00a0\u00bb0px||0px||true|false\u00a0\u00bb custom_padding=\u00a0\u00bb0px||0px||true|false\u00a0\u00bb locked=\u00a0\u00bboff\u00a0\u00bb global_colors_info=\u00a0\u00bb{}\u00a0\u00bb][et_pb_column type=\u00a0\u00bb1_2&Prime; _builder_version=\u00a0\u00bb4.27.4&Prime; _module_preset=\u00a0\u00bbdefault\u00a0\u00bb custom_padding=\u00a0\u00bb60px|||6vw|false|false\u00a0\u00bb global_colors_info=\u00a0\u00bb{}\u00a0\u00bb][et_pb_text _builder_version=\u00a0\u00bb4.27.4&Prime; _module_preset=\u00a0\u00bbdefault\u00a0\u00bb text_line_height=\u00a0\u00bb1.6em\u00a0\u00bb header_6_font=\u00a0\u00bbChivo||||||||\u00a0\u00bb header_6_font_size=\u00a0\u00bb17px\u00a0\u00bb header_6_line_height=\u00a0\u00bb1.6em\u00a0\u00bb locked=\u00a0\u00bboff\u00a0\u00bb global_colors_info=\u00a0\u00bb{}\u00a0\u00bb]<\/p>\n<h1>glossary<\/h1>\n<p class=\"translation-block\"><span style=\"color: #8300e9\">Interstitial artist<\/span>: an interstitial artist lives in the space between things. They meet three criteria at once:<\/p>\n<ul>\n<li>they create by being more than by doing<\/li>\n<li>they open doors for others into the space between things<\/li>\n<li>they choose to stay in those in-between spaces, rather than always returning to the solid ground.<\/li>\n<\/ul>\n<p class=\"translation-block\"><span style=\"color: #8300e9\">Solid grounds<\/span>: the familiar, mapped territories of knowledge: categories, disciplines, norms, cultures, professions, identities, stories, and systems. They are the places where things feel stable, ordered, and named, shaped by analysis, rules, and definitions.<\/p>\n<p class=\"translation-block\"><span style=\"color: #8300e9\">New narratives<\/span>: emerging ways of thinking, living, and creating that take shape from the in-between spaces. They often come about from friction between elements that resist fixed forms, that shift, transform and move continuously.<\/p>\n<p class=\"translation-block\"><span style=\"color: #8300e9\">Dynamic matter<\/span>: intangible, living material that exists in the interstices, impossible to pin down or possess. Trying to name its attributes exhaustively always falls short, but it might show up as bearing resemblance to the following: porosity, resonance, revelation, plasticity, fluidity, decentering. The interstitial artist works by sensing, moving with, and activating this matter.<\/p>\n<p class=\"translation-block\"><span style=\"color: #8300e9\">Interstitial gathering<\/span>: a conversation between two or more artists, practitioners, researchers, and thinkers, grounded in real life and shared experience. It\u2019s a space for thoughtful, embodied dialogue that helps shape and carry forward interstitial research. An interstitial gathering is always public in a broad sense: whether it happens in private or with an audience, it leaves an open, shareable trace such as a text, a podcast, a recording, a video.<\/p>\n<p class=\"translation-block\"><span style=\"color: #8300e9\">Non-exhaustivity<\/span>: a core principle of interstitial creation. It doesn\u2019t try to say everything or hold everything. Every word, every gesture, every form is an opening, not a conclusion. What is left unsaid or unseen is not a gap ; it\u2019s part of the whole. Non-exhaustivity is not incompletion, it is a form of accuracy.<\/p>\n<p class=\"translation-block\"><span style=\"color: #8300e9\">Interstitial jurisprudence<\/span>: a living framework that doesn\u2019t impose rules but holds the memory of a passage: the passage an artistic, ethical, or relational gesture that has moved through the undefined with care and clarity. Each interstitial gesture creates a precedent \u2014 not something to copy, but something that can be carried forward in spirit. Interstitial jurisprudence doesn\u2019t create laws; it holds precedents. It gives weight to quiet acts that shift boundaries without needing to redraw the latter entirely. It\u2019s a way of recognizing and honoring what is situated, singular, and hard to define, but deeply real and valid.<\/p>\n<p>&nbsp;<\/p>\n<p>[\/et_pb_text][\/et_pb_column][et_pb_column type=\u00a0\u00bb1_2&Prime; _builder_version=\u00a0\u00bb4.27.4&Prime; _module_preset=\u00a0\u00bbdefault\u00a0\u00bb background_enable_color=\u00a0\u00bboff\u00a0\u00bb custom_padding=\u00a0\u00bb||||false|false\u00a0\u00bb custom_css_main_element=\u00a0\u00bbmargin: auto;\u00a0\u00bb global_colors_info=\u00a0\u00bb{}\u00a0\u00bb][et_pb_image src=\u00a0\u00bbhttps:\/\/ce-ci.fr\/wp-content\/uploads\/2025\/06\/PHOTO-2025-05-12-11-54-55.jpg\u00a0\u00bb title_text=\u00a0\u00bbPHOTO-2025-05-12-11-54-55&Prime; align_tablet=\u00a0\u00bbcenter\u00a0\u00bb align_phone=\u00a0\u00bbcenter\u00a0\u00bb align_last_edited=\u00a0\u00bbon|desktop\u00a0\u00bb _builder_version=\u00a0\u00bb4.27.4&Prime; _module_preset=\u00a0\u00bbdefault\u00a0\u00bb background_enable_color=\u00a0\u00bboff\u00a0\u00bb max_width_tablet=\u00a0\u00bb80vw\u00a0\u00bb max_width_phone=\u00a0\u00bb80vw\u00a0\u00bb max_width_last_edited=\u00a0\u00bbon|phone\u00a0\u00bb max_height_tablet=\u00a0\u00bb80vh\u00a0\u00bb max_height_phone=\u00a0\u00bb80vh\u00a0\u00bb max_height_last_edited=\u00a0\u00bbon|phone\u00a0\u00bb custom_margin=\u00a0\u00bb||0px||false|false\u00a0\u00bb custom_padding=\u00a0\u00bb5vh||||false|false\u00a0\u00bb module_alignment_tablet=\u00a0\u00bb\u00a0\u00bb module_alignment_phone=\u00a0\u00bbcenter\u00a0\u00bb module_alignment_last_edited=\u00a0\u00bbon|desktop\u00a0\u00bb global_colors_info=\u00a0\u00bb{}\u00a0\u00bb][\/et_pb_image][et_pb_text _builder_version=\u00a0\u00bb4.27.4&Prime; _module_preset=\u00a0\u00bbdefault\u00a0\u00bb text_text_color=\u00a0\u00bb#6B6B6B\u00a0\u00bb text_font_size=\u00a0\u00bb14px\u00a0\u00bb hover_enabled=\u00a0\u00bb0&Prime; text_font_size_tablet=\u00a0\u00bb14px\u00a0\u00bb text_font_size_phone=\u00a0\u00bb13px\u00a0\u00bb text_font_size_last_edited=\u00a0\u00bbon|phone\u00a0\u00bb global_colors_info=\u00a0\u00bb{}\u00a0\u00bb sticky_enabled=\u00a0\u00bb0&Prime;]<\/p>\n<p data-start=\"324\" data-end=\"434\">Interstices of a suburban sprawl. Photo credit: Raul Corr\u00eaa-Smith.<\/p>\n<p data-start=\"436\" data-end=\"543\" data-is-last-node=\"\" data-is-only-node=\"\">[\/et_pb_text][\/et_pb_column][\/et_pb_row][\/et_pb_section]<\/p>","protected":false},"excerpt":{"rendered":"<p>glossaire Artiste interstitiel\u00b7le : un\u00b7e artiste interstitiel\u00b7le r\u00e9pond \u00e0 trois crit\u00e8res simultan\u00e9s : cr\u00e9e en \u00e9tant, plut\u00f4t qu\u2019en faisant ouvre des portes vers l\u2019espace entre les choses pour d\u2019autres personnes r\u00e9side durablement dans les interstices, entre les terres fermes Terres fermes : ensembles stabilis\u00e9s du connu : cat\u00e9gories, disciplines, normes, cultures, paradigmes, professions, identit\u00e9s, comportements [&hellip;]<\/p>","protected":false},"author":2,"featured_media":0,"parent":0,"menu_order":0,"comment_status":"closed","ping_status":"closed","template":"","meta":{"_et_pb_use_builder":"on","_et_pb_old_content":"","_et_gb_content_width":"","content-type":"","footnotes":""},"class_list":["post-297","page","type-page","status-publish","hentry"],"yoast_head":"<!-- This site is optimized with the Yoast SEO plugin v26.2 - https:\/\/yoast.com\/wordpress\/plugins\/seo\/ -->\n<title>glossaire - ce-ci<\/title>\n<meta name=\"robots\" content=\"index, follow, max-snippet:-1, max-image-preview:large, max-video-preview:-1\" \/>\n<link rel=\"canonical\" href=\"https:\/\/ce-ci.fr\/en\/glossaire\/\" \/>\n<meta property=\"og:locale\" content=\"en_GB\" \/>\n<meta property=\"og:type\" content=\"article\" \/>\n<meta property=\"og:title\" content=\"glossaire - ce-ci\" \/>\n<meta property=\"og:description\" content=\"glossaire Artiste interstitiel\u00b7le : un\u00b7e artiste interstitiel\u00b7le r\u00e9pond \u00e0 trois crit\u00e8res simultan\u00e9s : cr\u00e9e en \u00e9tant, plut\u00f4t qu\u2019en faisant ouvre des portes vers l\u2019espace entre les choses pour d\u2019autres personnes r\u00e9side durablement dans les interstices, entre les terres fermes Terres fermes : ensembles stabilis\u00e9s du connu : cat\u00e9gories, disciplines, normes, cultures, paradigmes, professions, identit\u00e9s, comportements [&hellip;]\" \/>\n<meta property=\"og:url\" content=\"https:\/\/ce-ci.fr\/en\/glossaire\/\" \/>\n<meta property=\"og:site_name\" content=\"ce-ci\" \/>\n<meta property=\"article:modified_time\" content=\"2025-07-01T09:13:35+00:00\" \/>\n<meta name=\"twitter:card\" content=\"summary_large_image\" \/>\n<meta name=\"twitter:label1\" content=\"Estimated reading time\" \/>\n\t<meta name=\"twitter:data1\" content=\"4 minutes\" \/>\n<script type=\"application\/ld+json\" class=\"yoast-schema-graph\">{\"@context\":\"https:\/\/schema.org\",\"@graph\":[{\"@type\":\"WebPage\",\"@id\":\"https:\/\/ce-ci.fr\/glossaire\/\",\"url\":\"https:\/\/ce-ci.fr\/glossaire\/\",\"name\":\"glossaire - ce-ci\",\"isPartOf\":{\"@id\":\"https:\/\/ce-ci.fr\/#website\"},\"datePublished\":\"2025-05-25T20:12:22+00:00\",\"dateModified\":\"2025-07-01T09:13:35+00:00\",\"breadcrumb\":{\"@id\":\"https:\/\/ce-ci.fr\/glossaire\/#breadcrumb\"},\"inLanguage\":\"en-GB\",\"potentialAction\":[{\"@type\":\"ReadAction\",\"target\":[\"https:\/\/ce-ci.fr\/glossaire\/\"]}]},{\"@type\":\"BreadcrumbList\",\"@id\":\"https:\/\/ce-ci.fr\/glossaire\/#breadcrumb\",\"itemListElement\":[{\"@type\":\"ListItem\",\"position\":1,\"name\":\"Home\",\"item\":\"https:\/\/ce-ci.fr\/\"},{\"@type\":\"ListItem\",\"position\":2,\"name\":\"glossaire\"}]},{\"@type\":\"WebSite\",\"@id\":\"https:\/\/ce-ci.fr\/#website\",\"url\":\"https:\/\/ce-ci.fr\/\",\"name\":\"ce-ci\",\"description\":\"Centre de Cr\u00e9ation Interstitielle\",\"potentialAction\":[{\"@type\":\"SearchAction\",\"target\":{\"@type\":\"EntryPoint\",\"urlTemplate\":\"https:\/\/ce-ci.fr\/?s={search_term_string}\"},\"query-input\":{\"@type\":\"PropertyValueSpecification\",\"valueRequired\":true,\"valueName\":\"search_term_string\"}}],\"inLanguage\":\"en-GB\"}]}<\/script>\n<!-- \/ Yoast SEO plugin. -->","yoast_head_json":{"title":"glossaire - ce-ci","robots":{"index":"index","follow":"follow","max-snippet":"max-snippet:-1","max-image-preview":"max-image-preview:large","max-video-preview":"max-video-preview:-1"},"canonical":"https:\/\/ce-ci.fr\/en\/glossaire\/","og_locale":"en_GB","og_type":"article","og_title":"glossaire - ce-ci","og_description":"glossaire Artiste interstitiel\u00b7le : un\u00b7e artiste interstitiel\u00b7le r\u00e9pond \u00e0 trois crit\u00e8res simultan\u00e9s : cr\u00e9e en \u00e9tant, plut\u00f4t qu\u2019en faisant ouvre des portes vers l\u2019espace entre les choses pour d\u2019autres personnes r\u00e9side durablement dans les interstices, entre les terres fermes Terres fermes : ensembles stabilis\u00e9s du connu : cat\u00e9gories, disciplines, normes, cultures, paradigmes, professions, identit\u00e9s, comportements [&hellip;]","og_url":"https:\/\/ce-ci.fr\/en\/glossaire\/","og_site_name":"ce-ci","article_modified_time":"2025-07-01T09:13:35+00:00","twitter_card":"summary_large_image","twitter_misc":{"Estimated reading time":"4 minutes"},"schema":{"@context":"https:\/\/schema.org","@graph":[{"@type":"WebPage","@id":"https:\/\/ce-ci.fr\/glossaire\/","url":"https:\/\/ce-ci.fr\/glossaire\/","name":"glossaire - ce-ci","isPartOf":{"@id":"https:\/\/ce-ci.fr\/#website"},"datePublished":"2025-05-25T20:12:22+00:00","dateModified":"2025-07-01T09:13:35+00:00","breadcrumb":{"@id":"https:\/\/ce-ci.fr\/glossaire\/#breadcrumb"},"inLanguage":"en-GB","potentialAction":[{"@type":"ReadAction","target":["https:\/\/ce-ci.fr\/glossaire\/"]}]},{"@type":"BreadcrumbList","@id":"https:\/\/ce-ci.fr\/glossaire\/#breadcrumb","itemListElement":[{"@type":"ListItem","position":1,"name":"Home","item":"https:\/\/ce-ci.fr\/"},{"@type":"ListItem","position":2,"name":"glossaire"}]},{"@type":"WebSite","@id":"https:\/\/ce-ci.fr\/#website","url":"https:\/\/ce-ci.fr\/","name":"ce-ci","description":"Centre de Cr\u00e9ation Interstitielle","potentialAction":[{"@type":"SearchAction","target":{"@type":"EntryPoint","urlTemplate":"https:\/\/ce-ci.fr\/?s={search_term_string}"},"query-input":{"@type":"PropertyValueSpecification","valueRequired":true,"valueName":"search_term_string"}}],"inLanguage":"en-GB"}]}},"_links":{"self":[{"href":"https:\/\/ce-ci.fr\/en\/wp-json\/wp\/v2\/pages\/297","targetHints":{"allow":["GET"]}}],"collection":[{"href":"https:\/\/ce-ci.fr\/en\/wp-json\/wp\/v2\/pages"}],"about":[{"href":"https:\/\/ce-ci.fr\/en\/wp-json\/wp\/v2\/types\/page"}],"author":[{"embeddable":true,"href":"https:\/\/ce-ci.fr\/en\/wp-json\/wp\/v2\/users\/2"}],"replies":[{"embeddable":true,"href":"https:\/\/ce-ci.fr\/en\/wp-json\/wp\/v2\/comments?post=297"}],"version-history":[{"count":13,"href":"https:\/\/ce-ci.fr\/en\/wp-json\/wp\/v2\/pages\/297\/revisions"}],"predecessor-version":[{"id":1421,"href":"https:\/\/ce-ci.fr\/en\/wp-json\/wp\/v2\/pages\/297\/revisions\/1421"}],"wp:attachment":[{"href":"https:\/\/ce-ci.fr\/en\/wp-json\/wp\/v2\/media?parent=297"}],"curies":[{"name":"wp","href":"https:\/\/api.w.org\/{rel}","templated":true}]}}