{"id":312,"date":"2025-05-25T19:58:03","date_gmt":"2025-05-25T19:58:03","guid":{"rendered":"http:\/\/ce-ci.fr\/?page_id=312"},"modified":"2025-07-02T08:40:27","modified_gmt":"2025-07-02T08:40:27","slug":"charte-ethique","status":"publish","type":"page","link":"https:\/\/ce-ci.fr\/en\/charte-ethique\/","title":{"rendered":"code of ethics"},"content":{"rendered":"<p>[et_pb_section fb_built=\u00a0\u00bb1&Prime; admin_label=\u00a0\u00bbHeader &#038; Contact Form\u00a0\u00bb _builder_version=\u00a0\u00bb4.27.4&Prime; _module_preset=\u00a0\u00bbdefault\u00a0\u00bb custom_margin=\u00a0\u00bb0px||0px||true|false\u00a0\u00bb custom_padding=\u00a0\u00bb0px||0px||true|false\u00a0\u00bb collapsed=\u00a0\u00bbon\u00a0\u00bb global_colors_info=\u00a0\u00bb{}\u00a0\u00bb][et_pb_row column_structure=\u00a0\u00bb1_2,1_2&Prime; use_custom_gutter=\u00a0\u00bbon\u00a0\u00bb make_equal=\u00a0\u00bbon\u00a0\u00bb _builder_version=\u00a0\u00bb4.27.4&Prime; _module_preset=\u00a0\u00bbdefault\u00a0\u00bb background_enable_color=\u00a0\u00bboff\u00a0\u00bb width=\u00a0\u00bb90vw\u00a0\u00bb width_tablet=\u00a0\u00bb90vw\u00a0\u00bb width_phone=\u00a0\u00bb90vw\u00a0\u00bb width_last_edited=\u00a0\u00bbon|desktop\u00a0\u00bb max_width=\u00a0\u00bbnone\u00a0\u00bb custom_margin=\u00a0\u00bb0px||0px||true|false\u00a0\u00bb custom_padding=\u00a0\u00bb0px||0px||true|false\u00a0\u00bb locked=\u00a0\u00bboff\u00a0\u00bb global_colors_info=\u00a0\u00bb{}\u00a0\u00bb][et_pb_column type=\u00a0\u00bb1_2&Prime; _builder_version=\u00a0\u00bb4.27.4&Prime; _module_preset=\u00a0\u00bbdefault\u00a0\u00bb custom_padding=\u00a0\u00bb60px|||6vw|false|false\u00a0\u00bb global_colors_info=\u00a0\u00bb{}\u00a0\u00bb][et_pb_text _builder_version=\u00a0\u00bb4.27.4&Prime; _module_preset=\u00a0\u00bbdefault\u00a0\u00bb text_line_height=\u00a0\u00bb1.6em\u00a0\u00bb header_6_font=\u00a0\u00bbChivo||||||||\u00a0\u00bb header_6_font_size=\u00a0\u00bb17px\u00a0\u00bb header_6_line_height=\u00a0\u00bb1.6em\u00a0\u00bb hover_enabled=\u00a0\u00bb0&Prime; locked=\u00a0\u00bboff\u00a0\u00bb global_colors_info=\u00a0\u00bb{}\u00a0\u00bb sticky_enabled=\u00a0\u00bb0&Prime;]<\/p>\n<h1>code of ethics<\/h1>\n<p>This code of ethics serves to apply the spirit of the manifesto of interstitial creation as practical operating principles for ce-ci. It guides our decision-making and our relationships.<\/p>\n<p>It is a living document: we re-evaluate it regularly to adapt to evolutions in our approach and in our ecosystems.<\/p>\n<p>&nbsp;<\/p>\n<h6>1. Forge new ways of knowing<\/h6>\n<p>Experimentation is essential to the emergence of new forms of knowledge, experiences, and ways of living. It must remain free from dogma and rigid frameworks, in order to open unexpected paths for understanding the world.<\/p>\n<h6>2. Recognize life as the primary source<\/h6>\n<p>We affirm our belonging to the living world and our interdependence with all forms of life, including animal, plant, mineral, fungal and microbial. Our actions and modes of production constantly reexamine our relationships with the ecosystems we are a part of.<\/p>\n<h6>3. Build what can\u2019t be built alone<\/h6>\n<p>Collaboration is our response to the complexity of the contemporary world. Each interaction has the power to make our understanding and perspectives more accurate. Our collaborations draw from current knowledge, ancestral wisdom, and forms of knowledge that do not yet exist.<\/p>\n<h6>4. Stand with the uncertain<\/h6>\n<p>We embrace the unfinished and the emergent for their intrinsic value. The undefined is not an obstacle but a resource, not a risk, but a solid foundation.<\/p>\n<h6>5. Deconstruct barriers<\/h6>\n<p>We reject closed circles and actively seek unexplored paths to question the limits built into our systems, whether social, cultural, disciplinary or epistemic. We value intersections and hybrid forms that challenge and transcend established categories.<\/p>\n<h6>6. Democratize art at last<\/h6>\n<p>We are committed to making our work accessible to everyone and to fostering a radical democratization of art. This means creating formats and presence both for those who are inside and outside the art world.<\/p>\n<h6>7. Protect our freedom to act<\/h6>\n<p>We reject any external influence that conflicts with our values. We maintain our independence from commercial, political, and ideological interests. Our economic model is designed to safeguard our freedom of action.<\/p>\n<p>Last updated on May 6th, 2025 in Paris.<\/p>\n<p>&nbsp;<\/p>\n<p>[\/et_pb_text][\/et_pb_column][et_pb_column type=\u00a0\u00bb1_2&Prime; _builder_version=\u00a0\u00bb4.27.4&Prime; _module_preset=\u00a0\u00bbdefault\u00a0\u00bb background_enable_color=\u00a0\u00bboff\u00a0\u00bb custom_padding=\u00a0\u00bb||||false|false\u00a0\u00bb custom_css_main_element=\u00a0\u00bbmargin: auto;\u00a0\u00bb global_colors_info=\u00a0\u00bb{}\u00a0\u00bb][et_pb_image src=\u00a0\u00bbhttps:\/\/ce-ci.fr\/wp-content\/uploads\/2025\/06\/group-tall-e1750262126749.jpg\u00a0\u00bb title_text=\u00a0\u00bbtall 290c2aa6-4c3d-4530-bbc8-d4ac76d88605&Prime; force_fullwidth=\u00a0\u00bbon\u00a0\u00bb align_tablet=\u00a0\u00bbcenter\u00a0\u00bb align_phone=\u00a0\u00bbcenter\u00a0\u00bb align_last_edited=\u00a0\u00bbon|desktop\u00a0\u00bb _builder_version=\u00a0\u00bb4.27.4&Prime; _module_preset=\u00a0\u00bbdefault\u00a0\u00bb background_enable_color=\u00a0\u00bboff\u00a0\u00bb max_width_tablet=\u00a0\u00bb80vw\u00a0\u00bb max_width_phone=\u00a0\u00bb80vw\u00a0\u00bb max_width_last_edited=\u00a0\u00bbon|phone\u00a0\u00bb max_height_tablet=\u00a0\u00bb80vh\u00a0\u00bb max_height_phone=\u00a0\u00bb80vh\u00a0\u00bb max_height_last_edited=\u00a0\u00bbon|phone\u00a0\u00bb custom_margin=\u00a0\u00bb||0px||false|false\u00a0\u00bb custom_margin_tablet=\u00a0\u00bb0vh||||false|false\u00a0\u00bb custom_margin_phone=\u00a0\u00bb0vh||||false|false\u00a0\u00bb custom_margin_last_edited=\u00a0\u00bbon|desktop\u00a0\u00bb custom_padding=\u00a0\u00bb||||false|false\u00a0\u00bb filter_saturate=\u00a0\u00bb0%\u00a0\u00bb filter_contrast=\u00a0\u00bb108%\u00a0\u00bb module_alignment_tablet=\u00a0\u00bb\u00a0\u00bb module_alignment_phone=\u00a0\u00bbcenter\u00a0\u00bb module_alignment_last_edited=\u00a0\u00bbon|desktop\u00a0\u00bb global_colors_info=\u00a0\u00bb{}\u00a0\u00bb][\/et_pb_image][et_pb_text _builder_version=\u00a0\u00bb4.27.4&Prime; _module_preset=\u00a0\u00bbdefault\u00a0\u00bb text_text_color=\u00a0\u00bb#6B6B6B\u00a0\u00bb text_font_size=\u00a0\u00bb14px\u00a0\u00bb text_font_size_tablet=\u00a0\u00bb14px\u00a0\u00bb text_font_size_phone=\u00a0\u00bb13px\u00a0\u00bb text_font_size_last_edited=\u00a0\u00bbon|phone\u00a0\u00bb global_colors_info=\u00a0\u00bb{}\u00a0\u00bb]<\/p>\n<p style=\"text-align: center;\">Photo credit: Ella Manzheeva<\/p>\n<p>[\/et_pb_text][\/et_pb_column][\/et_pb_row][\/et_pb_section]<\/p>","protected":false},"excerpt":{"rendered":"<p>charte \u00e9thique Cette charte a pour fonction de d\u00e9cliner l&rsquo;esprit du manifeste de la cr\u00e9ation interstitielle en modes de fonctionnement appliqu\u00e9s pour ce-ci. Elle r\u00e9git nos prises de d\u00e9cision et nos relations. Elle est un document vivant : elle est r\u00e9\u00e9valu\u00e9e r\u00e9guli\u00e8rement pour s\u2019adapter aux \u00e9volutions de notre d\u00e9marche et de nos \u00e9cosyst\u00e8mes. &nbsp; 1. [&hellip;]<\/p>","protected":false},"author":2,"featured_media":0,"parent":0,"menu_order":0,"comment_status":"closed","ping_status":"closed","template":"","meta":{"_et_pb_use_builder":"on","_et_pb_old_content":"","_et_gb_content_width":"","content-type":"","footnotes":""},"class_list":["post-312","page","type-page","status-publish","hentry"],"yoast_head":"<!-- This site is optimized with the Yoast SEO plugin v26.2 - https:\/\/yoast.com\/wordpress\/plugins\/seo\/ -->\n<title>charte \u00e9thique - ce-ci<\/title>\n<meta name=\"robots\" content=\"index, follow, max-snippet:-1, max-image-preview:large, max-video-preview:-1\" \/>\n<link rel=\"canonical\" href=\"https:\/\/ce-ci.fr\/en\/charte-ethique\/\" \/>\n<meta property=\"og:locale\" content=\"en_GB\" \/>\n<meta property=\"og:type\" content=\"article\" \/>\n<meta property=\"og:title\" content=\"charte \u00e9thique - ce-ci\" \/>\n<meta property=\"og:description\" content=\"charte \u00e9thique Cette charte a pour fonction de d\u00e9cliner l&#039;esprit du manifeste de la cr\u00e9ation interstitielle en modes de fonctionnement appliqu\u00e9s pour ce-ci. Elle r\u00e9git nos prises de d\u00e9cision et nos relations. Elle est un document vivant : elle est r\u00e9\u00e9valu\u00e9e r\u00e9guli\u00e8rement pour s\u2019adapter aux \u00e9volutions de notre d\u00e9marche et de nos \u00e9cosyst\u00e8mes. &nbsp; 1. [&hellip;]\" \/>\n<meta property=\"og:url\" content=\"https:\/\/ce-ci.fr\/en\/charte-ethique\/\" \/>\n<meta property=\"og:site_name\" content=\"ce-ci\" \/>\n<meta property=\"article:modified_time\" content=\"2025-07-02T08:40:27+00:00\" \/>\n<meta name=\"twitter:card\" content=\"summary_large_image\" \/>\n<meta name=\"twitter:label1\" content=\"Estimated reading time\" \/>\n\t<meta name=\"twitter:data1\" content=\"4 minutes\" \/>\n<script type=\"application\/ld+json\" class=\"yoast-schema-graph\">{\"@context\":\"https:\/\/schema.org\",\"@graph\":[{\"@type\":\"WebPage\",\"@id\":\"https:\/\/ce-ci.fr\/charte-ethique\/\",\"url\":\"https:\/\/ce-ci.fr\/charte-ethique\/\",\"name\":\"charte \u00e9thique - ce-ci\",\"isPartOf\":{\"@id\":\"https:\/\/ce-ci.fr\/#website\"},\"datePublished\":\"2025-05-25T19:58:03+00:00\",\"dateModified\":\"2025-07-02T08:40:27+00:00\",\"breadcrumb\":{\"@id\":\"https:\/\/ce-ci.fr\/charte-ethique\/#breadcrumb\"},\"inLanguage\":\"en-GB\",\"potentialAction\":[{\"@type\":\"ReadAction\",\"target\":[\"https:\/\/ce-ci.fr\/charte-ethique\/\"]}]},{\"@type\":\"BreadcrumbList\",\"@id\":\"https:\/\/ce-ci.fr\/charte-ethique\/#breadcrumb\",\"itemListElement\":[{\"@type\":\"ListItem\",\"position\":1,\"name\":\"Home\",\"item\":\"https:\/\/ce-ci.fr\/\"},{\"@type\":\"ListItem\",\"position\":2,\"name\":\"charte \u00e9thique\"}]},{\"@type\":\"WebSite\",\"@id\":\"https:\/\/ce-ci.fr\/#website\",\"url\":\"https:\/\/ce-ci.fr\/\",\"name\":\"ce-ci\",\"description\":\"Centre de Cr\u00e9ation Interstitielle\",\"potentialAction\":[{\"@type\":\"SearchAction\",\"target\":{\"@type\":\"EntryPoint\",\"urlTemplate\":\"https:\/\/ce-ci.fr\/?s={search_term_string}\"},\"query-input\":{\"@type\":\"PropertyValueSpecification\",\"valueRequired\":true,\"valueName\":\"search_term_string\"}}],\"inLanguage\":\"en-GB\"}]}<\/script>\n<!-- \/ Yoast SEO plugin. -->","yoast_head_json":{"title":"charte \u00e9thique - ce-ci","robots":{"index":"index","follow":"follow","max-snippet":"max-snippet:-1","max-image-preview":"max-image-preview:large","max-video-preview":"max-video-preview:-1"},"canonical":"https:\/\/ce-ci.fr\/en\/charte-ethique\/","og_locale":"en_GB","og_type":"article","og_title":"charte \u00e9thique - ce-ci","og_description":"charte \u00e9thique Cette charte a pour fonction de d\u00e9cliner l'esprit du manifeste de la cr\u00e9ation interstitielle en modes de fonctionnement appliqu\u00e9s pour ce-ci. Elle r\u00e9git nos prises de d\u00e9cision et nos relations. Elle est un document vivant : elle est r\u00e9\u00e9valu\u00e9e r\u00e9guli\u00e8rement pour s\u2019adapter aux \u00e9volutions de notre d\u00e9marche et de nos \u00e9cosyst\u00e8mes. &nbsp; 1. [&hellip;]","og_url":"https:\/\/ce-ci.fr\/en\/charte-ethique\/","og_site_name":"ce-ci","article_modified_time":"2025-07-02T08:40:27+00:00","twitter_card":"summary_large_image","twitter_misc":{"Estimated reading time":"4 minutes"},"schema":{"@context":"https:\/\/schema.org","@graph":[{"@type":"WebPage","@id":"https:\/\/ce-ci.fr\/charte-ethique\/","url":"https:\/\/ce-ci.fr\/charte-ethique\/","name":"charte \u00e9thique - ce-ci","isPartOf":{"@id":"https:\/\/ce-ci.fr\/#website"},"datePublished":"2025-05-25T19:58:03+00:00","dateModified":"2025-07-02T08:40:27+00:00","breadcrumb":{"@id":"https:\/\/ce-ci.fr\/charte-ethique\/#breadcrumb"},"inLanguage":"en-GB","potentialAction":[{"@type":"ReadAction","target":["https:\/\/ce-ci.fr\/charte-ethique\/"]}]},{"@type":"BreadcrumbList","@id":"https:\/\/ce-ci.fr\/charte-ethique\/#breadcrumb","itemListElement":[{"@type":"ListItem","position":1,"name":"Home","item":"https:\/\/ce-ci.fr\/"},{"@type":"ListItem","position":2,"name":"charte \u00e9thique"}]},{"@type":"WebSite","@id":"https:\/\/ce-ci.fr\/#website","url":"https:\/\/ce-ci.fr\/","name":"ce-ci","description":"Centre de Cr\u00e9ation Interstitielle","potentialAction":[{"@type":"SearchAction","target":{"@type":"EntryPoint","urlTemplate":"https:\/\/ce-ci.fr\/?s={search_term_string}"},"query-input":{"@type":"PropertyValueSpecification","valueRequired":true,"valueName":"search_term_string"}}],"inLanguage":"en-GB"}]}},"_links":{"self":[{"href":"https:\/\/ce-ci.fr\/en\/wp-json\/wp\/v2\/pages\/312","targetHints":{"allow":["GET"]}}],"collection":[{"href":"https:\/\/ce-ci.fr\/en\/wp-json\/wp\/v2\/pages"}],"about":[{"href":"https:\/\/ce-ci.fr\/en\/wp-json\/wp\/v2\/types\/page"}],"author":[{"embeddable":true,"href":"https:\/\/ce-ci.fr\/en\/wp-json\/wp\/v2\/users\/2"}],"replies":[{"embeddable":true,"href":"https:\/\/ce-ci.fr\/en\/wp-json\/wp\/v2\/comments?post=312"}],"version-history":[{"count":13,"href":"https:\/\/ce-ci.fr\/en\/wp-json\/wp\/v2\/pages\/312\/revisions"}],"predecessor-version":[{"id":1511,"href":"https:\/\/ce-ci.fr\/en\/wp-json\/wp\/v2\/pages\/312\/revisions\/1511"}],"wp:attachment":[{"href":"https:\/\/ce-ci.fr\/en\/wp-json\/wp\/v2\/media?parent=312"}],"curies":[{"name":"wp","href":"https:\/\/api.w.org\/{rel}","templated":true}]}}