{"id":324,"date":"2025-05-25T20:11:09","date_gmt":"2025-05-25T20:11:09","guid":{"rendered":"http:\/\/ce-ci.fr\/?page_id=324"},"modified":"2025-06-25T16:17:32","modified_gmt":"2025-06-25T16:17:32","slug":"travailler-avec-ce-ci","status":"publish","type":"page","link":"https:\/\/ce-ci.fr\/en\/travailler-avec-ce-ci\/","title":{"rendered":"Travailler avec ce-ci"},"content":{"rendered":"<p>[et_pb_section fb_built=\u00a0\u00bb1&Prime; admin_label=\u00a0\u00bbHeader &#038; Contact Form\u00a0\u00bb _builder_version=\u00a0\u00bb4.27.4&Prime; _module_preset=\u00a0\u00bbdefault\u00a0\u00bb custom_margin=\u00a0\u00bb0px||0px||true|false\u00a0\u00bb custom_padding=\u00a0\u00bb0px||0px||true|false\u00a0\u00bb collapsed=\u00a0\u00bboff\u00a0\u00bb global_colors_info=\u00a0\u00bb{}\u00a0\u00bb][et_pb_row column_structure=\u00a0\u00bb1_2,1_2&Prime; use_custom_gutter=\u00a0\u00bbon\u00a0\u00bb make_equal=\u00a0\u00bbon\u00a0\u00bb _builder_version=\u00a0\u00bb4.27.4&Prime; _module_preset=\u00a0\u00bbdefault\u00a0\u00bb background_enable_color=\u00a0\u00bboff\u00a0\u00bb width=\u00a0\u00bb100%\u00a0\u00bb max_width=\u00a0\u00bbnone\u00a0\u00bb custom_margin=\u00a0\u00bb0px||0px||false|false\u00a0\u00bb custom_padding=\u00a0\u00bb0px||0px||true|false\u00a0\u00bb locked=\u00a0\u00bboff\u00a0\u00bb global_colors_info=\u00a0\u00bb{}\u00a0\u00bb][et_pb_column type=\u00a0\u00bb1_2&Prime; _builder_version=\u00a0\u00bb4.27.4&Prime; _module_preset=\u00a0\u00bbdefault\u00a0\u00bb custom_padding=\u00a0\u00bb60px|||6vw|false|false\u00a0\u00bb global_colors_info=\u00a0\u00bb{}\u00a0\u00bb][et_pb_text module_class=\u00a0\u00bbpa-multi-line-highlight\u00a0\u00bb _builder_version=\u00a0\u00bb4.27.4&Prime; _module_preset=\u00a0\u00bbdefault\u00a0\u00bb header_font_size=\u00a0\u00bb28px\u00a0\u00bb header_letter_spacing=\u00a0\u00bb1px\u00a0\u00bb header_line_height=\u00a0\u00bb1.2em\u00a0\u00bb header_2_text_color=\u00a0\u00bb#FFFFFF\u00a0\u00bb header_2_font_size=\u00a0\u00bb28px\u00a0\u00bb header_2_letter_spacing=\u00a0\u00bb1px\u00a0\u00bb header_2_line_height=\u00a0\u00bb1.2em\u00a0\u00bb header_3_text_color=\u00a0\u00bb#FFFFFF\u00a0\u00bb header_3_font_size=\u00a0\u00bb28px\u00a0\u00bb header_3_letter_spacing=\u00a0\u00bb1px\u00a0\u00bb header_3_line_height=\u00a0\u00bb1.2em\u00a0\u00bb header_4_text_color=\u00a0\u00bb#FFFFFF\u00a0\u00bb header_4_font_size=\u00a0\u00bb28px\u00a0\u00bb header_4_letter_spacing=\u00a0\u00bb1px\u00a0\u00bb header_4_line_height=\u00a0\u00bb1.2em\u00a0\u00bb header_5_text_color=\u00a0\u00bb#FFFFFF\u00a0\u00bb header_5_font_size=\u00a0\u00bb28px\u00a0\u00bb header_5_letter_spacing=\u00a0\u00bb1px\u00a0\u00bb header_5_line_height=\u00a0\u00bb1.2em\u00a0\u00bb header_6_text_color=\u00a0\u00bb#FFFFFF\u00a0\u00bb header_6_font_size=\u00a0\u00bb28px\u00a0\u00bb header_6_letter_spacing=\u00a0\u00bb1px\u00a0\u00bb header_6_line_height=\u00a0\u00bb1.2em\u00a0\u00bb global_colors_info=\u00a0\u00bb{}\u00a0\u00bb]<\/p>\n<h1>work with ce-ci<\/h1>\n<p>[\/et_pb_text][et_pb_text _builder_version=\u00a0\u00bb4.27.4&Prime; _module_preset=\u00a0\u00bbdefault\u00a0\u00bb text_line_height=\u00a0\u00bb1.6em\u00a0\u00bb header_6_font=\u00a0\u00bbChivo||||||||\u00a0\u00bb header_6_font_size=\u00a0\u00bb17px\u00a0\u00bb header_6_line_height=\u00a0\u00bb1.6em\u00a0\u00bb custom_padding=\u00a0\u00bb||||false|false\u00a0\u00bb global_colors_info=\u00a0\u00bb{}\u00a0\u00bb]<\/p>\n<p><span style=\"font-weight: 400;\">Que veut dire travailler avec un centre de cr\u00e9ation interstitielle?<\/span><\/p>\n<p><span style=\"font-weight: 400;\">ce-ci collaborates with artists, researchers, art centers, companies, museums, local authorities, research centers, universities, collectives, governments, foundations, non-profits, and any other person or organization wishing to engage with interstices.<\/span><\/p>\n<p><span style=\"font-weight: 400;\">ce-ci offers a range of services such as tailored artistic programs, residencies, contextual laboratories, and learning modules.<\/span><\/p>\n<p><span style=\"font-weight: 400;\">These services include:<\/span><\/p>\n<ul>\n<li style=\"font-weight: 400;\" aria-level=\"1\"><a href=\"https:\/\/ce-ci.fr\/en\/projets_en_immersion\/\"><span style=\"font-weight: 400;\">immersion projects<\/span><\/a><\/li>\n<li style=\"font-weight: 400;\" aria-level=\"1\"><a href=\"https:\/\/ce-ci.fr\/en\/unites-de-creation-interstitielle\/\"><span style=\"font-weight: 400;\">interstitial units<\/span><\/a><\/li>\n<li><a href=\"https:\/\/ce-ci.fr\/en\/creations-in-situ\/\"><span style=\"font-weight: 400;\">contextual artistic interventions<\/span><span style=\"font-weight: 400;\"><\/span><\/a><\/li>\n<li style=\"font-weight: 400;\" aria-level=\"1\"><a href=\"https:\/\/ce-ci.fr\/en\/residences\/\"><span style=\"font-weight: 400;\">residencies<\/span><\/a><\/li>\n<li style=\"font-weight: 400;\" aria-level=\"1\"><a href=\"https:\/\/ce-ci.fr\/en\/voyages-interstitiels\/\"><span style=\"font-weight: 400;\">interstitial journeys<\/span><\/a><\/li>\n<li style=\"font-weight: 400;\" aria-level=\"1\"><a href=\"https:\/\/ce-ci.fr\/en\/jeux-de-foules\/\"><span style=\"font-weight: 400;\">crowd games<\/span><\/a><\/li>\n<li style=\"font-weight: 400;\" aria-level=\"1\"><a href=\"https:\/\/ce-ci.fr\/en\/presentations-publiques\/\"><span style=\"font-weight: 400;\">public presentations<\/span><\/a><\/li>\n<li><a href=\"https:\/\/ce-ci.fr\/en\/formations\/\"><span style=\"font-weight: 400;\">learning programs<\/span><span style=\"font-weight: 400;\"><\/span><\/a><\/li>\n<\/ul>\n<p class=\"translation-block\">The best way to work with ce-ci is to meet and explore together the most relevant, vibrant or unexpected way to collaborate. Budgets are co-created and adapted to the nature of each project. The mode of intervention is chosen together with care.<\/p>\n<p class=\"translation-block\">Each project is for us a way of engaging with reality by creating a vital shift within it.<\/p>\n<p>[\/et_pb_text][\/et_pb_column][et_pb_column type=\u00a0\u00bb1_2&Prime; _builder_version=\u00a0\u00bb4.27.4&Prime; _module_preset=\u00a0\u00bbdefault\u00a0\u00bb background_enable_color=\u00a0\u00bboff\u00a0\u00bb custom_padding=\u00a0\u00bb||||false|false\u00a0\u00bb custom_css_main_element=\u00a0\u00bbmargin: auto;\u00a0\u00bb global_colors_info=\u00a0\u00bb{}\u00a0\u00bb][et_pb_image src=\u00a0\u00bbhttps:\/\/ce-ci.fr\/wp-content\/uploads\/2025\/05\/4293AAE6-23E8-4A0D-84AC-44ECEA522BDA.jpg\u00a0\u00bb title_text=\u00a0\u00bb4293AAE6-23E8-4A0D-84AC-44ECEA522BDA\u00a0\u00bb align=\u00a0\u00bbright\u00a0\u00bb align_tablet=\u00a0\u00bbright\u00a0\u00bb align_phone=\u00a0\u00bbright\u00a0\u00bb align_last_edited=\u00a0\u00bbon|tablet\u00a0\u00bb _builder_version=\u00a0\u00bb4.27.4&Prime; _module_preset=\u00a0\u00bbdefault\u00a0\u00bb background_enable_color=\u00a0\u00bboff\u00a0\u00bb max_width=\u00a0\u00bb90%\u00a0\u00bb max_height=\u00a0\u00bb70vh\u00a0\u00bb max_height_tablet=\u00a0\u00bb70vh\u00a0\u00bb max_height_phone=\u00a0\u00bb70vh\u00a0\u00bb max_height_last_edited=\u00a0\u00bbon|phone\u00a0\u00bb custom_margin=\u00a0\u00bb0px||0px||true|false\u00a0\u00bb custom_padding=\u00a0\u00bb0px||0px||true|false\u00a0\u00bb filter_saturate=\u00a0\u00bb0%\u00a0\u00bb filter_brightness=\u00a0\u00bb107%\u00a0\u00bb filter_contrast=\u00a0\u00bb108%\u00a0\u00bb locked=\u00a0\u00bboff\u00a0\u00bb global_colors_info=\u00a0\u00bb{}\u00a0\u00bb][\/et_pb_image][\/et_pb_column][\/et_pb_row][\/et_pb_section]<\/p>","protected":false},"excerpt":{"rendered":"<p>travailler avec ce-ciQue veut dire travailler avec un centre de cr\u00e9ation interstitielle? ce-ci travaille avec des artistes, des chercheurs, des centres d&rsquo;art, des entreprises, des mus\u00e9es, des collectivit\u00e9s,\u00a0 des centres de recherche, des universit\u00e9s, des collectifs, des gouvernements, des fondations, des associations, et toute autre personne ou structure qui souhaite s&rsquo;engager dans les interstices. ce-ci [&hellip;]<\/p>","protected":false},"author":2,"featured_media":0,"parent":0,"menu_order":0,"comment_status":"closed","ping_status":"closed","template":"","meta":{"_et_pb_use_builder":"on","_et_pb_old_content":"","_et_gb_content_width":"","content-type":"","footnotes":""},"class_list":["post-324","page","type-page","status-publish","hentry"],"yoast_head":"<!-- This site is optimized with the Yoast SEO plugin v26.2 - https:\/\/yoast.com\/wordpress\/plugins\/seo\/ -->\n<title>Travailler avec ce-ci - ce-ci<\/title>\n<meta name=\"robots\" content=\"index, follow, max-snippet:-1, max-image-preview:large, max-video-preview:-1\" \/>\n<link rel=\"canonical\" href=\"https:\/\/ce-ci.fr\/en\/travailler-avec-ce-ci\/\" \/>\n<meta property=\"og:locale\" content=\"en_GB\" \/>\n<meta property=\"og:type\" content=\"article\" \/>\n<meta property=\"og:title\" content=\"Travailler avec ce-ci - ce-ci\" \/>\n<meta property=\"og:description\" content=\"travailler avec ce-ciQue veut dire travailler avec un centre de cr\u00e9ation interstitielle? ce-ci travaille avec des artistes, des chercheurs, des centres d&#039;art, des entreprises, des mus\u00e9es, des collectivit\u00e9s,\u00a0 des centres de recherche, des universit\u00e9s, des collectifs, des gouvernements, des fondations, des associations, et toute autre personne ou structure qui souhaite s&#039;engager dans les interstices. ce-ci [&hellip;]\" \/>\n<meta property=\"og:url\" content=\"https:\/\/ce-ci.fr\/en\/travailler-avec-ce-ci\/\" \/>\n<meta property=\"og:site_name\" content=\"ce-ci\" \/>\n<meta property=\"article:modified_time\" content=\"2025-06-25T16:17:32+00:00\" \/>\n<meta name=\"twitter:card\" content=\"summary_large_image\" \/>\n<meta name=\"twitter:label1\" content=\"Estimated reading time\" \/>\n\t<meta name=\"twitter:data1\" content=\"3 minutes\" \/>\n<script type=\"application\/ld+json\" class=\"yoast-schema-graph\">{\"@context\":\"https:\/\/schema.org\",\"@graph\":[{\"@type\":\"WebPage\",\"@id\":\"https:\/\/ce-ci.fr\/travailler-avec-ce-ci\/\",\"url\":\"https:\/\/ce-ci.fr\/travailler-avec-ce-ci\/\",\"name\":\"Travailler avec ce-ci - ce-ci\",\"isPartOf\":{\"@id\":\"https:\/\/ce-ci.fr\/#website\"},\"datePublished\":\"2025-05-25T20:11:09+00:00\",\"dateModified\":\"2025-06-25T16:17:32+00:00\",\"breadcrumb\":{\"@id\":\"https:\/\/ce-ci.fr\/travailler-avec-ce-ci\/#breadcrumb\"},\"inLanguage\":\"en-GB\",\"potentialAction\":[{\"@type\":\"ReadAction\",\"target\":[\"https:\/\/ce-ci.fr\/travailler-avec-ce-ci\/\"]}]},{\"@type\":\"BreadcrumbList\",\"@id\":\"https:\/\/ce-ci.fr\/travailler-avec-ce-ci\/#breadcrumb\",\"itemListElement\":[{\"@type\":\"ListItem\",\"position\":1,\"name\":\"Home\",\"item\":\"https:\/\/ce-ci.fr\/\"},{\"@type\":\"ListItem\",\"position\":2,\"name\":\"Travailler avec ce-ci\"}]},{\"@type\":\"WebSite\",\"@id\":\"https:\/\/ce-ci.fr\/#website\",\"url\":\"https:\/\/ce-ci.fr\/\",\"name\":\"ce-ci\",\"description\":\"Centre de Cr\u00e9ation Interstitielle\",\"potentialAction\":[{\"@type\":\"SearchAction\",\"target\":{\"@type\":\"EntryPoint\",\"urlTemplate\":\"https:\/\/ce-ci.fr\/?s={search_term_string}\"},\"query-input\":{\"@type\":\"PropertyValueSpecification\",\"valueRequired\":true,\"valueName\":\"search_term_string\"}}],\"inLanguage\":\"en-GB\"}]}<\/script>\n<!-- \/ Yoast SEO plugin. -->","yoast_head_json":{"title":"Travailler avec ce-ci - ce-ci","robots":{"index":"index","follow":"follow","max-snippet":"max-snippet:-1","max-image-preview":"max-image-preview:large","max-video-preview":"max-video-preview:-1"},"canonical":"https:\/\/ce-ci.fr\/en\/travailler-avec-ce-ci\/","og_locale":"en_GB","og_type":"article","og_title":"Travailler avec ce-ci - ce-ci","og_description":"travailler avec ce-ciQue veut dire travailler avec un centre de cr\u00e9ation interstitielle? ce-ci travaille avec des artistes, des chercheurs, des centres d'art, des entreprises, des mus\u00e9es, des collectivit\u00e9s,\u00a0 des centres de recherche, des universit\u00e9s, des collectifs, des gouvernements, des fondations, des associations, et toute autre personne ou structure qui souhaite s'engager dans les interstices. ce-ci [&hellip;]","og_url":"https:\/\/ce-ci.fr\/en\/travailler-avec-ce-ci\/","og_site_name":"ce-ci","article_modified_time":"2025-06-25T16:17:32+00:00","twitter_card":"summary_large_image","twitter_misc":{"Estimated reading time":"3 minutes"},"schema":{"@context":"https:\/\/schema.org","@graph":[{"@type":"WebPage","@id":"https:\/\/ce-ci.fr\/travailler-avec-ce-ci\/","url":"https:\/\/ce-ci.fr\/travailler-avec-ce-ci\/","name":"Travailler avec ce-ci - ce-ci","isPartOf":{"@id":"https:\/\/ce-ci.fr\/#website"},"datePublished":"2025-05-25T20:11:09+00:00","dateModified":"2025-06-25T16:17:32+00:00","breadcrumb":{"@id":"https:\/\/ce-ci.fr\/travailler-avec-ce-ci\/#breadcrumb"},"inLanguage":"en-GB","potentialAction":[{"@type":"ReadAction","target":["https:\/\/ce-ci.fr\/travailler-avec-ce-ci\/"]}]},{"@type":"BreadcrumbList","@id":"https:\/\/ce-ci.fr\/travailler-avec-ce-ci\/#breadcrumb","itemListElement":[{"@type":"ListItem","position":1,"name":"Home","item":"https:\/\/ce-ci.fr\/"},{"@type":"ListItem","position":2,"name":"Travailler avec ce-ci"}]},{"@type":"WebSite","@id":"https:\/\/ce-ci.fr\/#website","url":"https:\/\/ce-ci.fr\/","name":"ce-ci","description":"Centre de Cr\u00e9ation Interstitielle","potentialAction":[{"@type":"SearchAction","target":{"@type":"EntryPoint","urlTemplate":"https:\/\/ce-ci.fr\/?s={search_term_string}"},"query-input":{"@type":"PropertyValueSpecification","valueRequired":true,"valueName":"search_term_string"}}],"inLanguage":"en-GB"}]}},"_links":{"self":[{"href":"https:\/\/ce-ci.fr\/en\/wp-json\/wp\/v2\/pages\/324","targetHints":{"allow":["GET"]}}],"collection":[{"href":"https:\/\/ce-ci.fr\/en\/wp-json\/wp\/v2\/pages"}],"about":[{"href":"https:\/\/ce-ci.fr\/en\/wp-json\/wp\/v2\/types\/page"}],"author":[{"embeddable":true,"href":"https:\/\/ce-ci.fr\/en\/wp-json\/wp\/v2\/users\/2"}],"replies":[{"embeddable":true,"href":"https:\/\/ce-ci.fr\/en\/wp-json\/wp\/v2\/comments?post=324"}],"version-history":[{"count":51,"href":"https:\/\/ce-ci.fr\/en\/wp-json\/wp\/v2\/pages\/324\/revisions"}],"predecessor-version":[{"id":1379,"href":"https:\/\/ce-ci.fr\/en\/wp-json\/wp\/v2\/pages\/324\/revisions\/1379"}],"wp:attachment":[{"href":"https:\/\/ce-ci.fr\/en\/wp-json\/wp\/v2\/media?parent=324"}],"curies":[{"name":"wp","href":"https:\/\/api.w.org\/{rel}","templated":true}]}}