{"id":584,"date":"2025-05-27T07:45:04","date_gmt":"2025-05-27T07:45:04","guid":{"rendered":"https:\/\/ce-ci.fr\/?page_id=584"},"modified":"2025-06-12T13:42:27","modified_gmt":"2025-06-12T13:42:27","slug":"vivus","status":"publish","type":"page","link":"https:\/\/ce-ci.fr\/en\/vivus\/","title":{"rendered":"Vivus"},"content":{"rendered":"<p>[et_pb_section fb_built=\u00a0\u00bb1&Prime; admin_label=\u00a0\u00bbHeader &#038; Contact Form\u00a0\u00bb _builder_version=\u00a0\u00bb4.27.4&Prime; _module_preset=\u00a0\u00bbdefault\u00a0\u00bb custom_margin=\u00a0\u00bb0px||0px||true|false\u00a0\u00bb custom_padding=\u00a0\u00bb0px||0px||true|false\u00a0\u00bb collapsed=\u00a0\u00bbon\u00a0\u00bb global_colors_info=\u00a0\u00bb{}\u00a0\u00bb][et_pb_row use_custom_gutter=\u00a0\u00bbon\u00a0\u00bb make_equal=\u00a0\u00bbon\u00a0\u00bb _builder_version=\u00a0\u00bb4.27.4&Prime; _module_preset=\u00a0\u00bbdefault\u00a0\u00bb background_enable_color=\u00a0\u00bboff\u00a0\u00bb width=\u00a0\u00bb100%\u00a0\u00bb max_width=\u00a0\u00bbnone\u00a0\u00bb custom_margin=\u00a0\u00bb0px||0px||true|false\u00a0\u00bb custom_padding=\u00a0\u00bb0px||0px||true|false\u00a0\u00bb locked=\u00a0\u00bboff\u00a0\u00bb global_colors_info=\u00a0\u00bb{}\u00a0\u00bb][et_pb_column type=\u00a0\u00bb4_4&Prime; _builder_version=\u00a0\u00bb4.27.4&Prime; _module_preset=\u00a0\u00bbdefault\u00a0\u00bb custom_padding=\u00a0\u00bb60px|12vw||12vw|false|true\u00a0\u00bb global_colors_info=\u00a0\u00bb{}\u00a0\u00bb][et_pb_text module_class=\u00a0\u00bbpa-multi-line-highlight\u00a0\u00bb _builder_version=\u00a0\u00bb4.27.4&Prime; _module_preset=\u00a0\u00bbdefault\u00a0\u00bb header_text_color=\u00a0\u00bb#FFFFFF\u00a0\u00bb header_font_size=\u00a0\u00bb28px\u00a0\u00bb header_letter_spacing=\u00a0\u00bb1px\u00a0\u00bb header_line_height=\u00a0\u00bb1.2em\u00a0\u00bb header_2_text_color=\u00a0\u00bb#FFFFFF\u00a0\u00bb header_2_font_size=\u00a0\u00bb28px\u00a0\u00bb header_2_letter_spacing=\u00a0\u00bb1px\u00a0\u00bb header_2_line_height=\u00a0\u00bb1.2em\u00a0\u00bb header_3_text_color=\u00a0\u00bb#FFFFFF\u00a0\u00bb header_3_font_size=\u00a0\u00bb28px\u00a0\u00bb header_3_letter_spacing=\u00a0\u00bb1px\u00a0\u00bb header_3_line_height=\u00a0\u00bb1.2em\u00a0\u00bb header_4_text_color=\u00a0\u00bb#FFFFFF\u00a0\u00bb header_4_font_size=\u00a0\u00bb28px\u00a0\u00bb header_4_letter_spacing=\u00a0\u00bb1px\u00a0\u00bb header_4_line_height=\u00a0\u00bb1.2em\u00a0\u00bb header_5_text_color=\u00a0\u00bb#FFFFFF\u00a0\u00bb header_5_font_size=\u00a0\u00bb28px\u00a0\u00bb header_5_letter_spacing=\u00a0\u00bb1px\u00a0\u00bb header_5_line_height=\u00a0\u00bb1.2em\u00a0\u00bb header_6_text_color=\u00a0\u00bb#FFFFFF\u00a0\u00bb header_6_font_size=\u00a0\u00bb28px\u00a0\u00bb header_6_letter_spacing=\u00a0\u00bb1px\u00a0\u00bb header_6_line_height=\u00a0\u00bb1.2em\u00a0\u00bb global_colors_info=\u00a0\u00bb{}\u00a0\u00bb]<\/p>\n<h4>titre : VIVUS<\/h4>\n<p>[\/et_pb_text][et_pb_text _builder_version=\u00a0\u00bb4.27.4&Prime; _module_preset=\u00a0\u00bbdefault\u00a0\u00bb text_font=\u00a0\u00bbChivo||||||||\u00a0\u00bb text_font_size=\u00a0\u00bb17px\u00a0\u00bb text_line_height=\u00a0\u00bb1.6em\u00a0\u00bb header_6_font=\u00a0\u00bbChivo||||||||\u00a0\u00bb header_6_text_color=\u00a0\u00bb#8300E9&Prime; header_6_font_size=\u00a0\u00bb17px\u00a0\u00bb header_6_line_height=\u00a0\u00bb1.6em\u00a0\u00bb hover_enabled=\u00a0\u00bb0&Prime; text_font_size_tablet=\u00a0\u00bb17px\u00a0\u00bb text_font_size_phone=\u00a0\u00bb16px\u00a0\u00bb text_font_size_last_edited=\u00a0\u00bbon|desktop\u00a0\u00bb global_colors_info=\u00a0\u00bb{}\u00a0\u00bb sticky_enabled=\u00a0\u00bb0&Prime;]<\/p>\n<p style=\"text-align: right;\"><span style=\"color: #8300e9;\">Cat\u00e9gorie : UNITE DE CREATION INTERSTITIELLE<\/span><\/p>\n<p><span style=\"color: #8300e9;\">Objective<\/span><br \/>Une exploration flottante de la vie et de ses langages \u00e9mergents<\/p>\n<p><span style=\"color: #8300e9;\">Context<\/span><br \/>VIVUS a pris forme comme unit\u00e9 de cr\u00e9ation itin\u00e9rante \u00e0 bord d\u2019une p\u00e9niche sur les rivi\u00e8res d\u2019Europe, dans le cadre de la direction artistique de r\u00e9sidence que nous avons assur\u00e9e pour <em data-start=\"758\" data-end=\"772\">Fluctuations<\/em>, un festival fluide reliant Lille, Bruxelles et Utrecht par voie d\u2019eau en \u00e9t\u00e9 2024.<\/p>\n<p>Les membres de l&rsquo;unit\u00e9 de cr\u00e9ation ont amen\u00e9 comme terrains de recherche la biologie, l&rsquo;imaginaire cyborg, la recherche, la po\u00e9sie, la musique, la philosophie, la performance, la composition et la vid\u00e9o, entre autres.<\/p>\n<p><span style=\"color: #8300e9;\">Intentions<\/span><\/p>\n<p>V\u00e9ritable territoire flottant de recherche, VIVUS explore la porosit\u00e9 entre corps, \u00e9cosyst\u00e8mes, formes de savoirs et technologies.<\/p>\n<ul>\n<li>Comment nos intelligences incarn\u00e9es peuvent-elles dialoguer avec les formes non-humaines&#8230; et avec les intelligences artificielles ?<\/li>\n<li>Que peut une pens\u00e9e travers\u00e9e par l\u2019eau, la lenteur, l\u2019interd\u00e9pendance ?<\/li>\n<li>Peut-on co-cr\u00e9er autrement lorsque l\u2019on habite un m\u00eame contexte vivant \u2014 mouvant, incertain, c\u00e9l\u00e9brant ?<\/li>\n<\/ul>\n<p><span style=\"color: #8300e9;\">Format<\/span><\/p>\n<ul>\n<li>A floating lab for transdisciplinary research-creation<\/li>\n<li>Artistic direction of an immersive and shared research process<\/li>\n<li>Activation in connection with public festivals and urban contexts<\/li>\n<\/ul>\n<p><span style=\"color: #8300e9;\">Means activated<br \/><\/span>Interstitial play, biological data collection, writing, sensory devices, performances, recordings, collective reflection and documentation of contextual interstices<\/p>\n<p>Ce type d\u2019unit\u00e9 peut s\u2019adapter \u00e0 d\u2019autres lieux-\u00e9cosyst\u00e8mes (mus\u00e9e, territoire rural, universit\u00e9, espace public, tiers-lieu), en y installant des formats de cohabitation interstitielle &#8211; vivants, indisciplin\u00e9s, incarn\u00e9s &#8211; pour faire \u00e9merger de nouveaux r\u00e9cits entre humain\u00b7es, vivants et technologies.<\/p>\n<p>&nbsp;<\/p>\n<p>[\/et_pb_text][\/et_pb_column][\/et_pb_row][et_pb_row _builder_version=\u00a0\u00bb4.27.4&Prime; _module_preset=\u00a0\u00bbdefault\u00a0\u00bb global_colors_info=\u00a0\u00bb{}\u00a0\u00bb][et_pb_column type=\u00a0\u00bb4_4&Prime; _builder_version=\u00a0\u00bb4.27.4&Prime; _module_preset=\u00a0\u00bbdefault\u00a0\u00bb global_colors_info=\u00a0\u00bb{}\u00a0\u00bb][et_pb_blurb title=\u00a0\u00bbVivus (adj., latin)\u00a0\u00bb image=\u00a0\u00bbhttps:\/\/ce-ci.fr\/wp-content\/uploads\/2025\/05\/AAEF0CF3-08AE-4FE3-950B-4B40159C9B8D_4_5005_c.jpeg\u00a0\u00bb content_max_width=\u00a0\u00bb308px\u00a0\u00bb _builder_version=\u00a0\u00bb4.27.4&Prime; _module_preset=\u00a0\u00bbdefault\u00a0\u00bb min_height=\u00a0\u00bb742px\u00a0\u00bb height=\u00a0\u00bb733px\u00a0\u00bb max_height=\u00a0\u00bb704px\u00a0\u00bb filter_saturate=\u00a0\u00bb0%\u00a0\u00bb global_colors_info=\u00a0\u00bb{}\u00a0\u00bb]<\/p>\n<ol>\n<li style=\"font-weight: 200;\" aria-level=\"1\"><span style=\"font-weight: 200;\">vivant, en vie<\/span><span style=\"font-weight: 200;\"><br \/><\/span> <i><span style=\"font-weight: 200;\">antonymes : d\u00e9funt, mort<\/span><\/i><\/li>\n<li style=\"font-weight: 200;\" aria-level=\"1\"><span style=\"font-weight: 200;\">natif, authentique, \u00e0 l\u2019\u00e9tat naturel<\/span><span style=\"font-weight: 200;\"><br \/><\/span><\/li>\n<li style=\"font-weight: 200;\" aria-level=\"1\"><span style=\"font-weight: 200;\">lumineux, allum\u00e9, en feu, embras\u00e9<\/span><span style=\"font-weight: 200;\"><br \/><\/span><\/li>\n<li style=\"font-weight: 200;\" aria-level=\"1\"><span style=\"font-weight: 200;\">(du fleuve) courant<\/span><span style=\"font-weight: 200;\"><br \/><\/span><\/li>\n<li style=\"font-weight: 200;\" aria-level=\"1\"><span style=\"font-weight: 200;\">durable, persistant, qui perdure<\/span><span style=\"font-weight: 200;\"><br \/><\/span><\/li>\n<li style=\"font-weight: 200;\" aria-level=\"1\"><span style=\"font-weight: 200;\">vif, ardent<\/span><\/li>\n<\/ol>\n<p>[\/et_pb_blurb][\/et_pb_column][\/et_pb_row][et_pb_row column_structure=\u00a0\u00bb1_3,1_3,1_3&Prime; _builder_version=\u00a0\u00bb4.27.4&Prime; _module_preset=\u00a0\u00bbdefault\u00a0\u00bb global_colors_info=\u00a0\u00bb{}\u00a0\u00bb][et_pb_column type=\u00a0\u00bb1_3&Prime; _builder_version=\u00a0\u00bb4.27.4&Prime; _module_preset=\u00a0\u00bbdefault\u00a0\u00bb global_colors_info=\u00a0\u00bb{}\u00a0\u00bb][et_pb_image src=\u00a0\u00bbhttps:\/\/ce-ci.fr\/wp-content\/uploads\/2025\/05\/13AC7212-1F2A-43CB-B7DB-41F93C681754_4_5005_c.jpeg\u00a0\u00bb title_text=\u00a0\u00bb13AC7212-1F2A-43CB-B7DB-41F93C681754_4_5005_c\u00a0\u00bb _builder_version=\u00a0\u00bb4.27.4&Prime; _module_preset=\u00a0\u00bbdefault\u00a0\u00bb filter_saturate=\u00a0\u00bb0%\u00a0\u00bb global_colors_info=\u00a0\u00bb{}\u00a0\u00bb][\/et_pb_image][\/et_pb_column][et_pb_column type=\u00a0\u00bb1_3&Prime; _builder_version=\u00a0\u00bb4.27.4&Prime; _module_preset=\u00a0\u00bbdefault\u00a0\u00bb global_colors_info=\u00a0\u00bb{}\u00a0\u00bb][et_pb_image src=\u00a0\u00bbhttps:\/\/ce-ci.fr\/wp-content\/uploads\/2025\/05\/Untitled-5.jpg\u00a0\u00bb title_text=\u00a0\u00bbScreenshot\u00a0\u00bb _builder_version=\u00a0\u00bb4.27.4&Prime; _module_preset=\u00a0\u00bbdefault\u00a0\u00bb filter_saturate=\u00a0\u00bb0%\u00a0\u00bb global_colors_info=\u00a0\u00bb{}\u00a0\u00bb][\/et_pb_image][\/et_pb_column][et_pb_column type=\u00a0\u00bb1_3&Prime; _builder_version=\u00a0\u00bb4.27.4&Prime; _module_preset=\u00a0\u00bbdefault\u00a0\u00bb global_colors_info=\u00a0\u00bb{}\u00a0\u00bb][et_pb_image src=\u00a0\u00bbhttps:\/\/ce-ci.fr\/wp-content\/uploads\/2025\/05\/4846A778-CED9-418A-AEBE-4D5554963D1F_1_102_o.jpeg\u00a0\u00bb title_text=\u00a0\u00bb4846A778-CED9-418A-AEBE-4D5554963D1F_1_102_o\u00a0\u00bb _builder_version=\u00a0\u00bb4.27.4&Prime; _module_preset=\u00a0\u00bbdefault\u00a0\u00bb filter_saturate=\u00a0\u00bb0%\u00a0\u00bb global_colors_info=\u00a0\u00bb{}\u00a0\u00bb][\/et_pb_image][\/et_pb_column][\/et_pb_row][et_pb_row column_structure=\u00a0\u00bb1_3,1_3,1_3&Prime; _builder_version=\u00a0\u00bb4.27.4&Prime; _module_preset=\u00a0\u00bbdefault\u00a0\u00bb global_colors_info=\u00a0\u00bb{}\u00a0\u00bb][et_pb_column type=\u00a0\u00bb1_3&Prime; _builder_version=\u00a0\u00bb4.27.4&Prime; _module_preset=\u00a0\u00bbdefault\u00a0\u00bb global_colors_info=\u00a0\u00bb{}\u00a0\u00bb][et_pb_image src=\u00a0\u00bbhttps:\/\/ce-ci.fr\/wp-content\/uploads\/2025\/05\/5761A5C1-7C16-4B0E-A7DA-CDF72599D726_1_105_c.jpeg\u00a0\u00bb title_text=\u00a0\u00bb5761A5C1-7C16-4B0E-A7DA-CDF72599D726_1_105_c\u00a0\u00bb _builder_version=\u00a0\u00bb4.27.4&Prime; _module_preset=\u00a0\u00bbdefault\u00a0\u00bb filter_saturate=\u00a0\u00bb0%\u00a0\u00bb filter_brightness=\u00a0\u00bb157%\u00a0\u00bb global_colors_info=\u00a0\u00bb{}\u00a0\u00bb][\/et_pb_image][\/et_pb_column][et_pb_column type=\u00a0\u00bb1_3&Prime; _builder_version=\u00a0\u00bb4.27.4&Prime; _module_preset=\u00a0\u00bbdefault\u00a0\u00bb global_colors_info=\u00a0\u00bb{}\u00a0\u00bb][et_pb_image src=\u00a0\u00bbhttps:\/\/ce-ci.fr\/wp-content\/uploads\/2025\/05\/E0D1683A-0055-4015-9B85-C9A2CA07CC58_1_102_a.jpeg\u00a0\u00bb title_text=\u00a0\u00bbE0D1683A-0055-4015-9B85-C9A2CA07CC58_1_102_a\u00a0\u00bb _builder_version=\u00a0\u00bb4.27.4&Prime; _module_preset=\u00a0\u00bbdefault\u00a0\u00bb global_colors_info=\u00a0\u00bb{}\u00a0\u00bb][\/et_pb_image][\/et_pb_column][et_pb_column type=\u00a0\u00bb1_3&Prime; _builder_version=\u00a0\u00bb4.27.4&Prime; _module_preset=\u00a0\u00bbdefault\u00a0\u00bb global_colors_info=\u00a0\u00bb{}\u00a0\u00bb][et_pb_image src=\u00a0\u00bbhttps:\/\/ce-ci.fr\/wp-content\/uploads\/2025\/05\/B33EFDF2-4D00-4071-9D5A-C15FCB3861F7_4_5005_c.jpeg\u00a0\u00bb title_text=\u00a0\u00bbB33EFDF2-4D00-4071-9D5A-C15FCB3861F7_4_5005_c\u00a0\u00bb _builder_version=\u00a0\u00bb4.27.4&Prime; _module_preset=\u00a0\u00bbdefault\u00a0\u00bb filter_saturate=\u00a0\u00bb0%\u00a0\u00bb global_colors_info=\u00a0\u00bb{}\u00a0\u00bb][\/et_pb_image][\/et_pb_column][\/et_pb_row][\/et_pb_section]<\/p>","protected":false},"excerpt":{"rendered":"<p>titre : VIVUSCat\u00e9gorie : UNITE DE CREATION INTERSTITIELLE ObjectifUne exploration flottante de la vie et de ses langages \u00e9mergents ContexteVIVUS a pris forme comme unit\u00e9 de cr\u00e9ation itin\u00e9rante \u00e0 bord d\u2019une p\u00e9niche sur les rivi\u00e8res d\u2019Europe, dans le cadre de la direction artistique de r\u00e9sidence que nous avons assur\u00e9e pour Fluctuations, un festival fluide reliant [&hellip;]<\/p>","protected":false},"author":2,"featured_media":0,"parent":0,"menu_order":0,"comment_status":"closed","ping_status":"closed","template":"","meta":{"_et_pb_use_builder":"on","_et_pb_old_content":"","_et_gb_content_width":"","content-type":"","footnotes":""},"class_list":["post-584","page","type-page","status-publish","hentry"],"yoast_head":"<!-- This site is optimized with the Yoast SEO plugin v26.2 - https:\/\/yoast.com\/wordpress\/plugins\/seo\/ -->\n<title>Vivus - ce-ci<\/title>\n<meta name=\"robots\" content=\"index, follow, max-snippet:-1, max-image-preview:large, max-video-preview:-1\" \/>\n<link rel=\"canonical\" href=\"https:\/\/ce-ci.fr\/en\/vivus\/\" \/>\n<meta property=\"og:locale\" content=\"en_GB\" \/>\n<meta property=\"og:type\" content=\"article\" \/>\n<meta property=\"og:title\" content=\"Vivus - ce-ci\" \/>\n<meta property=\"og:description\" content=\"titre : VIVUSCat\u00e9gorie : UNITE DE CREATION INTERSTITIELLE ObjectifUne exploration flottante de la vie et de ses langages \u00e9mergents ContexteVIVUS a pris forme comme unit\u00e9 de cr\u00e9ation itin\u00e9rante \u00e0 bord d\u2019une p\u00e9niche sur les rivi\u00e8res d\u2019Europe, dans le cadre de la direction artistique de r\u00e9sidence que nous avons assur\u00e9e pour Fluctuations, un festival fluide reliant [&hellip;]\" \/>\n<meta property=\"og:url\" content=\"https:\/\/ce-ci.fr\/en\/vivus\/\" \/>\n<meta property=\"og:site_name\" content=\"ce-ci\" \/>\n<meta property=\"article:modified_time\" content=\"2025-06-12T13:42:27+00:00\" \/>\n<meta name=\"twitter:card\" content=\"summary_large_image\" \/>\n<meta name=\"twitter:label1\" content=\"Estimated reading time\" \/>\n\t<meta name=\"twitter:data1\" content=\"5 minutes\" \/>\n<script type=\"application\/ld+json\" class=\"yoast-schema-graph\">{\"@context\":\"https:\/\/schema.org\",\"@graph\":[{\"@type\":\"WebPage\",\"@id\":\"https:\/\/ce-ci.fr\/vivus\/\",\"url\":\"https:\/\/ce-ci.fr\/vivus\/\",\"name\":\"Vivus - ce-ci\",\"isPartOf\":{\"@id\":\"https:\/\/ce-ci.fr\/#website\"},\"datePublished\":\"2025-05-27T07:45:04+00:00\",\"dateModified\":\"2025-06-12T13:42:27+00:00\",\"breadcrumb\":{\"@id\":\"https:\/\/ce-ci.fr\/vivus\/#breadcrumb\"},\"inLanguage\":\"en-GB\",\"potentialAction\":[{\"@type\":\"ReadAction\",\"target\":[\"https:\/\/ce-ci.fr\/vivus\/\"]}]},{\"@type\":\"BreadcrumbList\",\"@id\":\"https:\/\/ce-ci.fr\/vivus\/#breadcrumb\",\"itemListElement\":[{\"@type\":\"ListItem\",\"position\":1,\"name\":\"Home\",\"item\":\"https:\/\/ce-ci.fr\/\"},{\"@type\":\"ListItem\",\"position\":2,\"name\":\"Vivus\"}]},{\"@type\":\"WebSite\",\"@id\":\"https:\/\/ce-ci.fr\/#website\",\"url\":\"https:\/\/ce-ci.fr\/\",\"name\":\"ce-ci\",\"description\":\"Centre de Cr\u00e9ation Interstitielle\",\"potentialAction\":[{\"@type\":\"SearchAction\",\"target\":{\"@type\":\"EntryPoint\",\"urlTemplate\":\"https:\/\/ce-ci.fr\/?s={search_term_string}\"},\"query-input\":{\"@type\":\"PropertyValueSpecification\",\"valueRequired\":true,\"valueName\":\"search_term_string\"}}],\"inLanguage\":\"en-GB\"}]}<\/script>\n<!-- \/ Yoast SEO plugin. -->","yoast_head_json":{"title":"Vivus - ce-ci","robots":{"index":"index","follow":"follow","max-snippet":"max-snippet:-1","max-image-preview":"max-image-preview:large","max-video-preview":"max-video-preview:-1"},"canonical":"https:\/\/ce-ci.fr\/en\/vivus\/","og_locale":"en_GB","og_type":"article","og_title":"Vivus - ce-ci","og_description":"titre : VIVUSCat\u00e9gorie : UNITE DE CREATION INTERSTITIELLE ObjectifUne exploration flottante de la vie et de ses langages \u00e9mergents ContexteVIVUS a pris forme comme unit\u00e9 de cr\u00e9ation itin\u00e9rante \u00e0 bord d\u2019une p\u00e9niche sur les rivi\u00e8res d\u2019Europe, dans le cadre de la direction artistique de r\u00e9sidence que nous avons assur\u00e9e pour Fluctuations, un festival fluide reliant [&hellip;]","og_url":"https:\/\/ce-ci.fr\/en\/vivus\/","og_site_name":"ce-ci","article_modified_time":"2025-06-12T13:42:27+00:00","twitter_card":"summary_large_image","twitter_misc":{"Estimated reading time":"5 minutes"},"schema":{"@context":"https:\/\/schema.org","@graph":[{"@type":"WebPage","@id":"https:\/\/ce-ci.fr\/vivus\/","url":"https:\/\/ce-ci.fr\/vivus\/","name":"Vivus - ce-ci","isPartOf":{"@id":"https:\/\/ce-ci.fr\/#website"},"datePublished":"2025-05-27T07:45:04+00:00","dateModified":"2025-06-12T13:42:27+00:00","breadcrumb":{"@id":"https:\/\/ce-ci.fr\/vivus\/#breadcrumb"},"inLanguage":"en-GB","potentialAction":[{"@type":"ReadAction","target":["https:\/\/ce-ci.fr\/vivus\/"]}]},{"@type":"BreadcrumbList","@id":"https:\/\/ce-ci.fr\/vivus\/#breadcrumb","itemListElement":[{"@type":"ListItem","position":1,"name":"Home","item":"https:\/\/ce-ci.fr\/"},{"@type":"ListItem","position":2,"name":"Vivus"}]},{"@type":"WebSite","@id":"https:\/\/ce-ci.fr\/#website","url":"https:\/\/ce-ci.fr\/","name":"ce-ci","description":"Centre de Cr\u00e9ation Interstitielle","potentialAction":[{"@type":"SearchAction","target":{"@type":"EntryPoint","urlTemplate":"https:\/\/ce-ci.fr\/?s={search_term_string}"},"query-input":{"@type":"PropertyValueSpecification","valueRequired":true,"valueName":"search_term_string"}}],"inLanguage":"en-GB"}]}},"_links":{"self":[{"href":"https:\/\/ce-ci.fr\/en\/wp-json\/wp\/v2\/pages\/584","targetHints":{"allow":["GET"]}}],"collection":[{"href":"https:\/\/ce-ci.fr\/en\/wp-json\/wp\/v2\/pages"}],"about":[{"href":"https:\/\/ce-ci.fr\/en\/wp-json\/wp\/v2\/types\/page"}],"author":[{"embeddable":true,"href":"https:\/\/ce-ci.fr\/en\/wp-json\/wp\/v2\/users\/2"}],"replies":[{"embeddable":true,"href":"https:\/\/ce-ci.fr\/en\/wp-json\/wp\/v2\/comments?post=584"}],"version-history":[{"count":8,"href":"https:\/\/ce-ci.fr\/en\/wp-json\/wp\/v2\/pages\/584\/revisions"}],"predecessor-version":[{"id":873,"href":"https:\/\/ce-ci.fr\/en\/wp-json\/wp\/v2\/pages\/584\/revisions\/873"}],"wp:attachment":[{"href":"https:\/\/ce-ci.fr\/en\/wp-json\/wp\/v2\/media?parent=584"}],"curies":[{"name":"wp","href":"https:\/\/api.w.org\/{rel}","templated":true}]}}