{"id":602,"date":"2025-05-27T06:56:26","date_gmt":"2025-05-27T06:56:26","guid":{"rendered":"https:\/\/ce-ci.fr\/?page_id=602"},"modified":"2025-07-02T17:44:22","modified_gmt":"2025-07-02T17:44:22","slug":"presentation","status":"publish","type":"page","link":"https:\/\/ce-ci.fr\/en\/presentation\/","title":{"rendered":"who we are"},"content":{"rendered":"<p>[et_pb_section fb_built=\u00a0\u00bb1&Prime; admin_label=\u00a0\u00bbHeader &#038; Contact Form\u00a0\u00bb _builder_version=\u00a0\u00bb4.27.4&Prime; _module_preset=\u00a0\u00bbdefault\u00a0\u00bb custom_margin=\u00a0\u00bb0px||0px||true|false\u00a0\u00bb custom_padding=\u00a0\u00bb0px||0px||true|false\u00a0\u00bb collapsed=\u00a0\u00bbon\u00a0\u00bb global_colors_info=\u00a0\u00bb{}\u00a0\u00bb][et_pb_row column_structure=\u00a0\u00bb1_2,1_2&Prime; use_custom_gutter=\u00a0\u00bbon\u00a0\u00bb make_equal=\u00a0\u00bbon\u00a0\u00bb _builder_version=\u00a0\u00bb4.27.4&Prime; _module_preset=\u00a0\u00bbdefault\u00a0\u00bb background_enable_color=\u00a0\u00bboff\u00a0\u00bb width=\u00a0\u00bb90vw\u00a0\u00bb width_tablet=\u00a0\u00bb90vw\u00a0\u00bb width_phone=\u00a0\u00bb90vw\u00a0\u00bb width_last_edited=\u00a0\u00bbon|desktop\u00a0\u00bb max_width=\u00a0\u00bbnone\u00a0\u00bb custom_margin=\u00a0\u00bb0px||0px||true|false\u00a0\u00bb custom_padding=\u00a0\u00bb0px||0px||true|false\u00a0\u00bb locked=\u00a0\u00bboff\u00a0\u00bb global_colors_info=\u00a0\u00bb{}\u00a0\u00bb][et_pb_column type=\u00a0\u00bb1_2&Prime; _builder_version=\u00a0\u00bb4.27.4&Prime; _module_preset=\u00a0\u00bbdefault\u00a0\u00bb custom_padding=\u00a0\u00bb60px|||6vw|false|false\u00a0\u00bb global_colors_info=\u00a0\u00bb{}\u00a0\u00bb][et_pb_text _builder_version=\u00a0\u00bb4.27.4&Prime; _module_preset=\u00a0\u00bbdefault\u00a0\u00bb text_line_height=\u00a0\u00bb1.6em\u00a0\u00bb header_6_font=\u00a0\u00bbChivo||||||||\u00a0\u00bb header_6_font_size=\u00a0\u00bb17px\u00a0\u00bb header_6_line_height=\u00a0\u00bb1.6em\u00a0\u00bb hover_enabled=\u00a0\u00bb0&Prime; locked=\u00a0\u00bboff\u00a0\u00bb global_colors_info=\u00a0\u00bb{}\u00a0\u00bb sticky_enabled=\u00a0\u00bb0&Prime;]<\/p>\n<h1>who we are<\/h1>\n<p class=\"translation-block\">ce-ci is a centre for artistic research and creation, based in Paris and Loisy (Centre\u2013Val de Loire), with an international reach. It develops interstitial creation as a new form of art.<\/p>\n<p class=\"translation-block\">Interstitial creation explores what happens in the space between things. It sees these in-between spaces as living, fertile ground for new ways of perceiving, connecting, and imagining.<\/p>\n<h2>Aims<\/h2>\n<ul>\n<li aria-level=\"1\" class=\"translation-block\">Generate experiences beyond the established categories of knowledge<\/li>\n<li aria-level=\"1\">Let forms of life emerge that are unforeseen by dominant systems\u00a0<\/li>\n<li aria-level=\"1\">Cultivate undisciplined practices\u00a0<\/li>\n<li aria-level=\"1\" class=\"translation-block\">Develop interstitial creation as an independent field<\/li>\n<li aria-level=\"1\" class=\"translation-block\">Contribute to transforming the art world through non-conforming means<\/li>\n<li aria-level=\"1\" class=\"translation-block\">Help our societies evolve through art so they can better support life.<\/li>\n<\/ul>\n<ul><\/ul>\n<h2>Types of activities<\/h2>\n<p><span style=\"color: #8300e9;\"><\/span><\/p>\n<ul>\n<li>Artistic research projects on interstices<\/li>\n<li>Tailor-made projects with partners by theme or territory<\/li>\n<li>Interstitial learning offers<\/li>\n<li>Transdisciplinary residencies for research and creation<\/li>\n<li>Carte blanche for any initiative highlighting interstices<\/li>\n<li>Crowd games<\/li>\n<li>In-situ artistic interventions.<\/li>\n<\/ul>\n<p>[\/et_pb_text][\/et_pb_column][et_pb_column type=\u00a0\u00bb1_2&Prime; _builder_version=\u00a0\u00bb4.27.4&Prime; _module_preset=\u00a0\u00bbdefault\u00a0\u00bb background_enable_color=\u00a0\u00bboff\u00a0\u00bb custom_padding=\u00a0\u00bb||||false|false\u00a0\u00bb custom_css_main_element=\u00a0\u00bbmargin: auto;\u00a0\u00bb global_colors_info=\u00a0\u00bb{}\u00a0\u00bb][et_pb_image src=\u00a0\u00bbhttps:\/\/ce-ci.fr\/wp-content\/uploads\/2025\/05\/Asset-2.png\u00a0\u00bb title_text=\u00a0\u00bbAsset 2&Prime; align_tablet=\u00a0\u00bbcenter\u00a0\u00bb align_phone=\u00a0\u00bbcenter\u00a0\u00bb align_last_edited=\u00a0\u00bbon|desktop\u00a0\u00bb _builder_version=\u00a0\u00bb4.27.4&Prime; _module_preset=\u00a0\u00bbdefault\u00a0\u00bb background_enable_color=\u00a0\u00bboff\u00a0\u00bb max_width_tablet=\u00a0\u00bb80vw\u00a0\u00bb max_width_phone=\u00a0\u00bb80vw\u00a0\u00bb max_width_last_edited=\u00a0\u00bbon|phone\u00a0\u00bb max_height=\u00a0\u00bb80vh\u00a0\u00bb max_height_tablet=\u00a0\u00bb80vh\u00a0\u00bb max_height_phone=\u00a0\u00bb80vh\u00a0\u00bb max_height_last_edited=\u00a0\u00bbon|phone\u00a0\u00bb custom_margin=\u00a0\u00bb0px||0px||true|false\u00a0\u00bb custom_padding=\u00a0\u00bb||||false|false\u00a0\u00bb module_alignment_tablet=\u00a0\u00bb\u00a0\u00bb module_alignment_phone=\u00a0\u00bbcenter\u00a0\u00bb module_alignment_last_edited=\u00a0\u00bbon|desktop\u00a0\u00bb global_colors_info=\u00a0\u00bb{}\u00a0\u00bb][\/et_pb_image][\/et_pb_column][\/et_pb_row][\/et_pb_section]<\/p>","protected":false},"excerpt":{"rendered":"<p>pr\u00e9sentation ce-ci est un centre de recherche et de cr\u00e9ation bas\u00e9 \u00e0 Paris et \u00e0 Loisy (Centre &#8211; Val de Loire), avec une port\u00e9e internationale, qui d\u00e9veloppe la cr\u00e9ation interstitielle comme nouvelle forme d\u2019art. La cr\u00e9ation interstitielle d\u00e9finit l\u2019espace entre les choses comme autant de lieux de possibles permettant de repousser nos perceptions de la [&hellip;]<\/p>","protected":false},"author":2,"featured_media":0,"parent":0,"menu_order":0,"comment_status":"closed","ping_status":"closed","template":"","meta":{"_et_pb_use_builder":"on","_et_pb_old_content":"","_et_gb_content_width":"","content-type":"","footnotes":""},"class_list":["post-602","page","type-page","status-publish","hentry"],"yoast_head":"<!-- This site is optimized with the Yoast SEO plugin v26.2 - https:\/\/yoast.com\/wordpress\/plugins\/seo\/ -->\n<title>pr\u00e9sentation - ce-ci<\/title>\n<meta name=\"robots\" content=\"index, follow, max-snippet:-1, max-image-preview:large, max-video-preview:-1\" \/>\n<link rel=\"canonical\" href=\"https:\/\/ce-ci.fr\/en\/presentation\/\" \/>\n<meta property=\"og:locale\" content=\"en_GB\" \/>\n<meta property=\"og:type\" content=\"article\" \/>\n<meta property=\"og:title\" content=\"pr\u00e9sentation - ce-ci\" \/>\n<meta property=\"og:description\" content=\"pr\u00e9sentation ce-ci est un centre de recherche et de cr\u00e9ation bas\u00e9 \u00e0 Paris et \u00e0 Loisy (Centre - Val de Loire), avec une port\u00e9e internationale, qui d\u00e9veloppe la cr\u00e9ation interstitielle comme nouvelle forme d\u2019art. La cr\u00e9ation interstitielle d\u00e9finit l\u2019espace entre les choses comme autant de lieux de possibles permettant de repousser nos perceptions de la [&hellip;]\" \/>\n<meta property=\"og:url\" content=\"https:\/\/ce-ci.fr\/en\/presentation\/\" \/>\n<meta property=\"og:site_name\" content=\"ce-ci\" \/>\n<meta property=\"article:modified_time\" content=\"2025-07-02T17:44:22+00:00\" \/>\n<meta name=\"twitter:card\" content=\"summary_large_image\" \/>\n<meta name=\"twitter:label1\" content=\"Estimated reading time\" \/>\n\t<meta name=\"twitter:data1\" content=\"2 minutes\" \/>\n<script type=\"application\/ld+json\" class=\"yoast-schema-graph\">{\"@context\":\"https:\/\/schema.org\",\"@graph\":[{\"@type\":\"WebPage\",\"@id\":\"https:\/\/ce-ci.fr\/presentation\/\",\"url\":\"https:\/\/ce-ci.fr\/presentation\/\",\"name\":\"pr\u00e9sentation - ce-ci\",\"isPartOf\":{\"@id\":\"https:\/\/ce-ci.fr\/#website\"},\"datePublished\":\"2025-05-27T06:56:26+00:00\",\"dateModified\":\"2025-07-02T17:44:22+00:00\",\"breadcrumb\":{\"@id\":\"https:\/\/ce-ci.fr\/presentation\/#breadcrumb\"},\"inLanguage\":\"en-GB\",\"potentialAction\":[{\"@type\":\"ReadAction\",\"target\":[\"https:\/\/ce-ci.fr\/presentation\/\"]}]},{\"@type\":\"BreadcrumbList\",\"@id\":\"https:\/\/ce-ci.fr\/presentation\/#breadcrumb\",\"itemListElement\":[{\"@type\":\"ListItem\",\"position\":1,\"name\":\"Home\",\"item\":\"https:\/\/ce-ci.fr\/\"},{\"@type\":\"ListItem\",\"position\":2,\"name\":\"pr\u00e9sentation\"}]},{\"@type\":\"WebSite\",\"@id\":\"https:\/\/ce-ci.fr\/#website\",\"url\":\"https:\/\/ce-ci.fr\/\",\"name\":\"ce-ci\",\"description\":\"Centre de Cr\u00e9ation Interstitielle\",\"potentialAction\":[{\"@type\":\"SearchAction\",\"target\":{\"@type\":\"EntryPoint\",\"urlTemplate\":\"https:\/\/ce-ci.fr\/?s={search_term_string}\"},\"query-input\":{\"@type\":\"PropertyValueSpecification\",\"valueRequired\":true,\"valueName\":\"search_term_string\"}}],\"inLanguage\":\"en-GB\"}]}<\/script>\n<!-- \/ Yoast SEO plugin. -->","yoast_head_json":{"title":"pr\u00e9sentation - ce-ci","robots":{"index":"index","follow":"follow","max-snippet":"max-snippet:-1","max-image-preview":"max-image-preview:large","max-video-preview":"max-video-preview:-1"},"canonical":"https:\/\/ce-ci.fr\/en\/presentation\/","og_locale":"en_GB","og_type":"article","og_title":"pr\u00e9sentation - ce-ci","og_description":"pr\u00e9sentation ce-ci est un centre de recherche et de cr\u00e9ation bas\u00e9 \u00e0 Paris et \u00e0 Loisy (Centre - Val de Loire), avec une port\u00e9e internationale, qui d\u00e9veloppe la cr\u00e9ation interstitielle comme nouvelle forme d\u2019art. La cr\u00e9ation interstitielle d\u00e9finit l\u2019espace entre les choses comme autant de lieux de possibles permettant de repousser nos perceptions de la [&hellip;]","og_url":"https:\/\/ce-ci.fr\/en\/presentation\/","og_site_name":"ce-ci","article_modified_time":"2025-07-02T17:44:22+00:00","twitter_card":"summary_large_image","twitter_misc":{"Estimated reading time":"2 minutes"},"schema":{"@context":"https:\/\/schema.org","@graph":[{"@type":"WebPage","@id":"https:\/\/ce-ci.fr\/presentation\/","url":"https:\/\/ce-ci.fr\/presentation\/","name":"pr\u00e9sentation - ce-ci","isPartOf":{"@id":"https:\/\/ce-ci.fr\/#website"},"datePublished":"2025-05-27T06:56:26+00:00","dateModified":"2025-07-02T17:44:22+00:00","breadcrumb":{"@id":"https:\/\/ce-ci.fr\/presentation\/#breadcrumb"},"inLanguage":"en-GB","potentialAction":[{"@type":"ReadAction","target":["https:\/\/ce-ci.fr\/presentation\/"]}]},{"@type":"BreadcrumbList","@id":"https:\/\/ce-ci.fr\/presentation\/#breadcrumb","itemListElement":[{"@type":"ListItem","position":1,"name":"Home","item":"https:\/\/ce-ci.fr\/"},{"@type":"ListItem","position":2,"name":"pr\u00e9sentation"}]},{"@type":"WebSite","@id":"https:\/\/ce-ci.fr\/#website","url":"https:\/\/ce-ci.fr\/","name":"ce-ci","description":"Centre de Cr\u00e9ation Interstitielle","potentialAction":[{"@type":"SearchAction","target":{"@type":"EntryPoint","urlTemplate":"https:\/\/ce-ci.fr\/?s={search_term_string}"},"query-input":{"@type":"PropertyValueSpecification","valueRequired":true,"valueName":"search_term_string"}}],"inLanguage":"en-GB"}]}},"_links":{"self":[{"href":"https:\/\/ce-ci.fr\/en\/wp-json\/wp\/v2\/pages\/602","targetHints":{"allow":["GET"]}}],"collection":[{"href":"https:\/\/ce-ci.fr\/en\/wp-json\/wp\/v2\/pages"}],"about":[{"href":"https:\/\/ce-ci.fr\/en\/wp-json\/wp\/v2\/types\/page"}],"author":[{"embeddable":true,"href":"https:\/\/ce-ci.fr\/en\/wp-json\/wp\/v2\/users\/2"}],"replies":[{"embeddable":true,"href":"https:\/\/ce-ci.fr\/en\/wp-json\/wp\/v2\/comments?post=602"}],"version-history":[{"count":27,"href":"https:\/\/ce-ci.fr\/en\/wp-json\/wp\/v2\/pages\/602\/revisions"}],"predecessor-version":[{"id":1521,"href":"https:\/\/ce-ci.fr\/en\/wp-json\/wp\/v2\/pages\/602\/revisions\/1521"}],"wp:attachment":[{"href":"https:\/\/ce-ci.fr\/en\/wp-json\/wp\/v2\/media?parent=602"}],"curies":[{"name":"wp","href":"https:\/\/api.w.org\/{rel}","templated":true}]}}