{"id":62,"date":"2025-05-10T10:38:59","date_gmt":"2025-05-10T10:38:59","guid":{"rendered":"http:\/\/ce-ci.fr\/?page_id=62"},"modified":"2025-07-02T10:23:32","modified_gmt":"2025-07-02T10:23:32","slug":"contact","status":"publish","type":"page","link":"https:\/\/ce-ci.fr\/en\/contact\/","title":{"rendered":"contact"},"content":{"rendered":"<p>[et_pb_section fb_built=\u00a0\u00bb1&Prime; admin_label=\u00a0\u00bbHeader &#038; Contact Form\u00a0\u00bb _builder_version=\u00a0\u00bb4.27.4&Prime; _module_preset=\u00a0\u00bbdefault\u00a0\u00bb custom_margin=\u00a0\u00bb0px||0px||true|false\u00a0\u00bb custom_padding=\u00a0\u00bb0px||0px||true|false\u00a0\u00bb collapsed=\u00a0\u00bbon\u00a0\u00bb global_colors_info=\u00a0\u00bb{}\u00a0\u00bb][et_pb_row column_structure=\u00a0\u00bb1_2,1_2&Prime; use_custom_gutter=\u00a0\u00bbon\u00a0\u00bb make_equal=\u00a0\u00bbon\u00a0\u00bb _builder_version=\u00a0\u00bb4.27.4&Prime; _module_preset=\u00a0\u00bbdefault\u00a0\u00bb background_enable_color=\u00a0\u00bboff\u00a0\u00bb width=\u00a0\u00bb90vw\u00a0\u00bb width_tablet=\u00a0\u00bb90vw\u00a0\u00bb width_phone=\u00a0\u00bb90vw\u00a0\u00bb width_last_edited=\u00a0\u00bbon|desktop\u00a0\u00bb max_width=\u00a0\u00bbnone\u00a0\u00bb custom_margin=\u00a0\u00bb0px||0px||true|false\u00a0\u00bb custom_padding=\u00a0\u00bb0px||0px||true|false\u00a0\u00bb locked=\u00a0\u00bboff\u00a0\u00bb global_colors_info=\u00a0\u00bb{}\u00a0\u00bb][et_pb_column type=\u00a0\u00bb1_2&Prime; _builder_version=\u00a0\u00bb4.27.4&Prime; _module_preset=\u00a0\u00bbdefault\u00a0\u00bb custom_padding=\u00a0\u00bb60px|||6vw|false|false\u00a0\u00bb global_colors_info=\u00a0\u00bb{}\u00a0\u00bb][et_pb_text _builder_version=\u00a0\u00bb4.27.4&Prime; _module_preset=\u00a0\u00bbdefault\u00a0\u00bb text_line_height=\u00a0\u00bb1.6em\u00a0\u00bb header_6_font=\u00a0\u00bbChivo||||||||\u00a0\u00bb header_6_font_size=\u00a0\u00bb17px\u00a0\u00bb header_6_line_height=\u00a0\u00bb1.6em\u00a0\u00bb hover_enabled=\u00a0\u00bb0&Prime; locked=\u00a0\u00bboff\u00a0\u00bb global_colors_info=\u00a0\u00bb{}\u00a0\u00bb sticky_enabled=\u00a0\u00bb0&Prime;]<\/p>\n<h1>contact<\/h1>\n<h6 class=\"p1\"><b>Get in touch<\/b><\/h6>\n<p class=\"p1\">Have a question or want to explore a collaboration? Feel free to write to us at:<br \/>\u00c9crivez-nous \u00e0 :<\/p>\n<p style=\"text-align: center;\"><strong style=\"text-align: center;\"><a href=\"mailto:info@ce-ci.fr\" target=\"_blank\" rel=\"noopener\">info@ce-ci.fr<\/a><\/strong><\/p>\n<p style=\"text-align: center;\"><strong><\/strong><\/p>\n<p style=\"text-align: center;\"><strong><\/strong><\/p>\n<h6 class=\"p1\"><b>Stay connected<\/b><\/h6>\n<p class=\"p2\">To hear from us and follow the life of ce-ci, subscribe to our newsletter using this form. It is the best way to stay updated on our projects, events, and invitations.<\/p>\n<p class=\"p2\">You can also follow us on <a href=\"https:\/\/www.instagram.com\/creation_interstitielle\/\" target=\"_blank\" rel=\"noopener\">Instagram.<\/a><\/p>\n<p>See you soon, somewhere in the interstices.<\/p>\n<p>[\/et_pb_text][\/et_pb_column][et_pb_column type=\u00a0\u00bb1_2&Prime; _builder_version=\u00a0\u00bb4.27.4&Prime; _module_preset=\u00a0\u00bbdefault\u00a0\u00bb background_enable_color=\u00a0\u00bboff\u00a0\u00bb custom_padding=\u00a0\u00bb||||false|false\u00a0\u00bb custom_css_main_element=\u00a0\u00bbdisplay: flex;||flex-wrap: wrap;||align-content: center;\u00a0\u00bb global_colors_info=\u00a0\u00bb{}\u00a0\u00bb][et_pb_signup provider=\u00a0\u00bbhubspot\u00a0\u00bb hubspot_list=\u00a0\u00bbce-ci hubspot|4&Prime; layout=\u00a0\u00bbtop_bottom\u00a0\u00bb success_message=\u00a0\u00bb\u00c0 bient\u00f4t\u00a0\u00bb button_text=\u00a0\u00bbRecevoir des nouvelles\u00a0\u00bb _builder_version=\u00a0\u00bb4.27.4&Prime; _module_preset=\u00a0\u00bbdefault\u00a0\u00bb form_field_background_color=\u00a0\u00bbrgba(255,255,255,0.7)\u00a0\u00bb form_field_text_color=\u00a0\u00bb#333333&Prime; form_field_custom_margin=\u00a0\u00bb1vh||||false|false\u00a0\u00bb form_field_custom_margin_tablet=\u00a0\u00bb1vh||||false|false\u00a0\u00bb form_field_custom_margin_phone=\u00a0\u00bb1vh||||false|false\u00a0\u00bb form_field_custom_margin_last_edited=\u00a0\u00bbon|desktop\u00a0\u00bb header_font=\u00a0\u00bbChivo||||||||\u00a0\u00bb body_font=\u00a0\u00bbChivo|300|||||||\u00a0\u00bb body_font_size=\u00a0\u00bb18px\u00a0\u00bb body_line_height=\u00a0\u00bb1.4em\u00a0\u00bb result_message_font=\u00a0\u00bbChivo||||||||\u00a0\u00bb form_field_font=\u00a0\u00bbChivo||||||||\u00a0\u00bb form_field_font_size=\u00a0\u00bb14px\u00a0\u00bb form_field_letter_spacing=\u00a0\u00bb1px\u00a0\u00bb background_color=\u00a0\u00bbrgba(51,51,51,0.5)\u00a0\u00bb custom_button=\u00a0\u00bbon\u00a0\u00bb button_text_color=\u00a0\u00bb#8300E9&Prime; button_bg_color=\u00a0\u00bbrgba(255,255,255,0.5)\u00a0\u00bb button_border_color=\u00a0\u00bb#8300E9&Prime; button_font=\u00a0\u00bbChivo||||||||\u00a0\u00bb button_icon=\u00a0\u00bb&#xe076;||divi||400&Prime; button_icon_color=\u00a0\u00bb#8300E9&Prime; button_custom_margin=\u00a0\u00bb1vh||||false|false\u00a0\u00bb custom_margin=\u00a0\u00bb5vh||||false|false\u00a0\u00bb custom_margin_tablet=\u00a0\u00bb||||false|false\u00a0\u00bb custom_margin_phone=\u00a0\u00bb2vh||2vh||true|false\u00a0\u00bb custom_margin_last_edited=\u00a0\u00bbon|phone\u00a0\u00bb button_bg_color_tablet=\u00a0\u00bbrgba(255,255,255,0.5)\u00a0\u00bb button_bg_color_phone=\u00a0\u00bbrgba(255,255,255,0.5)\u00a0\u00bb button_bg_color_last_edited=\u00a0\u00bbon|desktop\u00a0\u00bb global_colors_info=\u00a0\u00bb{}\u00a0\u00bb button_bg_color__hover_enabled=\u00a0\u00bbon|desktop\u00a0\u00bb button_bg_color__hover=\u00a0\u00bbrgba(255,255,255,0.5)\u00a0\u00bb][\/et_pb_signup][\/et_pb_column][\/et_pb_row][\/et_pb_section]<\/p>","protected":false},"excerpt":{"rendered":"<p>contact Contactez-nous Vous avez une question ou souhaitez explorer une collaboration?\u00c9crivez-nous \u00e0 : info@ce-ci.fr Restez connect\u00e9.e.s Pour recevoir nos actualit\u00e9s et suivre la vie de ce-ci, inscrivez-vous \u00e0 notre newsletter sur ce formulaire. C\u2019est le meilleur moyen de rester inform\u00e9\u00b7e de nos projets, \u00e9v\u00e9nements et invitations. Vous pouvez aussi nous suivre sur Instagram. A bient\u00f4t [&hellip;]<\/p>","protected":false},"author":1,"featured_media":0,"parent":0,"menu_order":0,"comment_status":"closed","ping_status":"closed","template":"","meta":{"_et_pb_use_builder":"on","_et_pb_old_content":"","_et_gb_content_width":"","content-type":"","footnotes":""},"class_list":["post-62","page","type-page","status-publish","hentry"],"yoast_head":"<!-- This site is optimized with the Yoast SEO plugin v26.2 - https:\/\/yoast.com\/wordpress\/plugins\/seo\/ -->\n<title>contact - ce-ci<\/title>\n<meta name=\"robots\" content=\"index, follow, max-snippet:-1, max-image-preview:large, max-video-preview:-1\" \/>\n<link rel=\"canonical\" href=\"https:\/\/ce-ci.fr\/en\/contact\/\" \/>\n<meta property=\"og:locale\" content=\"en_GB\" \/>\n<meta property=\"og:type\" content=\"article\" \/>\n<meta property=\"og:title\" content=\"contact - ce-ci\" \/>\n<meta property=\"og:description\" content=\"contact Contactez-nous Vous avez une question ou souhaitez explorer une collaboration?\u00c9crivez-nous \u00e0 : info@ce-ci.fr Restez connect\u00e9.e.s Pour recevoir nos actualit\u00e9s et suivre la vie de ce-ci, inscrivez-vous \u00e0 notre newsletter sur ce formulaire. C\u2019est le meilleur moyen de rester inform\u00e9\u00b7e de nos projets, \u00e9v\u00e9nements et invitations. Vous pouvez aussi nous suivre sur Instagram. A bient\u00f4t [&hellip;]\" \/>\n<meta property=\"og:url\" content=\"https:\/\/ce-ci.fr\/en\/contact\/\" \/>\n<meta property=\"og:site_name\" content=\"ce-ci\" \/>\n<meta property=\"article:modified_time\" content=\"2025-07-02T10:23:32+00:00\" \/>\n<meta name=\"twitter:card\" content=\"summary_large_image\" \/>\n<meta name=\"twitter:label1\" content=\"Estimated reading time\" \/>\n\t<meta name=\"twitter:data1\" content=\"2 minutes\" \/>\n<script type=\"application\/ld+json\" class=\"yoast-schema-graph\">{\"@context\":\"https:\/\/schema.org\",\"@graph\":[{\"@type\":\"WebPage\",\"@id\":\"https:\/\/ce-ci.fr\/contact\/\",\"url\":\"https:\/\/ce-ci.fr\/contact\/\",\"name\":\"contact - ce-ci\",\"isPartOf\":{\"@id\":\"https:\/\/ce-ci.fr\/#website\"},\"datePublished\":\"2025-05-10T10:38:59+00:00\",\"dateModified\":\"2025-07-02T10:23:32+00:00\",\"breadcrumb\":{\"@id\":\"https:\/\/ce-ci.fr\/contact\/#breadcrumb\"},\"inLanguage\":\"en-GB\",\"potentialAction\":[{\"@type\":\"ReadAction\",\"target\":[\"https:\/\/ce-ci.fr\/contact\/\"]}]},{\"@type\":\"BreadcrumbList\",\"@id\":\"https:\/\/ce-ci.fr\/contact\/#breadcrumb\",\"itemListElement\":[{\"@type\":\"ListItem\",\"position\":1,\"name\":\"Home\",\"item\":\"https:\/\/ce-ci.fr\/\"},{\"@type\":\"ListItem\",\"position\":2,\"name\":\"contact\"}]},{\"@type\":\"WebSite\",\"@id\":\"https:\/\/ce-ci.fr\/#website\",\"url\":\"https:\/\/ce-ci.fr\/\",\"name\":\"ce-ci\",\"description\":\"Centre de Cr\u00e9ation Interstitielle\",\"potentialAction\":[{\"@type\":\"SearchAction\",\"target\":{\"@type\":\"EntryPoint\",\"urlTemplate\":\"https:\/\/ce-ci.fr\/?s={search_term_string}\"},\"query-input\":{\"@type\":\"PropertyValueSpecification\",\"valueRequired\":true,\"valueName\":\"search_term_string\"}}],\"inLanguage\":\"en-GB\"}]}<\/script>\n<!-- \/ Yoast SEO plugin. -->","yoast_head_json":{"title":"contact - ce-ci","robots":{"index":"index","follow":"follow","max-snippet":"max-snippet:-1","max-image-preview":"max-image-preview:large","max-video-preview":"max-video-preview:-1"},"canonical":"https:\/\/ce-ci.fr\/en\/contact\/","og_locale":"en_GB","og_type":"article","og_title":"contact - ce-ci","og_description":"contact Contactez-nous Vous avez une question ou souhaitez explorer une collaboration?\u00c9crivez-nous \u00e0 : info@ce-ci.fr Restez connect\u00e9.e.s Pour recevoir nos actualit\u00e9s et suivre la vie de ce-ci, inscrivez-vous \u00e0 notre newsletter sur ce formulaire. C\u2019est le meilleur moyen de rester inform\u00e9\u00b7e de nos projets, \u00e9v\u00e9nements et invitations. Vous pouvez aussi nous suivre sur Instagram. A bient\u00f4t [&hellip;]","og_url":"https:\/\/ce-ci.fr\/en\/contact\/","og_site_name":"ce-ci","article_modified_time":"2025-07-02T10:23:32+00:00","twitter_card":"summary_large_image","twitter_misc":{"Estimated reading time":"2 minutes"},"schema":{"@context":"https:\/\/schema.org","@graph":[{"@type":"WebPage","@id":"https:\/\/ce-ci.fr\/contact\/","url":"https:\/\/ce-ci.fr\/contact\/","name":"contact - ce-ci","isPartOf":{"@id":"https:\/\/ce-ci.fr\/#website"},"datePublished":"2025-05-10T10:38:59+00:00","dateModified":"2025-07-02T10:23:32+00:00","breadcrumb":{"@id":"https:\/\/ce-ci.fr\/contact\/#breadcrumb"},"inLanguage":"en-GB","potentialAction":[{"@type":"ReadAction","target":["https:\/\/ce-ci.fr\/contact\/"]}]},{"@type":"BreadcrumbList","@id":"https:\/\/ce-ci.fr\/contact\/#breadcrumb","itemListElement":[{"@type":"ListItem","position":1,"name":"Home","item":"https:\/\/ce-ci.fr\/"},{"@type":"ListItem","position":2,"name":"contact"}]},{"@type":"WebSite","@id":"https:\/\/ce-ci.fr\/#website","url":"https:\/\/ce-ci.fr\/","name":"ce-ci","description":"Centre de Cr\u00e9ation Interstitielle","potentialAction":[{"@type":"SearchAction","target":{"@type":"EntryPoint","urlTemplate":"https:\/\/ce-ci.fr\/?s={search_term_string}"},"query-input":{"@type":"PropertyValueSpecification","valueRequired":true,"valueName":"search_term_string"}}],"inLanguage":"en-GB"}]}},"_links":{"self":[{"href":"https:\/\/ce-ci.fr\/en\/wp-json\/wp\/v2\/pages\/62","targetHints":{"allow":["GET"]}}],"collection":[{"href":"https:\/\/ce-ci.fr\/en\/wp-json\/wp\/v2\/pages"}],"about":[{"href":"https:\/\/ce-ci.fr\/en\/wp-json\/wp\/v2\/types\/page"}],"author":[{"embeddable":true,"href":"https:\/\/ce-ci.fr\/en\/wp-json\/wp\/v2\/users\/1"}],"replies":[{"embeddable":true,"href":"https:\/\/ce-ci.fr\/en\/wp-json\/wp\/v2\/comments?post=62"}],"version-history":[{"count":18,"href":"https:\/\/ce-ci.fr\/en\/wp-json\/wp\/v2\/pages\/62\/revisions"}],"predecessor-version":[{"id":1520,"href":"https:\/\/ce-ci.fr\/en\/wp-json\/wp\/v2\/pages\/62\/revisions\/1520"}],"wp:attachment":[{"href":"https:\/\/ce-ci.fr\/en\/wp-json\/wp\/v2\/media?parent=62"}],"curies":[{"name":"wp","href":"https:\/\/api.w.org\/{rel}","templated":true}]}}