{"id":897,"date":"2025-06-13T13:55:53","date_gmt":"2025-06-13T13:55:53","guid":{"rendered":"https:\/\/ce-ci.fr\/?page_id=897"},"modified":"2025-07-01T09:09:00","modified_gmt":"2025-07-01T09:09:00","slug":"unites-de-creation-interstitielle","status":"publish","type":"page","link":"https:\/\/ce-ci.fr\/en\/unites-de-creation-interstitielle\/","title":{"rendered":"interstitial units"},"content":{"rendered":"<p>[et_pb_section fb_built=\u00a0\u00bb1&Prime; admin_label=\u00a0\u00bbHeader &#038; Contact Form\u00a0\u00bb _builder_version=\u00a0\u00bb4.27.4&Prime; _module_preset=\u00a0\u00bbdefault\u00a0\u00bb custom_margin=\u00a0\u00bb0px||0px||true|false\u00a0\u00bb custom_padding=\u00a0\u00bb0px||0px||true|false\u00a0\u00bb collapsed=\u00a0\u00bboff\u00a0\u00bb global_colors_info=\u00a0\u00bb{}\u00a0\u00bb][et_pb_row column_structure=\u00a0\u00bb1_2,1_2&Prime; use_custom_gutter=\u00a0\u00bbon\u00a0\u00bb make_equal=\u00a0\u00bbon\u00a0\u00bb _builder_version=\u00a0\u00bb4.27.4&Prime; _module_preset=\u00a0\u00bbdefault\u00a0\u00bb background_enable_color=\u00a0\u00bboff\u00a0\u00bb width=\u00a0\u00bb100%\u00a0\u00bb max_width=\u00a0\u00bbnone\u00a0\u00bb custom_margin=\u00a0\u00bb0px||0px||false|false\u00a0\u00bb custom_padding=\u00a0\u00bb0px||0px||true|false\u00a0\u00bb locked=\u00a0\u00bboff\u00a0\u00bb global_colors_info=\u00a0\u00bb{}\u00a0\u00bb][et_pb_column type=\u00a0\u00bb1_2&Prime; _builder_version=\u00a0\u00bb4.27.4&Prime; _module_preset=\u00a0\u00bbdefault\u00a0\u00bb custom_padding=\u00a0\u00bb60px|||6vw|false|false\u00a0\u00bb global_colors_info=\u00a0\u00bb{}\u00a0\u00bb][et_pb_text _builder_version=\u00a0\u00bb4.27.4&Prime; _module_preset=\u00a0\u00bbdefault\u00a0\u00bb custom_padding=\u00a0\u00bb||||false|false\u00a0\u00bb global_colors_info=\u00a0\u00bb{}\u00a0\u00bb]<\/p>\n<h1>interstitial units<\/h1>\n<h2>Objective<\/h2>\n<p>Create a laboratory for research and creation focused on interstices within a territory or institution.<\/p>\n<h2>Methodologies<\/h2>\n<p>We support the creation of interstitial units within existing contexts. Situated and lively, these units enable the emergence of interstitial projects over time.<\/p>\n<p>Each unit acts as a lasting creative catalyst, encouraging sensitive exploration, contextual listening and collective activation.<\/p>\n<p>Our missions may include:<\/p>\n<ul>\n<li>Co-designing a unit for research and creation, temporary or permanent<\/li>\n<li>Facilitating regular interstitial workshops<\/li>\n<li>Leading artistic residencies rooted in the context<\/li>\n<li>Producing narratives and forms emerging from the field<\/li>\n<li>Connecting communities, environments and knowledge<\/li>\n<\/ul>\n<h2>Challenges addressed<\/h2>\n<p>Interstitial units respond to:<\/p>\n<ul>\n<li>the need for slow, situated experimentation<\/li>\n<li>fragmented environments or those losing connection with their context<\/li>\n<li>the difficulty of generating renewed narratives or relevant modes of action<\/li>\n<li>the absence of frameworks for research and creation within existing structures or local contexts<\/li>\n<li>a wish to reshape practices and perceptions in place<\/li>\n<\/ul>\n<h2><span style=\"color: #8300e9;\">Ideal for<\/span><\/h2>\n<p><span style=\"color: #333333;\">L<\/span>Universities, companies, research centers, museums, local authorities, post-industrial sites, or natural environments seeking to host a living, situated initiative in harmony with their ecosystem.<\/p>\n<p>[\/et_pb_text][et_pb_button button_url=\u00a0\u00bbhttps:\/\/ce-ci.fr\/vivus\/\u00a0\u00bb button_text=\u00a0\u00bbvoir un exemple d&rsquo;unit\u00e9 de cr\u00e9ation interstitielle\u00a0\u00bb _builder_version=\u00a0\u00bb4.27.4&Prime; _module_preset=\u00a0\u00bbdefault\u00a0\u00bb global_colors_info=\u00a0\u00bb{}\u00a0\u00bb][\/et_pb_button][\/et_pb_column][et_pb_column type=\u00a0\u00bb1_2&Prime; _builder_version=\u00a0\u00bb4.27.4&Prime; _module_preset=\u00a0\u00bbdefault\u00a0\u00bb background_enable_color=\u00a0\u00bboff\u00a0\u00bb custom_padding=\u00a0\u00bb||||false|false\u00a0\u00bb custom_css_main_element=\u00a0\u00bbmargin: auto;\u00a0\u00bb global_colors_info=\u00a0\u00bb{}\u00a0\u00bb][et_pb_image src=\u00a0\u00bbhttps:\/\/ce-ci.fr\/wp-content\/uploads\/2025\/05\/PHOTO-2025-05-12-11-50-04-4.jpg\u00a0\u00bb title_text=\u00a0\u00bbPHOTO-2025-05-12-11-50-04 4&Prime; _builder_version=\u00a0\u00bb4.27.4&Prime; _module_preset=\u00a0\u00bbdefault\u00a0\u00bb background_enable_color=\u00a0\u00bboff\u00a0\u00bb width=\u00a0\u00bb100%\u00a0\u00bb custom_margin=\u00a0\u00bb0px||0px||true|false\u00a0\u00bb custom_padding=\u00a0\u00bb0px||0px||true|false\u00a0\u00bb filter_saturate=\u00a0\u00bb0%\u00a0\u00bb filter_brightness=\u00a0\u00bb107%\u00a0\u00bb filter_contrast=\u00a0\u00bb108%\u00a0\u00bb hover_enabled=\u00a0\u00bb0&Prime; locked=\u00a0\u00bboff\u00a0\u00bb global_colors_info=\u00a0\u00bb{}\u00a0\u00bb sticky_enabled=\u00a0\u00bb0&Prime;][\/et_pb_image][et_pb_text _builder_version=\u00a0\u00bb4.27.4&Prime; _module_preset=\u00a0\u00bbdefault\u00a0\u00bb text_text_color=\u00a0\u00bb#6B6B6B\u00a0\u00bb text_font_size=\u00a0\u00bb14px\u00a0\u00bb hover_enabled=\u00a0\u00bb0&Prime; text_font_size_tablet=\u00a0\u00bb14px\u00a0\u00bb text_font_size_phone=\u00a0\u00bb13px\u00a0\u00bb text_font_size_last_edited=\u00a0\u00bbon|phone\u00a0\u00bb global_colors_info=\u00a0\u00bb{}\u00a0\u00bb sticky_enabled=\u00a0\u00bb0&Prime;]<\/p>\n<p data-start=\"84\" data-end=\"253\">Collage for an architecture of interstices, by Raul Corr\u00eaa-Smith.<\/p>\n<p data-start=\"255\" data-end=\"466\" data-is-last-node=\"\" data-is-only-node=\"\">[\/et_pb_text][\/et_pb_column][\/et_pb_row][\/et_pb_section]<\/p>","protected":false},"excerpt":{"rendered":"<p>unit\u00e9s de cr\u00e9ation interstitielle Objectif Cr\u00e9er un laboratoire de recherche-cr\u00e9ation sur les interstices au sein d&rsquo;un territoire ou d&rsquo;une institution. M\u00e9thodologies Nous aidons \u00e0 cr\u00e9er des unit\u00e9s de cr\u00e9ation interstitielle au sein de structures existantes. Situ\u00e9es, vivantes, elles permettent l\u2019\u00e9mergence progressive de projets en immersion, au fil du temps. Chaque unit\u00e9 fonctionne comme un catalyseur [&hellip;]<\/p>","protected":false},"author":1,"featured_media":0,"parent":0,"menu_order":0,"comment_status":"closed","ping_status":"closed","template":"","meta":{"_et_pb_use_builder":"on","_et_pb_old_content":"","_et_gb_content_width":"","content-type":"","footnotes":""},"class_list":["post-897","page","type-page","status-publish","hentry"],"yoast_head":"<!-- This site is optimized with the Yoast SEO plugin v26.2 - https:\/\/yoast.com\/wordpress\/plugins\/seo\/ -->\n<title>unit\u00e9s de cr\u00e9ation interstitielle - ce-ci<\/title>\n<meta name=\"robots\" content=\"index, follow, max-snippet:-1, max-image-preview:large, max-video-preview:-1\" \/>\n<link rel=\"canonical\" href=\"https:\/\/ce-ci.fr\/en\/unites-de-creation-interstitielle\/\" \/>\n<meta property=\"og:locale\" content=\"en_GB\" \/>\n<meta property=\"og:type\" content=\"article\" \/>\n<meta property=\"og:title\" content=\"unit\u00e9s de cr\u00e9ation interstitielle - ce-ci\" \/>\n<meta property=\"og:description\" content=\"unit\u00e9s de cr\u00e9ation interstitielle Objectif Cr\u00e9er un laboratoire de recherche-cr\u00e9ation sur les interstices au sein d&#039;un territoire ou d&#039;une institution. M\u00e9thodologies Nous aidons \u00e0 cr\u00e9er des unit\u00e9s de cr\u00e9ation interstitielle au sein de structures existantes. Situ\u00e9es, vivantes, elles permettent l\u2019\u00e9mergence progressive de projets en immersion, au fil du temps. Chaque unit\u00e9 fonctionne comme un catalyseur [&hellip;]\" \/>\n<meta property=\"og:url\" content=\"https:\/\/ce-ci.fr\/en\/unites-de-creation-interstitielle\/\" \/>\n<meta property=\"og:site_name\" content=\"ce-ci\" \/>\n<meta property=\"article:modified_time\" content=\"2025-07-01T09:09:00+00:00\" \/>\n<meta name=\"twitter:card\" content=\"summary_large_image\" \/>\n<meta name=\"twitter:label1\" content=\"Estimated reading time\" \/>\n\t<meta name=\"twitter:data1\" content=\"3 minutes\" \/>\n<script type=\"application\/ld+json\" class=\"yoast-schema-graph\">{\"@context\":\"https:\/\/schema.org\",\"@graph\":[{\"@type\":\"WebPage\",\"@id\":\"https:\/\/ce-ci.fr\/unites-de-creation-interstitielle\/\",\"url\":\"https:\/\/ce-ci.fr\/unites-de-creation-interstitielle\/\",\"name\":\"unit\u00e9s de cr\u00e9ation interstitielle - ce-ci\",\"isPartOf\":{\"@id\":\"https:\/\/ce-ci.fr\/#website\"},\"datePublished\":\"2025-06-13T13:55:53+00:00\",\"dateModified\":\"2025-07-01T09:09:00+00:00\",\"breadcrumb\":{\"@id\":\"https:\/\/ce-ci.fr\/unites-de-creation-interstitielle\/#breadcrumb\"},\"inLanguage\":\"en-GB\",\"potentialAction\":[{\"@type\":\"ReadAction\",\"target\":[\"https:\/\/ce-ci.fr\/unites-de-creation-interstitielle\/\"]}]},{\"@type\":\"BreadcrumbList\",\"@id\":\"https:\/\/ce-ci.fr\/unites-de-creation-interstitielle\/#breadcrumb\",\"itemListElement\":[{\"@type\":\"ListItem\",\"position\":1,\"name\":\"Home\",\"item\":\"https:\/\/ce-ci.fr\/\"},{\"@type\":\"ListItem\",\"position\":2,\"name\":\"unit\u00e9s de cr\u00e9ation interstitielle\"}]},{\"@type\":\"WebSite\",\"@id\":\"https:\/\/ce-ci.fr\/#website\",\"url\":\"https:\/\/ce-ci.fr\/\",\"name\":\"ce-ci\",\"description\":\"Centre de Cr\u00e9ation Interstitielle\",\"potentialAction\":[{\"@type\":\"SearchAction\",\"target\":{\"@type\":\"EntryPoint\",\"urlTemplate\":\"https:\/\/ce-ci.fr\/?s={search_term_string}\"},\"query-input\":{\"@type\":\"PropertyValueSpecification\",\"valueRequired\":true,\"valueName\":\"search_term_string\"}}],\"inLanguage\":\"en-GB\"}]}<\/script>\n<!-- \/ Yoast SEO plugin. -->","yoast_head_json":{"title":"unit\u00e9s de cr\u00e9ation interstitielle - ce-ci","robots":{"index":"index","follow":"follow","max-snippet":"max-snippet:-1","max-image-preview":"max-image-preview:large","max-video-preview":"max-video-preview:-1"},"canonical":"https:\/\/ce-ci.fr\/en\/unites-de-creation-interstitielle\/","og_locale":"en_GB","og_type":"article","og_title":"unit\u00e9s de cr\u00e9ation interstitielle - ce-ci","og_description":"unit\u00e9s de cr\u00e9ation interstitielle Objectif Cr\u00e9er un laboratoire de recherche-cr\u00e9ation sur les interstices au sein d'un territoire ou d'une institution. M\u00e9thodologies Nous aidons \u00e0 cr\u00e9er des unit\u00e9s de cr\u00e9ation interstitielle au sein de structures existantes. Situ\u00e9es, vivantes, elles permettent l\u2019\u00e9mergence progressive de projets en immersion, au fil du temps. Chaque unit\u00e9 fonctionne comme un catalyseur [&hellip;]","og_url":"https:\/\/ce-ci.fr\/en\/unites-de-creation-interstitielle\/","og_site_name":"ce-ci","article_modified_time":"2025-07-01T09:09:00+00:00","twitter_card":"summary_large_image","twitter_misc":{"Estimated reading time":"3 minutes"},"schema":{"@context":"https:\/\/schema.org","@graph":[{"@type":"WebPage","@id":"https:\/\/ce-ci.fr\/unites-de-creation-interstitielle\/","url":"https:\/\/ce-ci.fr\/unites-de-creation-interstitielle\/","name":"unit\u00e9s de cr\u00e9ation interstitielle - ce-ci","isPartOf":{"@id":"https:\/\/ce-ci.fr\/#website"},"datePublished":"2025-06-13T13:55:53+00:00","dateModified":"2025-07-01T09:09:00+00:00","breadcrumb":{"@id":"https:\/\/ce-ci.fr\/unites-de-creation-interstitielle\/#breadcrumb"},"inLanguage":"en-GB","potentialAction":[{"@type":"ReadAction","target":["https:\/\/ce-ci.fr\/unites-de-creation-interstitielle\/"]}]},{"@type":"BreadcrumbList","@id":"https:\/\/ce-ci.fr\/unites-de-creation-interstitielle\/#breadcrumb","itemListElement":[{"@type":"ListItem","position":1,"name":"Home","item":"https:\/\/ce-ci.fr\/"},{"@type":"ListItem","position":2,"name":"unit\u00e9s de cr\u00e9ation interstitielle"}]},{"@type":"WebSite","@id":"https:\/\/ce-ci.fr\/#website","url":"https:\/\/ce-ci.fr\/","name":"ce-ci","description":"Centre de Cr\u00e9ation Interstitielle","potentialAction":[{"@type":"SearchAction","target":{"@type":"EntryPoint","urlTemplate":"https:\/\/ce-ci.fr\/?s={search_term_string}"},"query-input":{"@type":"PropertyValueSpecification","valueRequired":true,"valueName":"search_term_string"}}],"inLanguage":"en-GB"}]}},"_links":{"self":[{"href":"https:\/\/ce-ci.fr\/en\/wp-json\/wp\/v2\/pages\/897","targetHints":{"allow":["GET"]}}],"collection":[{"href":"https:\/\/ce-ci.fr\/en\/wp-json\/wp\/v2\/pages"}],"about":[{"href":"https:\/\/ce-ci.fr\/en\/wp-json\/wp\/v2\/types\/page"}],"author":[{"embeddable":true,"href":"https:\/\/ce-ci.fr\/en\/wp-json\/wp\/v2\/users\/1"}],"replies":[{"embeddable":true,"href":"https:\/\/ce-ci.fr\/en\/wp-json\/wp\/v2\/comments?post=897"}],"version-history":[{"count":11,"href":"https:\/\/ce-ci.fr\/en\/wp-json\/wp\/v2\/pages\/897\/revisions"}],"predecessor-version":[{"id":1419,"href":"https:\/\/ce-ci.fr\/en\/wp-json\/wp\/v2\/pages\/897\/revisions\/1419"}],"wp:attachment":[{"href":"https:\/\/ce-ci.fr\/en\/wp-json\/wp\/v2\/media?parent=897"}],"curies":[{"name":"wp","href":"https:\/\/api.w.org\/{rel}","templated":true}]}}