{"id":968,"date":"2025-06-13T13:47:54","date_gmt":"2025-06-13T13:47:54","guid":{"rendered":"https:\/\/ce-ci.fr\/?page_id=968"},"modified":"2025-06-20T13:43:59","modified_gmt":"2025-06-20T13:43:59","slug":"residences","status":"publish","type":"page","link":"https:\/\/ce-ci.fr\/en\/residences\/","title":{"rendered":"residencies"},"content":{"rendered":"<p>[et_pb_section fb_built=\u00a0\u00bb1&Prime; admin_label=\u00a0\u00bbHeader &#038; Contact Form\u00a0\u00bb _builder_version=\u00a0\u00bb4.27.4&Prime; _module_preset=\u00a0\u00bbdefault\u00a0\u00bb custom_margin=\u00a0\u00bb0px||0px||true|false\u00a0\u00bb custom_padding=\u00a0\u00bb0px||0px||true|false\u00a0\u00bb collapsed=\u00a0\u00bboff\u00a0\u00bb global_colors_info=\u00a0\u00bb{}\u00a0\u00bb][et_pb_row column_structure=\u00a0\u00bb1_2,1_2&Prime; use_custom_gutter=\u00a0\u00bbon\u00a0\u00bb make_equal=\u00a0\u00bbon\u00a0\u00bb _builder_version=\u00a0\u00bb4.27.4&Prime; _module_preset=\u00a0\u00bbdefault\u00a0\u00bb background_enable_color=\u00a0\u00bboff\u00a0\u00bb width=\u00a0\u00bb100%\u00a0\u00bb max_width=\u00a0\u00bbnone\u00a0\u00bb custom_margin=\u00a0\u00bb0px||0px||false|false\u00a0\u00bb custom_padding=\u00a0\u00bb0px||0px||true|false\u00a0\u00bb locked=\u00a0\u00bboff\u00a0\u00bb global_colors_info=\u00a0\u00bb{}\u00a0\u00bb][et_pb_column type=\u00a0\u00bb1_2&Prime; _builder_version=\u00a0\u00bb4.27.4&Prime; _module_preset=\u00a0\u00bbdefault\u00a0\u00bb custom_padding=\u00a0\u00bb60px|||6vw|false|false\u00a0\u00bb global_colors_info=\u00a0\u00bb{}\u00a0\u00bb][et_pb_text _builder_version=\u00a0\u00bb4.27.4&Prime; _module_preset=\u00a0\u00bbdefault\u00a0\u00bb custom_padding=\u00a0\u00bb||||false|false\u00a0\u00bb global_colors_info=\u00a0\u00bb{}\u00a0\u00bb]<\/p>\n<h1>residencies<\/h1>\n<h2><span style=\"color: #8300e9;\">Objective<\/span><\/h2>\n<p>Offer an intensive, shared time for research and creation ; a space to explore interstices through multiple voices.<\/p>\n<h2><span style=\"color: #8300e9;\">Methodologies<\/span><\/h2>\n<p class=\"translation-block\">Our residencies bring together practitioners from the arts, sciences, and other fields to work both collectively and individually on open questions, territories, or themes.\nResidencies can be initiated by ce-ci or co-organized with partners, and take different formats: short, long-term or seasonal cycles.<\/p>\n<p>An interstitial residency is by nature:<\/p>\n<ul>\n<li>Transdisciplinary<\/li>\n<li>Open to the unexpected<\/li>\n<li>Demanding and attuned<\/li>\n<\/ul>\n<p>ce-ci can provide:<\/p>\n<ul>\n<li>Design, artistic direction, and coordination of the residency<\/li>\n<li>Curation and selection of a diverse and balanced group of participants, including with a distinguished and undisciplined jury<\/li>\n<li>Artistic and methodological guidance throughout the residency<\/li>\n<li>Sensitive documentation of processes<\/li>\n<li>A public or private restitution, adapted to the context<\/li>\n<\/ul>\n<h2><span style=\"color: #8300e9;\">Challenges addressed<\/span><\/h2>\n<p>Residencies respond to:<\/p>\n<ul>\n<li>the need for deep time to think and create differently<\/li>\n<li>isolation within disciplines or practices<\/li>\n<li>the difficulty to bring together diverse forms of knowledge<\/li>\n<li>a lack of spaces for creative friction, radical listening and intellectual hospitality<\/li>\n<li>a desire to shift the very conditions of creation<\/li>\n<\/ul>\n<h2><span style=\"color: #8300e9;\">Ideal for<\/span><\/h2>\n<p>Cultural institutions, research spaces, collectives, or any environment open to hosting a space for deep thinking and bold creative exploration.<\/p>\n<p>[\/et_pb_text][et_pb_button button_url=\u00a0\u00bbhttps:\/\/ce-ci.fr\/residences\/what-lies-between-us\/\u00a0\u00bb url_new_window=\u00a0\u00bbon\u00a0\u00bb button_text=\u00a0\u00bbvoir un exemple de r\u00e9sidence\u00a0\u00bb _builder_version=\u00a0\u00bb4.27.4&Prime; _module_preset=\u00a0\u00bbdefault\u00a0\u00bb global_colors_info=\u00a0\u00bb{}\u00a0\u00bb][\/et_pb_button][\/et_pb_column][et_pb_column type=\u00a0\u00bb1_2&Prime; _builder_version=\u00a0\u00bb4.27.4&Prime; _module_preset=\u00a0\u00bbdefault\u00a0\u00bb background_enable_color=\u00a0\u00bboff\u00a0\u00bb custom_padding=\u00a0\u00bb||||false|false\u00a0\u00bb custom_css_main_element=\u00a0\u00bbmargin: auto;\u00a0\u00bb global_colors_info=\u00a0\u00bb{}\u00a0\u00bb][et_pb_image src=\u00a0\u00bbhttps:\/\/ce-ci.fr\/wp-content\/uploads\/2025\/05\/hand2.jpg\u00a0\u00bb title_text=\u00a0\u00bbScreenshot\u00a0\u00bb _builder_version=\u00a0\u00bb4.27.4&Prime; _module_preset=\u00a0\u00bbdefault\u00a0\u00bb background_enable_color=\u00a0\u00bboff\u00a0\u00bb width=\u00a0\u00bb100%\u00a0\u00bb custom_margin=\u00a0\u00bb0px||0px||true|false\u00a0\u00bb custom_padding=\u00a0\u00bb0px||0px||true|false\u00a0\u00bb filter_saturate=\u00a0\u00bb0%\u00a0\u00bb filter_brightness=\u00a0\u00bb107%\u00a0\u00bb filter_contrast=\u00a0\u00bb108%\u00a0\u00bb locked=\u00a0\u00bboff\u00a0\u00bb global_colors_info=\u00a0\u00bb{}\u00a0\u00bb][\/et_pb_image][et_pb_text _builder_version=\u00a0\u00bb4.27.4&Prime; _module_preset=\u00a0\u00bbdefault\u00a0\u00bb text_text_color=\u00a0\u00bb#6B6B6B\u00a0\u00bb text_font_size=\u00a0\u00bb14px\u00a0\u00bb hover_enabled=\u00a0\u00bb0&Prime; text_font_size_tablet=\u00a0\u00bb14px\u00a0\u00bb text_font_size_phone=\u00a0\u00bb13px\u00a0\u00bb text_font_size_last_edited=\u00a0\u00bbon|phone\u00a0\u00bb global_colors_info=\u00a0\u00bb{}\u00a0\u00bb sticky_enabled=\u00a0\u00bb0&Prime; locked=\u00a0\u00bboff\u00a0\u00bb]<\/p>\n<p style=\"text-align: center;\">Photo credit: Michele Caleffi<\/p>\n<p>[\/et_pb_text][\/et_pb_column][\/et_pb_row][\/et_pb_section]<\/p>","protected":false},"excerpt":{"rendered":"<p>r\u00e9sidences Objectif Offrir un temps intensif de recherche-cr\u00e9ation partag\u00e9, pour explorer les interstices \u00e0 plusieurs voix. M\u00e9thodologies Nos r\u00e9sidences accueillent des praticien\u00b7ne\u00b7s des arts, des sciences, ou d&rsquo;autres domaines, pour travailler collectivement et individuellement autour de questions ouvertes, de territoires ou de th\u00e8mes.Elles peuvent \u00eatre port\u00e9es par ce-ci ou co-organis\u00e9es avec des partenaires, et prennent [&hellip;]<\/p>","protected":false},"author":1,"featured_media":0,"parent":0,"menu_order":0,"comment_status":"closed","ping_status":"closed","template":"","meta":{"_et_pb_use_builder":"on","_et_pb_old_content":"","_et_gb_content_width":"","content-type":"","footnotes":""},"class_list":["post-968","page","type-page","status-publish","hentry"],"yoast_head":"<!-- This site is optimized with the Yoast SEO plugin v26.2 - https:\/\/yoast.com\/wordpress\/plugins\/seo\/ -->\n<title>r\u00e9sidences - ce-ci<\/title>\n<meta name=\"robots\" content=\"index, follow, max-snippet:-1, max-image-preview:large, max-video-preview:-1\" \/>\n<link rel=\"canonical\" href=\"https:\/\/ce-ci.fr\/en\/residences\/\" \/>\n<meta property=\"og:locale\" content=\"en_GB\" \/>\n<meta property=\"og:type\" content=\"article\" \/>\n<meta property=\"og:title\" content=\"r\u00e9sidences - ce-ci\" \/>\n<meta property=\"og:description\" content=\"r\u00e9sidences Objectif Offrir un temps intensif de recherche-cr\u00e9ation partag\u00e9, pour explorer les interstices \u00e0 plusieurs voix. M\u00e9thodologies Nos r\u00e9sidences accueillent des praticien\u00b7ne\u00b7s des arts, des sciences, ou d&#039;autres domaines, pour travailler collectivement et individuellement autour de questions ouvertes, de territoires ou de th\u00e8mes.Elles peuvent \u00eatre port\u00e9es par ce-ci ou co-organis\u00e9es avec des partenaires, et prennent [&hellip;]\" \/>\n<meta property=\"og:url\" content=\"https:\/\/ce-ci.fr\/en\/residences\/\" \/>\n<meta property=\"og:site_name\" content=\"ce-ci\" \/>\n<meta property=\"article:modified_time\" content=\"2025-06-20T13:43:59+00:00\" \/>\n<meta name=\"twitter:card\" content=\"summary_large_image\" \/>\n<meta name=\"twitter:label1\" content=\"Estimated reading time\" \/>\n\t<meta name=\"twitter:data1\" content=\"3 minutes\" \/>\n<script type=\"application\/ld+json\" class=\"yoast-schema-graph\">{\"@context\":\"https:\/\/schema.org\",\"@graph\":[{\"@type\":\"WebPage\",\"@id\":\"https:\/\/ce-ci.fr\/residences\/\",\"url\":\"https:\/\/ce-ci.fr\/residences\/\",\"name\":\"r\u00e9sidences - ce-ci\",\"isPartOf\":{\"@id\":\"https:\/\/ce-ci.fr\/#website\"},\"datePublished\":\"2025-06-13T13:47:54+00:00\",\"dateModified\":\"2025-06-20T13:43:59+00:00\",\"breadcrumb\":{\"@id\":\"https:\/\/ce-ci.fr\/residences\/#breadcrumb\"},\"inLanguage\":\"en-GB\",\"potentialAction\":[{\"@type\":\"ReadAction\",\"target\":[\"https:\/\/ce-ci.fr\/residences\/\"]}]},{\"@type\":\"BreadcrumbList\",\"@id\":\"https:\/\/ce-ci.fr\/residences\/#breadcrumb\",\"itemListElement\":[{\"@type\":\"ListItem\",\"position\":1,\"name\":\"Home\",\"item\":\"https:\/\/ce-ci.fr\/\"},{\"@type\":\"ListItem\",\"position\":2,\"name\":\"r\u00e9sidences\"}]},{\"@type\":\"WebSite\",\"@id\":\"https:\/\/ce-ci.fr\/#website\",\"url\":\"https:\/\/ce-ci.fr\/\",\"name\":\"ce-ci\",\"description\":\"Centre de Cr\u00e9ation Interstitielle\",\"potentialAction\":[{\"@type\":\"SearchAction\",\"target\":{\"@type\":\"EntryPoint\",\"urlTemplate\":\"https:\/\/ce-ci.fr\/?s={search_term_string}\"},\"query-input\":{\"@type\":\"PropertyValueSpecification\",\"valueRequired\":true,\"valueName\":\"search_term_string\"}}],\"inLanguage\":\"en-GB\"}]}<\/script>\n<!-- \/ Yoast SEO plugin. -->","yoast_head_json":{"title":"r\u00e9sidences - ce-ci","robots":{"index":"index","follow":"follow","max-snippet":"max-snippet:-1","max-image-preview":"max-image-preview:large","max-video-preview":"max-video-preview:-1"},"canonical":"https:\/\/ce-ci.fr\/en\/residences\/","og_locale":"en_GB","og_type":"article","og_title":"r\u00e9sidences - ce-ci","og_description":"r\u00e9sidences Objectif Offrir un temps intensif de recherche-cr\u00e9ation partag\u00e9, pour explorer les interstices \u00e0 plusieurs voix. M\u00e9thodologies Nos r\u00e9sidences accueillent des praticien\u00b7ne\u00b7s des arts, des sciences, ou d'autres domaines, pour travailler collectivement et individuellement autour de questions ouvertes, de territoires ou de th\u00e8mes.Elles peuvent \u00eatre port\u00e9es par ce-ci ou co-organis\u00e9es avec des partenaires, et prennent [&hellip;]","og_url":"https:\/\/ce-ci.fr\/en\/residences\/","og_site_name":"ce-ci","article_modified_time":"2025-06-20T13:43:59+00:00","twitter_card":"summary_large_image","twitter_misc":{"Estimated reading time":"3 minutes"},"schema":{"@context":"https:\/\/schema.org","@graph":[{"@type":"WebPage","@id":"https:\/\/ce-ci.fr\/residences\/","url":"https:\/\/ce-ci.fr\/residences\/","name":"r\u00e9sidences - ce-ci","isPartOf":{"@id":"https:\/\/ce-ci.fr\/#website"},"datePublished":"2025-06-13T13:47:54+00:00","dateModified":"2025-06-20T13:43:59+00:00","breadcrumb":{"@id":"https:\/\/ce-ci.fr\/residences\/#breadcrumb"},"inLanguage":"en-GB","potentialAction":[{"@type":"ReadAction","target":["https:\/\/ce-ci.fr\/residences\/"]}]},{"@type":"BreadcrumbList","@id":"https:\/\/ce-ci.fr\/residences\/#breadcrumb","itemListElement":[{"@type":"ListItem","position":1,"name":"Home","item":"https:\/\/ce-ci.fr\/"},{"@type":"ListItem","position":2,"name":"r\u00e9sidences"}]},{"@type":"WebSite","@id":"https:\/\/ce-ci.fr\/#website","url":"https:\/\/ce-ci.fr\/","name":"ce-ci","description":"Centre de Cr\u00e9ation Interstitielle","potentialAction":[{"@type":"SearchAction","target":{"@type":"EntryPoint","urlTemplate":"https:\/\/ce-ci.fr\/?s={search_term_string}"},"query-input":{"@type":"PropertyValueSpecification","valueRequired":true,"valueName":"search_term_string"}}],"inLanguage":"en-GB"}]}},"_links":{"self":[{"href":"https:\/\/ce-ci.fr\/en\/wp-json\/wp\/v2\/pages\/968","targetHints":{"allow":["GET"]}}],"collection":[{"href":"https:\/\/ce-ci.fr\/en\/wp-json\/wp\/v2\/pages"}],"about":[{"href":"https:\/\/ce-ci.fr\/en\/wp-json\/wp\/v2\/types\/page"}],"author":[{"embeddable":true,"href":"https:\/\/ce-ci.fr\/en\/wp-json\/wp\/v2\/users\/1"}],"replies":[{"embeddable":true,"href":"https:\/\/ce-ci.fr\/en\/wp-json\/wp\/v2\/comments?post=968"}],"version-history":[{"count":5,"href":"https:\/\/ce-ci.fr\/en\/wp-json\/wp\/v2\/pages\/968\/revisions"}],"predecessor-version":[{"id":1323,"href":"https:\/\/ce-ci.fr\/en\/wp-json\/wp\/v2\/pages\/968\/revisions\/1323"}],"wp:attachment":[{"href":"https:\/\/ce-ci.fr\/en\/wp-json\/wp\/v2\/media?parent=968"}],"curies":[{"name":"wp","href":"https:\/\/api.w.org\/{rel}","templated":true}]}}