{"id":974,"date":"2025-06-13T13:55:39","date_gmt":"2025-06-13T13:55:39","guid":{"rendered":"https:\/\/ce-ci.fr\/?page_id=974"},"modified":"2025-07-01T23:00:42","modified_gmt":"2025-07-01T23:00:42","slug":"formations","status":"publish","type":"page","link":"https:\/\/ce-ci.fr\/en\/formations\/","title":{"rendered":"learning programs"},"content":{"rendered":"<p>[et_pb_section fb_built=\u00a0\u00bb1&Prime; admin_label=\u00a0\u00bbHeader &#038; Contact Form\u00a0\u00bb _builder_version=\u00a0\u00bb4.27.4&Prime; _module_preset=\u00a0\u00bbdefault\u00a0\u00bb custom_margin=\u00a0\u00bb0px||0px||true|false\u00a0\u00bb custom_padding=\u00a0\u00bb0px||0px||true|false\u00a0\u00bb collapsed=\u00a0\u00bboff\u00a0\u00bb global_colors_info=\u00a0\u00bb{}\u00a0\u00bb][et_pb_row column_structure=\u00a0\u00bb1_2,1_2&Prime; use_custom_gutter=\u00a0\u00bbon\u00a0\u00bb make_equal=\u00a0\u00bbon\u00a0\u00bb _builder_version=\u00a0\u00bb4.27.4&Prime; _module_preset=\u00a0\u00bbdefault\u00a0\u00bb background_enable_color=\u00a0\u00bboff\u00a0\u00bb width=\u00a0\u00bb100%\u00a0\u00bb max_width=\u00a0\u00bbnone\u00a0\u00bb custom_margin=\u00a0\u00bb0px||0px||false|false\u00a0\u00bb custom_padding=\u00a0\u00bb0px||0px||true|false\u00a0\u00bb locked=\u00a0\u00bboff\u00a0\u00bb global_colors_info=\u00a0\u00bb{}\u00a0\u00bb][et_pb_column type=\u00a0\u00bb1_2&Prime; _builder_version=\u00a0\u00bb4.27.4&Prime; _module_preset=\u00a0\u00bbdefault\u00a0\u00bb custom_padding=\u00a0\u00bb60px|||6vw|false|false\u00a0\u00bb global_colors_info=\u00a0\u00bb{}\u00a0\u00bb][et_pb_text _builder_version=\u00a0\u00bb4.27.4&Prime; _module_preset=\u00a0\u00bbdefault\u00a0\u00bb custom_padding=\u00a0\u00bb||||false|false\u00a0\u00bb global_colors_info=\u00a0\u00bb{}\u00a0\u00bb]<\/p>\n<h1>learning programs<\/h1>\n<h2>Objective<br \/><span style=\"color: #333333;\"><\/span><\/h2>\n<p><span style=\"color: #333333;\">Shape new knowledge through transversal and situated learning<\/span><\/p>\n<h2>Methodologies<\/h2>\n<p>We design interstitial training programs and curricula at the crossroads of disciplines, aimed at:<\/p>\n<ul>\n<li>Higher education institutions seeking innovative teaching formats<\/li>\n<li>Institutions, companies, and organizations wishing to renew their ways of thinking, acting, and imagining<\/li>\n<\/ul>\n<p>These training programs use interstitial creation as a lever for critical, sensitive, and creative learning.<\/p>\n<p>Our missions may include:<\/p>\n<ul>\n<li>Designing interstitial training modules<\/li>\n<li>Developing transversal curricula<\/li>\n<li>Teaching - long-term appointments or occasional interventions<\/li>\n<li>Training and supporting teaching teams<\/li>\n<li>Co-leading workshops, seminars, or other research-creation formats<\/li>\n<\/ul>\n<h2>Challenges addressed<\/h2>\n<p>Interstitial training responds to:<\/p>\n<ul>\n<li>the fragmentation of knowledge caused by rigid disciplinary boundaries<\/li>\n<li>the disconnect between traditional teaching methods and the reality of today\u2019s challenges<\/li>\n<li>the difficulty of linking critical reflection, creativity, and concrete action<\/li>\n<li>a growing demand from students for transversal, embodied, experiential training<\/li>\n<li>the urgent need for us to learn to expand our imaginations in practice<\/li>\n<\/ul>\n<h2>Ideal for<\/h2>\n<p>Higher education institutions, companies, training organizations, schools, NGOs, and research centers seeking to decisively help their participants think and act in new ways.<\/p>\n<p>[\/et_pb_text][\/et_pb_column][et_pb_column type=\u00a0\u00bb1_2&Prime; _builder_version=\u00a0\u00bb4.27.4&Prime; _module_preset=\u00a0\u00bbdefault\u00a0\u00bb background_enable_color=\u00a0\u00bboff\u00a0\u00bb custom_padding=\u00a0\u00bb||||false|false\u00a0\u00bb custom_css_main_element=\u00a0\u00bbmargin: auto;\u00a0\u00bb global_colors_info=\u00a0\u00bb{}\u00a0\u00bb][et_pb_image src=\u00a0\u00bbhttps:\/\/ce-ci.fr\/wp-content\/uploads\/2025\/07\/formations.jpg\u00a0\u00bb title_text=\u00a0\u00bbformations\u00a0\u00bb _builder_version=\u00a0\u00bb4.27.4&Prime; _module_preset=\u00a0\u00bbdefault\u00a0\u00bb background_enable_color=\u00a0\u00bboff\u00a0\u00bb width=\u00a0\u00bb100%\u00a0\u00bb custom_margin=\u00a0\u00bb0px||0px||true|false\u00a0\u00bb custom_padding=\u00a0\u00bb0px||0px||true|false\u00a0\u00bb filter_saturate=\u00a0\u00bb0%\u00a0\u00bb filter_brightness=\u00a0\u00bb107%\u00a0\u00bb filter_contrast=\u00a0\u00bb108%\u00a0\u00bb hover_enabled=\u00a0\u00bb0&Prime; locked=\u00a0\u00bboff\u00a0\u00bb global_colors_info=\u00a0\u00bb{}\u00a0\u00bb sticky_enabled=\u00a0\u00bb0&Prime;][\/et_pb_image][\/et_pb_column][\/et_pb_row][\/et_pb_section]<\/p>","protected":false},"excerpt":{"rendered":"<p>formations Objectif Donner forme \u00e0 de nouvelles connaissances, \u00e0 travers des p\u00e9dagogies transversales et situ\u00e9es. M\u00e9thodologies Nous concevons des programmes de formation et des curriculums interstitiels au croisement des disciplines, pour : des \u00e9tablissements d\u2019enseignement sup\u00e9rieur en qu\u00eate de formats p\u00e9dagogiques innovants ; des institutions, entreprises et organisations d\u00e9sireuses de repenser leurs modes de pens\u00e9e, [&hellip;]<\/p>","protected":false},"author":1,"featured_media":0,"parent":0,"menu_order":0,"comment_status":"closed","ping_status":"closed","template":"","meta":{"_et_pb_use_builder":"on","_et_pb_old_content":"","_et_gb_content_width":"","content-type":"","footnotes":""},"class_list":["post-974","page","type-page","status-publish","hentry"],"yoast_head":"<!-- This site is optimized with the Yoast SEO plugin v26.2 - https:\/\/yoast.com\/wordpress\/plugins\/seo\/ -->\n<title>formations - ce-ci<\/title>\n<meta name=\"robots\" content=\"index, follow, max-snippet:-1, max-image-preview:large, max-video-preview:-1\" \/>\n<link rel=\"canonical\" href=\"https:\/\/ce-ci.fr\/en\/formations\/\" \/>\n<meta property=\"og:locale\" content=\"en_GB\" \/>\n<meta property=\"og:type\" content=\"article\" \/>\n<meta property=\"og:title\" content=\"formations - ce-ci\" \/>\n<meta property=\"og:description\" content=\"formations Objectif Donner forme \u00e0 de nouvelles connaissances, \u00e0 travers des p\u00e9dagogies transversales et situ\u00e9es. M\u00e9thodologies Nous concevons des programmes de formation et des curriculums interstitiels au croisement des disciplines, pour : des \u00e9tablissements d\u2019enseignement sup\u00e9rieur en qu\u00eate de formats p\u00e9dagogiques innovants ; des institutions, entreprises et organisations d\u00e9sireuses de repenser leurs modes de pens\u00e9e, [&hellip;]\" \/>\n<meta property=\"og:url\" content=\"https:\/\/ce-ci.fr\/en\/formations\/\" \/>\n<meta property=\"og:site_name\" content=\"ce-ci\" \/>\n<meta property=\"article:modified_time\" content=\"2025-07-01T23:00:42+00:00\" \/>\n<meta name=\"twitter:card\" content=\"summary_large_image\" \/>\n<meta name=\"twitter:label1\" content=\"Estimated reading time\" \/>\n\t<meta name=\"twitter:data1\" content=\"2 minutes\" \/>\n<script type=\"application\/ld+json\" class=\"yoast-schema-graph\">{\"@context\":\"https:\/\/schema.org\",\"@graph\":[{\"@type\":\"WebPage\",\"@id\":\"https:\/\/ce-ci.fr\/formations\/\",\"url\":\"https:\/\/ce-ci.fr\/formations\/\",\"name\":\"formations - ce-ci\",\"isPartOf\":{\"@id\":\"https:\/\/ce-ci.fr\/#website\"},\"datePublished\":\"2025-06-13T13:55:39+00:00\",\"dateModified\":\"2025-07-01T23:00:42+00:00\",\"breadcrumb\":{\"@id\":\"https:\/\/ce-ci.fr\/formations\/#breadcrumb\"},\"inLanguage\":\"en-GB\",\"potentialAction\":[{\"@type\":\"ReadAction\",\"target\":[\"https:\/\/ce-ci.fr\/formations\/\"]}]},{\"@type\":\"BreadcrumbList\",\"@id\":\"https:\/\/ce-ci.fr\/formations\/#breadcrumb\",\"itemListElement\":[{\"@type\":\"ListItem\",\"position\":1,\"name\":\"Home\",\"item\":\"https:\/\/ce-ci.fr\/\"},{\"@type\":\"ListItem\",\"position\":2,\"name\":\"formations\"}]},{\"@type\":\"WebSite\",\"@id\":\"https:\/\/ce-ci.fr\/#website\",\"url\":\"https:\/\/ce-ci.fr\/\",\"name\":\"ce-ci\",\"description\":\"Centre de Cr\u00e9ation Interstitielle\",\"potentialAction\":[{\"@type\":\"SearchAction\",\"target\":{\"@type\":\"EntryPoint\",\"urlTemplate\":\"https:\/\/ce-ci.fr\/?s={search_term_string}\"},\"query-input\":{\"@type\":\"PropertyValueSpecification\",\"valueRequired\":true,\"valueName\":\"search_term_string\"}}],\"inLanguage\":\"en-GB\"}]}<\/script>\n<!-- \/ Yoast SEO plugin. -->","yoast_head_json":{"title":"formations - ce-ci","robots":{"index":"index","follow":"follow","max-snippet":"max-snippet:-1","max-image-preview":"max-image-preview:large","max-video-preview":"max-video-preview:-1"},"canonical":"https:\/\/ce-ci.fr\/en\/formations\/","og_locale":"en_GB","og_type":"article","og_title":"formations - ce-ci","og_description":"formations Objectif Donner forme \u00e0 de nouvelles connaissances, \u00e0 travers des p\u00e9dagogies transversales et situ\u00e9es. M\u00e9thodologies Nous concevons des programmes de formation et des curriculums interstitiels au croisement des disciplines, pour : des \u00e9tablissements d\u2019enseignement sup\u00e9rieur en qu\u00eate de formats p\u00e9dagogiques innovants ; des institutions, entreprises et organisations d\u00e9sireuses de repenser leurs modes de pens\u00e9e, [&hellip;]","og_url":"https:\/\/ce-ci.fr\/en\/formations\/","og_site_name":"ce-ci","article_modified_time":"2025-07-01T23:00:42+00:00","twitter_card":"summary_large_image","twitter_misc":{"Estimated reading time":"2 minutes"},"schema":{"@context":"https:\/\/schema.org","@graph":[{"@type":"WebPage","@id":"https:\/\/ce-ci.fr\/formations\/","url":"https:\/\/ce-ci.fr\/formations\/","name":"formations - ce-ci","isPartOf":{"@id":"https:\/\/ce-ci.fr\/#website"},"datePublished":"2025-06-13T13:55:39+00:00","dateModified":"2025-07-01T23:00:42+00:00","breadcrumb":{"@id":"https:\/\/ce-ci.fr\/formations\/#breadcrumb"},"inLanguage":"en-GB","potentialAction":[{"@type":"ReadAction","target":["https:\/\/ce-ci.fr\/formations\/"]}]},{"@type":"BreadcrumbList","@id":"https:\/\/ce-ci.fr\/formations\/#breadcrumb","itemListElement":[{"@type":"ListItem","position":1,"name":"Home","item":"https:\/\/ce-ci.fr\/"},{"@type":"ListItem","position":2,"name":"formations"}]},{"@type":"WebSite","@id":"https:\/\/ce-ci.fr\/#website","url":"https:\/\/ce-ci.fr\/","name":"ce-ci","description":"Centre de Cr\u00e9ation Interstitielle","potentialAction":[{"@type":"SearchAction","target":{"@type":"EntryPoint","urlTemplate":"https:\/\/ce-ci.fr\/?s={search_term_string}"},"query-input":{"@type":"PropertyValueSpecification","valueRequired":true,"valueName":"search_term_string"}}],"inLanguage":"en-GB"}]}},"_links":{"self":[{"href":"https:\/\/ce-ci.fr\/en\/wp-json\/wp\/v2\/pages\/974","targetHints":{"allow":["GET"]}}],"collection":[{"href":"https:\/\/ce-ci.fr\/en\/wp-json\/wp\/v2\/pages"}],"about":[{"href":"https:\/\/ce-ci.fr\/en\/wp-json\/wp\/v2\/types\/page"}],"author":[{"embeddable":true,"href":"https:\/\/ce-ci.fr\/en\/wp-json\/wp\/v2\/users\/1"}],"replies":[{"embeddable":true,"href":"https:\/\/ce-ci.fr\/en\/wp-json\/wp\/v2\/comments?post=974"}],"version-history":[{"count":7,"href":"https:\/\/ce-ci.fr\/en\/wp-json\/wp\/v2\/pages\/974\/revisions"}],"predecessor-version":[{"id":1492,"href":"https:\/\/ce-ci.fr\/en\/wp-json\/wp\/v2\/pages\/974\/revisions\/1492"}],"wp:attachment":[{"href":"https:\/\/ce-ci.fr\/en\/wp-json\/wp\/v2\/media?parent=974"}],"curies":[{"name":"wp","href":"https:\/\/api.w.org\/{rel}","templated":true}]}}