{"id":978,"date":"2025-06-13T14:02:56","date_gmt":"2025-06-13T14:02:56","guid":{"rendered":"https:\/\/ce-ci.fr\/?page_id=978"},"modified":"2025-06-21T13:34:31","modified_gmt":"2025-06-21T13:34:31","slug":"voyages-interstitiels","status":"publish","type":"page","link":"https:\/\/ce-ci.fr\/en\/voyages-interstitiels\/","title":{"rendered":"interstitial journeys"},"content":{"rendered":"<p>[et_pb_section fb_built=\u00a0\u00bb1&Prime; admin_label=\u00a0\u00bbHeader &#038; Contact Form\u00a0\u00bb _builder_version=\u00a0\u00bb4.27.4&Prime; _module_preset=\u00a0\u00bbdefault\u00a0\u00bb custom_margin=\u00a0\u00bb0px||0px||true|false\u00a0\u00bb custom_padding=\u00a0\u00bb0px||0px||true|false\u00a0\u00bb collapsed=\u00a0\u00bboff\u00a0\u00bb global_colors_info=\u00a0\u00bb{}\u00a0\u00bb][et_pb_row column_structure=\u00a0\u00bb1_2,1_2&Prime; use_custom_gutter=\u00a0\u00bbon\u00a0\u00bb make_equal=\u00a0\u00bbon\u00a0\u00bb _builder_version=\u00a0\u00bb4.27.4&Prime; _module_preset=\u00a0\u00bbdefault\u00a0\u00bb background_enable_color=\u00a0\u00bboff\u00a0\u00bb width=\u00a0\u00bb100%\u00a0\u00bb max_width=\u00a0\u00bbnone\u00a0\u00bb custom_margin=\u00a0\u00bb0px||0px||false|false\u00a0\u00bb custom_padding=\u00a0\u00bb0px||0px||true|false\u00a0\u00bb locked=\u00a0\u00bboff\u00a0\u00bb global_colors_info=\u00a0\u00bb{}\u00a0\u00bb][et_pb_column type=\u00a0\u00bb1_2&Prime; _builder_version=\u00a0\u00bb4.27.4&Prime; _module_preset=\u00a0\u00bbdefault\u00a0\u00bb custom_padding=\u00a0\u00bb60px|||6vw|false|false\u00a0\u00bb global_colors_info=\u00a0\u00bb{}\u00a0\u00bb][et_pb_text _builder_version=\u00a0\u00bb4.27.4&Prime; _module_preset=\u00a0\u00bbdefault\u00a0\u00bb custom_padding=\u00a0\u00bb||||false|false\u00a0\u00bb global_colors_info=\u00a0\u00bb{}\u00a0\u00bb]<\/p>\n<h1>interstitial journeys<\/h1>\n<h2>Objective<\/h2>\n<p>Explore the interstices of the world through immersive experiences ; learning how to detect, sense, think, and create from spaces of tension and transformation in the real world.<\/p>\n<h2>Methodologies<\/h2>\n<p>ce-ci designs nomadic or site-based experiences as sensitive and critical immersions within real-life contexts. These journeys foster an undisciplined approach, blending observation, experimentation and co-creation.<\/p>\n<p>Each interstitial journey invites participants to shift their perspective, inhabit uncertainty, and surface new narratives and ways of knowing.<\/p>\n<p>Our missions may include:<\/p>\n<ul>\n<li>Proposing destinations based on the specific goals of a group or of an organization<\/li>\n<li>Designing still or nomadic itineraries<\/li>\n<li>Crafting invitations and engaging with participants<\/li>\n<li>Coordinating logistics<\/li>\n<li>Designing and facilitating unique field experiences<\/li>\n<li>Supporting the detection of interstices unique to each context<\/li>\n<li>Guiding co-creation among participants<\/li>\n<li>Documenting and sharing the process for a shared interstitial story<\/li>\n<\/ul>\n<h2>Challenges addressed<\/h2>\n<p>Interstitial journeys respond to:<\/p>\n<ul>\n<li>the difficulty of grasping complex present-day contexts<\/li>\n<li>the need to open up to uncertainty and to listen deeply<\/li>\n<li>a desire to expand frameworks for analysis and action beyond established disciplines and practices<\/li>\n<li>the scarcity of moving, real-world spaces for collective reflection and experimentation<\/li>\n<\/ul>\n<h2><span style=\"color: #8300e9;\">Ideal for<\/span><\/h2>\n<p>Companies, international organizations, institutions, research networks, collectives, universities, or anyone wishing to deepen their practice or presence by engaging with the unknown.<\/p>\n<p>[\/et_pb_text][et_pb_button button_url=\u00a0\u00bbhttps:\/\/ce-ci.fr\/voyages-interstitiels\/naviguer-lentre-deux\/\u00a0\u00bb url_new_window=\u00a0\u00bbon\u00a0\u00bb button_text=\u00a0\u00bbvoir un exemple de voyage interstitiel\u00a0\u00bb _builder_version=\u00a0\u00bb4.27.4&Prime; _module_preset=\u00a0\u00bbdefault\u00a0\u00bb global_colors_info=\u00a0\u00bb{}\u00a0\u00bb][\/et_pb_button][\/et_pb_column][et_pb_column type=\u00a0\u00bb1_2&Prime; _builder_version=\u00a0\u00bb4.27.4&Prime; _module_preset=\u00a0\u00bbdefault\u00a0\u00bb background_enable_color=\u00a0\u00bboff\u00a0\u00bb custom_padding=\u00a0\u00bb||||false|false\u00a0\u00bb custom_css_main_element=\u00a0\u00bbmargin: auto;\u00a0\u00bb global_colors_info=\u00a0\u00bb{}\u00a0\u00bb][et_pb_image src=\u00a0\u00bbhttps:\/\/ce-ci.fr\/wp-content\/uploads\/2025\/06\/DSC09133.jpg\u00a0\u00bb title_text=\u00a0\u00bbFlower trip\u00a0\u00bb _builder_version=\u00a0\u00bb4.27.4&Prime; _module_preset=\u00a0\u00bbdefault\u00a0\u00bb background_enable_color=\u00a0\u00bboff\u00a0\u00bb width=\u00a0\u00bb100%\u00a0\u00bb custom_margin=\u00a0\u00bb0px||0px||true|false\u00a0\u00bb custom_padding=\u00a0\u00bb0px||0px||true|false\u00a0\u00bb filter_saturate=\u00a0\u00bb0%\u00a0\u00bb filter_brightness=\u00a0\u00bb107%\u00a0\u00bb filter_contrast=\u00a0\u00bb108%\u00a0\u00bb hover_enabled=\u00a0\u00bb0&Prime; locked=\u00a0\u00bboff\u00a0\u00bb global_colors_info=\u00a0\u00bb{}\u00a0\u00bb sticky_enabled=\u00a0\u00bb0&Prime;][\/et_pb_image][et_pb_text _builder_version=\u00a0\u00bb4.27.4&Prime; _module_preset=\u00a0\u00bbdefault\u00a0\u00bb text_text_color=\u00a0\u00bb#6B6B6B\u00a0\u00bb text_font_size=\u00a0\u00bb14px\u00a0\u00bb hover_enabled=\u00a0\u00bb0&Prime; text_font_size_tablet=\u00a0\u00bb14px\u00a0\u00bb text_font_size_phone=\u00a0\u00bb13px\u00a0\u00bb text_font_size_last_edited=\u00a0\u00bbon|phone\u00a0\u00bb locked=\u00a0\u00bboff\u00a0\u00bb global_colors_info=\u00a0\u00bb{}\u00a0\u00bb sticky_enabled=\u00a0\u00bb0&Prime;]<\/p>\n<p style=\"text-align: center;\">Photo credit: Michele Caleffi<\/p>\n<p>[\/et_pb_text][\/et_pb_column][\/et_pb_row][\/et_pb_section]<\/p>","protected":false},"excerpt":{"rendered":"<p>voyages interstitiels Objectif Explorer les interstices du monde \u00e0 travers des exp\u00e9riences immersives, pour apprendre \u00e0 d\u00e9tecter, sentir, penser et cr\u00e9er \u00e0 partir des espaces en tension et en mouvement dans le monde r\u00e9el. M\u00e9thodologies ce-ci propose des exp\u00e9riences nomades ou fixes con\u00e7ues comme des immersions sensibles et critiques dans des contextes r\u00e9els. Ces voyages [&hellip;]<\/p>","protected":false},"author":1,"featured_media":0,"parent":0,"menu_order":0,"comment_status":"closed","ping_status":"closed","template":"","meta":{"_et_pb_use_builder":"on","_et_pb_old_content":"","_et_gb_content_width":"","content-type":"","footnotes":""},"class_list":["post-978","page","type-page","status-publish","hentry"],"yoast_head":"<!-- This site is optimized with the Yoast SEO plugin v26.2 - https:\/\/yoast.com\/wordpress\/plugins\/seo\/ -->\n<title>voyages interstitiels - ce-ci<\/title>\n<meta name=\"robots\" content=\"index, follow, max-snippet:-1, max-image-preview:large, max-video-preview:-1\" \/>\n<link rel=\"canonical\" href=\"https:\/\/ce-ci.fr\/en\/voyages-interstitiels\/\" \/>\n<meta property=\"og:locale\" content=\"en_GB\" \/>\n<meta property=\"og:type\" content=\"article\" \/>\n<meta property=\"og:title\" content=\"voyages interstitiels - ce-ci\" \/>\n<meta property=\"og:description\" content=\"voyages interstitiels Objectif Explorer les interstices du monde \u00e0 travers des exp\u00e9riences immersives, pour apprendre \u00e0 d\u00e9tecter, sentir, penser et cr\u00e9er \u00e0 partir des espaces en tension et en mouvement dans le monde r\u00e9el. M\u00e9thodologies ce-ci propose des exp\u00e9riences nomades ou fixes con\u00e7ues comme des immersions sensibles et critiques dans des contextes r\u00e9els. Ces voyages [&hellip;]\" \/>\n<meta property=\"og:url\" content=\"https:\/\/ce-ci.fr\/en\/voyages-interstitiels\/\" \/>\n<meta property=\"og:site_name\" content=\"ce-ci\" \/>\n<meta property=\"article:modified_time\" content=\"2025-06-21T13:34:31+00:00\" \/>\n<meta name=\"twitter:card\" content=\"summary_large_image\" \/>\n<meta name=\"twitter:label1\" content=\"Estimated reading time\" \/>\n\t<meta name=\"twitter:data1\" content=\"3 minutes\" \/>\n<script type=\"application\/ld+json\" class=\"yoast-schema-graph\">{\"@context\":\"https:\/\/schema.org\",\"@graph\":[{\"@type\":\"WebPage\",\"@id\":\"https:\/\/ce-ci.fr\/voyages-interstitiels\/\",\"url\":\"https:\/\/ce-ci.fr\/voyages-interstitiels\/\",\"name\":\"voyages interstitiels - ce-ci\",\"isPartOf\":{\"@id\":\"https:\/\/ce-ci.fr\/#website\"},\"datePublished\":\"2025-06-13T14:02:56+00:00\",\"dateModified\":\"2025-06-21T13:34:31+00:00\",\"breadcrumb\":{\"@id\":\"https:\/\/ce-ci.fr\/voyages-interstitiels\/#breadcrumb\"},\"inLanguage\":\"en-GB\",\"potentialAction\":[{\"@type\":\"ReadAction\",\"target\":[\"https:\/\/ce-ci.fr\/voyages-interstitiels\/\"]}]},{\"@type\":\"BreadcrumbList\",\"@id\":\"https:\/\/ce-ci.fr\/voyages-interstitiels\/#breadcrumb\",\"itemListElement\":[{\"@type\":\"ListItem\",\"position\":1,\"name\":\"Home\",\"item\":\"https:\/\/ce-ci.fr\/\"},{\"@type\":\"ListItem\",\"position\":2,\"name\":\"voyages interstitiels\"}]},{\"@type\":\"WebSite\",\"@id\":\"https:\/\/ce-ci.fr\/#website\",\"url\":\"https:\/\/ce-ci.fr\/\",\"name\":\"ce-ci\",\"description\":\"Centre de Cr\u00e9ation Interstitielle\",\"potentialAction\":[{\"@type\":\"SearchAction\",\"target\":{\"@type\":\"EntryPoint\",\"urlTemplate\":\"https:\/\/ce-ci.fr\/?s={search_term_string}\"},\"query-input\":{\"@type\":\"PropertyValueSpecification\",\"valueRequired\":true,\"valueName\":\"search_term_string\"}}],\"inLanguage\":\"en-GB\"}]}<\/script>\n<!-- \/ Yoast SEO plugin. -->","yoast_head_json":{"title":"voyages interstitiels - ce-ci","robots":{"index":"index","follow":"follow","max-snippet":"max-snippet:-1","max-image-preview":"max-image-preview:large","max-video-preview":"max-video-preview:-1"},"canonical":"https:\/\/ce-ci.fr\/en\/voyages-interstitiels\/","og_locale":"en_GB","og_type":"article","og_title":"voyages interstitiels - ce-ci","og_description":"voyages interstitiels Objectif Explorer les interstices du monde \u00e0 travers des exp\u00e9riences immersives, pour apprendre \u00e0 d\u00e9tecter, sentir, penser et cr\u00e9er \u00e0 partir des espaces en tension et en mouvement dans le monde r\u00e9el. M\u00e9thodologies ce-ci propose des exp\u00e9riences nomades ou fixes con\u00e7ues comme des immersions sensibles et critiques dans des contextes r\u00e9els. Ces voyages [&hellip;]","og_url":"https:\/\/ce-ci.fr\/en\/voyages-interstitiels\/","og_site_name":"ce-ci","article_modified_time":"2025-06-21T13:34:31+00:00","twitter_card":"summary_large_image","twitter_misc":{"Estimated reading time":"3 minutes"},"schema":{"@context":"https:\/\/schema.org","@graph":[{"@type":"WebPage","@id":"https:\/\/ce-ci.fr\/voyages-interstitiels\/","url":"https:\/\/ce-ci.fr\/voyages-interstitiels\/","name":"voyages interstitiels - ce-ci","isPartOf":{"@id":"https:\/\/ce-ci.fr\/#website"},"datePublished":"2025-06-13T14:02:56+00:00","dateModified":"2025-06-21T13:34:31+00:00","breadcrumb":{"@id":"https:\/\/ce-ci.fr\/voyages-interstitiels\/#breadcrumb"},"inLanguage":"en-GB","potentialAction":[{"@type":"ReadAction","target":["https:\/\/ce-ci.fr\/voyages-interstitiels\/"]}]},{"@type":"BreadcrumbList","@id":"https:\/\/ce-ci.fr\/voyages-interstitiels\/#breadcrumb","itemListElement":[{"@type":"ListItem","position":1,"name":"Home","item":"https:\/\/ce-ci.fr\/"},{"@type":"ListItem","position":2,"name":"voyages interstitiels"}]},{"@type":"WebSite","@id":"https:\/\/ce-ci.fr\/#website","url":"https:\/\/ce-ci.fr\/","name":"ce-ci","description":"Centre de Cr\u00e9ation Interstitielle","potentialAction":[{"@type":"SearchAction","target":{"@type":"EntryPoint","urlTemplate":"https:\/\/ce-ci.fr\/?s={search_term_string}"},"query-input":{"@type":"PropertyValueSpecification","valueRequired":true,"valueName":"search_term_string"}}],"inLanguage":"en-GB"}]}},"_links":{"self":[{"href":"https:\/\/ce-ci.fr\/en\/wp-json\/wp\/v2\/pages\/978","targetHints":{"allow":["GET"]}}],"collection":[{"href":"https:\/\/ce-ci.fr\/en\/wp-json\/wp\/v2\/pages"}],"about":[{"href":"https:\/\/ce-ci.fr\/en\/wp-json\/wp\/v2\/types\/page"}],"author":[{"embeddable":true,"href":"https:\/\/ce-ci.fr\/en\/wp-json\/wp\/v2\/users\/1"}],"replies":[{"embeddable":true,"href":"https:\/\/ce-ci.fr\/en\/wp-json\/wp\/v2\/comments?post=978"}],"version-history":[{"count":7,"href":"https:\/\/ce-ci.fr\/en\/wp-json\/wp\/v2\/pages\/978\/revisions"}],"predecessor-version":[{"id":1353,"href":"https:\/\/ce-ci.fr\/en\/wp-json\/wp\/v2\/pages\/978\/revisions\/1353"}],"wp:attachment":[{"href":"https:\/\/ce-ci.fr\/en\/wp-json\/wp\/v2\/media?parent=978"}],"curies":[{"name":"wp","href":"https:\/\/api.w.org\/{rel}","templated":true}]}}