{"id":981,"date":"2025-06-13T14:08:00","date_gmt":"2025-06-13T14:08:00","guid":{"rendered":"https:\/\/ce-ci.fr\/?page_id=981"},"modified":"2025-06-29T17:43:17","modified_gmt":"2025-06-29T17:43:17","slug":"jeux-de-foules","status":"publish","type":"page","link":"https:\/\/ce-ci.fr\/en\/jeux-de-foules\/","title":{"rendered":"crowd games"},"content":{"rendered":"<p>[et_pb_section fb_built=\u00a0\u00bb1&Prime; admin_label=\u00a0\u00bbHeader &#038; Contact Form\u00a0\u00bb _builder_version=\u00a0\u00bb4.27.4&Prime; _module_preset=\u00a0\u00bbdefault\u00a0\u00bb custom_margin=\u00a0\u00bb0px||0px||true|false\u00a0\u00bb custom_padding=\u00a0\u00bb0px||0px||true|false\u00a0\u00bb collapsed=\u00a0\u00bboff\u00a0\u00bb global_colors_info=\u00a0\u00bb{}\u00a0\u00bb][et_pb_row column_structure=\u00a0\u00bb1_2,1_2&Prime; use_custom_gutter=\u00a0\u00bbon\u00a0\u00bb make_equal=\u00a0\u00bbon\u00a0\u00bb _builder_version=\u00a0\u00bb4.27.4&Prime; _module_preset=\u00a0\u00bbdefault\u00a0\u00bb background_enable_color=\u00a0\u00bboff\u00a0\u00bb width=\u00a0\u00bb100%\u00a0\u00bb max_width=\u00a0\u00bbnone\u00a0\u00bb custom_margin=\u00a0\u00bb0px||0px||false|false\u00a0\u00bb custom_padding=\u00a0\u00bb0px||0px||true|false\u00a0\u00bb locked=\u00a0\u00bboff\u00a0\u00bb global_colors_info=\u00a0\u00bb{}\u00a0\u00bb][et_pb_column type=\u00a0\u00bb1_2&Prime; _builder_version=\u00a0\u00bb4.27.4&Prime; _module_preset=\u00a0\u00bbdefault\u00a0\u00bb custom_padding=\u00a0\u00bb60px|||6vw|false|false\u00a0\u00bb global_colors_info=\u00a0\u00bb{}\u00a0\u00bb][et_pb_text _builder_version=\u00a0\u00bb4.27.4&Prime; _module_preset=\u00a0\u00bbdefault\u00a0\u00bb custom_padding=\u00a0\u00bb||||false|false\u00a0\u00bb global_colors_info=\u00a0\u00bb{}\u00a0\u00bb]<\/p>\n<h1>crowd games<\/h1>\n<h2>Objective<\/h2>\n<p>Enable crowds or groups to explore interstices collectively and joyfully.<\/p>\n<h2>Methodologies<\/h2>\n<p>ce-ci creates unique games designed for groups of any size to engage around vital interstices. They are crafted to stimulate deep reflection and dialogue among participants from diverse backgrounds around emerging topics.<\/p>\n<p>Crowd games are conceived to accommodate between 10 and 100 participants, with multilingual and intergenerational formats that encourage rich, diverse exchanges.<\/p>\n<p>ce-ci's offers include:<\/p>\n<ul>\n<li>Interstitial game design and singular facilitation<\/li>\n<li>Adapting game formats to different audiences and contexts<\/li>\n<li>Facilitating accessible, surprising and cross-cutting collective experiences<\/li>\n<li>Documenting dynamics and interactions to build a shared story<\/li>\n<\/ul>\n<h2>Challenges addressed<\/h2>\n<p>Crowd games respond to:<\/p>\n<ul>\n<li>the need for active, lively engagement on complex issues<\/li>\n<li>the difficulty of mobilizing diverse groups around common concerns<\/li>\n<li>the scarcity of spaces open to collectively experiment with creativity and deep exchange<\/li>\n<li>the desire to bring together different generations, languages, and experiences through meaningful, high-quality shared experiences.<\/li>\n<\/ul>\n<h2><span style=\"color: #8300e9;\">Ideal for<\/span><\/h2>\n<p>Public spaces, cultural institutions, festivals, local authorities, schools, companies, networks, or any group seeking to offer meaningful and unexpected experiences to a group of people.<\/p>\n<p>[\/et_pb_text][et_pb_button button_url=\u00a0\u00bbhttps:\/\/ce-ci.fr\/jeux-de-foule\/ensauvagements\/\u00a0\u00bb url_new_window=\u00a0\u00bbon\u00a0\u00bb button_text=\u00a0\u00bbvoir un exemple de jeu de foule\u00a0\u00bb _builder_version=\u00a0\u00bb4.27.4&Prime; _module_preset=\u00a0\u00bbdefault\u00a0\u00bb custom_padding=\u00a0\u00bb||0px|||\u00a0\u00bb global_colors_info=\u00a0\u00bb{}\u00a0\u00bb][\/et_pb_button][\/et_pb_column][et_pb_column type=\u00a0\u00bb1_2&Prime; _builder_version=\u00a0\u00bb4.27.4&Prime; _module_preset=\u00a0\u00bbdefault\u00a0\u00bb background_enable_color=\u00a0\u00bboff\u00a0\u00bb custom_padding=\u00a0\u00bb||||false|false\u00a0\u00bb custom_css_main_element=\u00a0\u00bbmargin: auto;\u00a0\u00bb global_colors_info=\u00a0\u00bb{}\u00a0\u00bb][et_pb_image src=\u00a0\u00bbhttps:\/\/ce-ci.fr\/wp-content\/uploads\/2025\/05\/IMG_6195-scaled.jpg\u00a0\u00bb title_text=\u00a0\u00bbIMG_6195&Prime; _builder_version=\u00a0\u00bb4.27.4&Prime; _module_preset=\u00a0\u00bbdefault\u00a0\u00bb background_enable_color=\u00a0\u00bboff\u00a0\u00bb width=\u00a0\u00bb100%\u00a0\u00bb custom_margin=\u00a0\u00bb0px||0px||true|false\u00a0\u00bb custom_padding=\u00a0\u00bb0px||0px||true|false\u00a0\u00bb filter_saturate=\u00a0\u00bb0%\u00a0\u00bb filter_brightness=\u00a0\u00bb107%\u00a0\u00bb filter_contrast=\u00a0\u00bb108%\u00a0\u00bb locked=\u00a0\u00bboff\u00a0\u00bb global_colors_info=\u00a0\u00bb{}\u00a0\u00bb][\/et_pb_image][\/et_pb_column][\/et_pb_row][\/et_pb_section]<\/p>","protected":false},"excerpt":{"rendered":"<p>jeux de foules Objectif Permettre \u00e0 un groupe d&rsquo;apprivoiser les interstices de fa\u00e7on joyeuse et collective. M\u00e9thodologies ce-ci cr\u00e9e des jeux in\u00e9dits adapt\u00e9s \u00e0 des grands groupes, con\u00e7us pour stimuler la r\u00e9flexion et le dialogue profond entre participants de tous bords sur des interstices vitaux. Les jeux de foule sont pens\u00e9s pour accueillir de 10 [&hellip;]<\/p>","protected":false},"author":1,"featured_media":0,"parent":0,"menu_order":0,"comment_status":"closed","ping_status":"closed","template":"","meta":{"_et_pb_use_builder":"on","_et_pb_old_content":"","_et_gb_content_width":"","content-type":"","footnotes":""},"class_list":["post-981","page","type-page","status-publish","hentry"],"yoast_head":"<!-- This site is optimized with the Yoast SEO plugin v26.2 - https:\/\/yoast.com\/wordpress\/plugins\/seo\/ -->\n<title>jeux de foules - ce-ci<\/title>\n<meta name=\"robots\" content=\"index, follow, max-snippet:-1, max-image-preview:large, max-video-preview:-1\" \/>\n<link rel=\"canonical\" href=\"https:\/\/ce-ci.fr\/en\/jeux-de-foules\/\" \/>\n<meta property=\"og:locale\" content=\"en_GB\" \/>\n<meta property=\"og:type\" content=\"article\" \/>\n<meta property=\"og:title\" content=\"jeux de foules - ce-ci\" \/>\n<meta property=\"og:description\" content=\"jeux de foules Objectif Permettre \u00e0 un groupe d&#039;apprivoiser les interstices de fa\u00e7on joyeuse et collective. M\u00e9thodologies ce-ci cr\u00e9e des jeux in\u00e9dits adapt\u00e9s \u00e0 des grands groupes, con\u00e7us pour stimuler la r\u00e9flexion et le dialogue profond entre participants de tous bords sur des interstices vitaux. Les jeux de foule sont pens\u00e9s pour accueillir de 10 [&hellip;]\" \/>\n<meta property=\"og:url\" content=\"https:\/\/ce-ci.fr\/en\/jeux-de-foules\/\" \/>\n<meta property=\"og:site_name\" content=\"ce-ci\" \/>\n<meta property=\"article:modified_time\" content=\"2025-06-29T17:43:17+00:00\" \/>\n<meta name=\"twitter:card\" content=\"summary_large_image\" \/>\n<meta name=\"twitter:label1\" content=\"Estimated reading time\" \/>\n\t<meta name=\"twitter:data1\" content=\"2 minutes\" \/>\n<script type=\"application\/ld+json\" class=\"yoast-schema-graph\">{\"@context\":\"https:\/\/schema.org\",\"@graph\":[{\"@type\":\"WebPage\",\"@id\":\"https:\/\/ce-ci.fr\/jeux-de-foules\/\",\"url\":\"https:\/\/ce-ci.fr\/jeux-de-foules\/\",\"name\":\"jeux de foules - ce-ci\",\"isPartOf\":{\"@id\":\"https:\/\/ce-ci.fr\/#website\"},\"datePublished\":\"2025-06-13T14:08:00+00:00\",\"dateModified\":\"2025-06-29T17:43:17+00:00\",\"breadcrumb\":{\"@id\":\"https:\/\/ce-ci.fr\/jeux-de-foules\/#breadcrumb\"},\"inLanguage\":\"en-GB\",\"potentialAction\":[{\"@type\":\"ReadAction\",\"target\":[\"https:\/\/ce-ci.fr\/jeux-de-foules\/\"]}]},{\"@type\":\"BreadcrumbList\",\"@id\":\"https:\/\/ce-ci.fr\/jeux-de-foules\/#breadcrumb\",\"itemListElement\":[{\"@type\":\"ListItem\",\"position\":1,\"name\":\"Home\",\"item\":\"https:\/\/ce-ci.fr\/\"},{\"@type\":\"ListItem\",\"position\":2,\"name\":\"jeux de foules\"}]},{\"@type\":\"WebSite\",\"@id\":\"https:\/\/ce-ci.fr\/#website\",\"url\":\"https:\/\/ce-ci.fr\/\",\"name\":\"ce-ci\",\"description\":\"Centre de Cr\u00e9ation Interstitielle\",\"potentialAction\":[{\"@type\":\"SearchAction\",\"target\":{\"@type\":\"EntryPoint\",\"urlTemplate\":\"https:\/\/ce-ci.fr\/?s={search_term_string}\"},\"query-input\":{\"@type\":\"PropertyValueSpecification\",\"valueRequired\":true,\"valueName\":\"search_term_string\"}}],\"inLanguage\":\"en-GB\"}]}<\/script>\n<!-- \/ Yoast SEO plugin. -->","yoast_head_json":{"title":"jeux de foules - ce-ci","robots":{"index":"index","follow":"follow","max-snippet":"max-snippet:-1","max-image-preview":"max-image-preview:large","max-video-preview":"max-video-preview:-1"},"canonical":"https:\/\/ce-ci.fr\/en\/jeux-de-foules\/","og_locale":"en_GB","og_type":"article","og_title":"jeux de foules - ce-ci","og_description":"jeux de foules Objectif Permettre \u00e0 un groupe d'apprivoiser les interstices de fa\u00e7on joyeuse et collective. M\u00e9thodologies ce-ci cr\u00e9e des jeux in\u00e9dits adapt\u00e9s \u00e0 des grands groupes, con\u00e7us pour stimuler la r\u00e9flexion et le dialogue profond entre participants de tous bords sur des interstices vitaux. Les jeux de foule sont pens\u00e9s pour accueillir de 10 [&hellip;]","og_url":"https:\/\/ce-ci.fr\/en\/jeux-de-foules\/","og_site_name":"ce-ci","article_modified_time":"2025-06-29T17:43:17+00:00","twitter_card":"summary_large_image","twitter_misc":{"Estimated reading time":"2 minutes"},"schema":{"@context":"https:\/\/schema.org","@graph":[{"@type":"WebPage","@id":"https:\/\/ce-ci.fr\/jeux-de-foules\/","url":"https:\/\/ce-ci.fr\/jeux-de-foules\/","name":"jeux de foules - ce-ci","isPartOf":{"@id":"https:\/\/ce-ci.fr\/#website"},"datePublished":"2025-06-13T14:08:00+00:00","dateModified":"2025-06-29T17:43:17+00:00","breadcrumb":{"@id":"https:\/\/ce-ci.fr\/jeux-de-foules\/#breadcrumb"},"inLanguage":"en-GB","potentialAction":[{"@type":"ReadAction","target":["https:\/\/ce-ci.fr\/jeux-de-foules\/"]}]},{"@type":"BreadcrumbList","@id":"https:\/\/ce-ci.fr\/jeux-de-foules\/#breadcrumb","itemListElement":[{"@type":"ListItem","position":1,"name":"Home","item":"https:\/\/ce-ci.fr\/"},{"@type":"ListItem","position":2,"name":"jeux de foules"}]},{"@type":"WebSite","@id":"https:\/\/ce-ci.fr\/#website","url":"https:\/\/ce-ci.fr\/","name":"ce-ci","description":"Centre de Cr\u00e9ation Interstitielle","potentialAction":[{"@type":"SearchAction","target":{"@type":"EntryPoint","urlTemplate":"https:\/\/ce-ci.fr\/?s={search_term_string}"},"query-input":{"@type":"PropertyValueSpecification","valueRequired":true,"valueName":"search_term_string"}}],"inLanguage":"en-GB"}]}},"_links":{"self":[{"href":"https:\/\/ce-ci.fr\/en\/wp-json\/wp\/v2\/pages\/981","targetHints":{"allow":["GET"]}}],"collection":[{"href":"https:\/\/ce-ci.fr\/en\/wp-json\/wp\/v2\/pages"}],"about":[{"href":"https:\/\/ce-ci.fr\/en\/wp-json\/wp\/v2\/types\/page"}],"author":[{"embeddable":true,"href":"https:\/\/ce-ci.fr\/en\/wp-json\/wp\/v2\/users\/1"}],"replies":[{"embeddable":true,"href":"https:\/\/ce-ci.fr\/en\/wp-json\/wp\/v2\/comments?post=981"}],"version-history":[{"count":6,"href":"https:\/\/ce-ci.fr\/en\/wp-json\/wp\/v2\/pages\/981\/revisions"}],"predecessor-version":[{"id":1396,"href":"https:\/\/ce-ci.fr\/en\/wp-json\/wp\/v2\/pages\/981\/revisions\/1396"}],"wp:attachment":[{"href":"https:\/\/ce-ci.fr\/en\/wp-json\/wp\/v2\/media?parent=981"}],"curies":[{"name":"wp","href":"https:\/\/api.w.org\/{rel}","templated":true}]}}