{"id":985,"date":"2025-06-13T14:11:38","date_gmt":"2025-06-13T14:11:38","guid":{"rendered":"https:\/\/ce-ci.fr\/?page_id=985"},"modified":"2025-07-01T09:40:44","modified_gmt":"2025-07-01T09:40:44","slug":"presentations-publiques","status":"publish","type":"page","link":"https:\/\/ce-ci.fr\/en\/presentations-publiques\/","title":{"rendered":"public presentations"},"content":{"rendered":"<p>[et_pb_section fb_built=\u00a0\u00bb1&Prime; admin_label=\u00a0\u00bbHeader &#038; Contact Form\u00a0\u00bb _builder_version=\u00a0\u00bb4.27.4&Prime; _module_preset=\u00a0\u00bbdefault\u00a0\u00bb custom_margin=\u00a0\u00bb0px||0px||true|false\u00a0\u00bb custom_padding=\u00a0\u00bb0px||0px||true|false\u00a0\u00bb collapsed=\u00a0\u00bboff\u00a0\u00bb global_colors_info=\u00a0\u00bb{}\u00a0\u00bb][et_pb_row column_structure=\u00a0\u00bb1_2,1_2&Prime; use_custom_gutter=\u00a0\u00bbon\u00a0\u00bb make_equal=\u00a0\u00bbon\u00a0\u00bb _builder_version=\u00a0\u00bb4.27.4&Prime; _module_preset=\u00a0\u00bbdefault\u00a0\u00bb background_enable_color=\u00a0\u00bboff\u00a0\u00bb width=\u00a0\u00bb100%\u00a0\u00bb max_width=\u00a0\u00bbnone\u00a0\u00bb custom_margin=\u00a0\u00bb0px||0px||false|false\u00a0\u00bb custom_padding=\u00a0\u00bb0px||0px||true|false\u00a0\u00bb locked=\u00a0\u00bboff\u00a0\u00bb global_colors_info=\u00a0\u00bb{}\u00a0\u00bb][et_pb_column type=\u00a0\u00bb1_2&Prime; _builder_version=\u00a0\u00bb4.27.4&Prime; _module_preset=\u00a0\u00bbdefault\u00a0\u00bb custom_padding=\u00a0\u00bb60px|||6vw|false|false\u00a0\u00bb global_colors_info=\u00a0\u00bb{}\u00a0\u00bb][et_pb_text _builder_version=\u00a0\u00bb4.27.4&Prime; _module_preset=\u00a0\u00bbdefault\u00a0\u00bb custom_padding=\u00a0\u00bb||||false|false\u00a0\u00bb hover_enabled=\u00a0\u00bb0&Prime; global_colors_info=\u00a0\u00bb{}\u00a0\u00bb sticky_enabled=\u00a0\u00bb0&Prime;]<\/p>\n<h1>public presentations<\/h1>\n<h2>Objective<\/h2>\n<p>Transmit the principles of interstitial creation in a variety of contexts.<\/p>\n<h2>Methodologies<\/h2>\n<p>We present interstitial creation through formats tailored to different contexts and audiences: talks, interventions, discussions, workshops, or discursive performances.<\/p>\n<p>These presentations can take place in public, cultural, academic, professional, or educational settings. They aim to share both an emerging field of knowledge and a field of lived experience.<\/p>\n<p>Our missions may include:<\/p>\n<ul>\n<li>Public or private talks and presentations<\/li>\n<li>Participation in events such as festivals, conferences, panels, or seminars<\/li>\n<li>Designing formats tailored to different audiences, including intergenerational and multilingual groups<\/li>\n<li>Custom interventions in civic, corporate, or institutional contexts<\/li>\n<\/ul>\n<h2>Challenges addressed<\/h2>\n<p>Public presentations respond to:<\/p>\n<ul>\n<li>la raret\u00e9 d&rsquo;approches transdisciplinaires et situ\u00e9es<\/li>\n<li>un besoin de renouveler les r\u00e9cits et cadres de pens\u00e9e<\/li>\n<li>la difficult\u00e9 de transmettre des notions complexes de mani\u00e8re vivante et accessible<\/li>\n<li>the desire to open dialogue across fields, disciplines, and generations<\/li>\n<\/ul>\n<h2>Ideal for<\/h2>\n<p>Companies, festivals, museums, local authorities, research centers, cultural or educational organizations wishing to introduce their audiences to inspiring approaches and equip them with resources for nurturing new imaginaries.<\/p>\n<p>[\/et_pb_text][et_pb_button button_url=\u00a0\u00bbhttps:\/\/ce-ci.fr\/presentations-publiques\/ce-ci-sexpose-a-marseille\/\u00a0\u00bb url_new_window=\u00a0\u00bbon\u00a0\u00bb button_text=\u00a0\u00bbvoir un exemple de pr\u00e9sentation publique\u00a0\u00bb _builder_version=\u00a0\u00bb4.27.4&Prime; _module_preset=\u00a0\u00bbdefault\u00a0\u00bb global_colors_info=\u00a0\u00bb{}\u00a0\u00bb][\/et_pb_button][\/et_pb_column][et_pb_column type=\u00a0\u00bb1_2&Prime; _builder_version=\u00a0\u00bb4.27.4&Prime; _module_preset=\u00a0\u00bbdefault\u00a0\u00bb background_enable_color=\u00a0\u00bboff\u00a0\u00bb custom_padding=\u00a0\u00bb||||false|false\u00a0\u00bb custom_css_main_element=\u00a0\u00bbmargin: auto;\u00a0\u00bb global_colors_info=\u00a0\u00bb{}\u00a0\u00bb][et_pb_image src=\u00a0\u00bbhttps:\/\/ce-ci.fr\/wp-content\/uploads\/2025\/05\/header1.jpg\u00a0\u00bb title_text=\u00a0\u00bbheader#1&Prime; _builder_version=\u00a0\u00bb4.27.4&Prime; _module_preset=\u00a0\u00bbdefault\u00a0\u00bb background_enable_color=\u00a0\u00bboff\u00a0\u00bb width=\u00a0\u00bb100%\u00a0\u00bb custom_margin=\u00a0\u00bb0px||0px||true|false\u00a0\u00bb custom_padding=\u00a0\u00bb0px||0px||true|false\u00a0\u00bb filter_saturate=\u00a0\u00bb0%\u00a0\u00bb filter_brightness=\u00a0\u00bb107%\u00a0\u00bb filter_contrast=\u00a0\u00bb108%\u00a0\u00bb locked=\u00a0\u00bboff\u00a0\u00bb global_colors_info=\u00a0\u00bb{}\u00a0\u00bb][\/et_pb_image][et_pb_text _builder_version=\u00a0\u00bb4.27.4&Prime; _module_preset=\u00a0\u00bbdefault\u00a0\u00bb text_text_color=\u00a0\u00bb#6B6B6B\u00a0\u00bb text_font_size=\u00a0\u00bb14px\u00a0\u00bb text_font_size_tablet=\u00a0\u00bb14px\u00a0\u00bb text_font_size_phone=\u00a0\u00bb13px\u00a0\u00bb text_font_size_last_edited=\u00a0\u00bbon|phone\u00a0\u00bb locked=\u00a0\u00bboff\u00a0\u00bb global_colors_info=\u00a0\u00bb{}\u00a0\u00bb]<\/p>\n<p style=\"text-align: center;\">Photo credit: Ella Manzheeva<\/p>\n<p>[\/et_pb_text][\/et_pb_column][\/et_pb_row][\/et_pb_section]<\/p>","protected":false},"excerpt":{"rendered":"<p>pr\u00e9sentations publiques Objectif Transmettre les cl\u00e9s de la cr\u00e9ation interstitielle dans des contextes vari\u00e9s &#8211; pour ouvrir des imaginaires, d\u00e9cloisonner les savoirs, et nourrir des pratiques. M\u00e9thodologies Nous pr\u00e9sentons la cr\u00e9ation interstitielle dans des formats adapt\u00e9s aux contextes et aux publics : conf\u00e9rences, interventions, discussions, ateliers ou performances discursives. Ces pr\u00e9sentations peuvent s\u2019inscrire dans des [&hellip;]<\/p>","protected":false},"author":1,"featured_media":0,"parent":0,"menu_order":0,"comment_status":"closed","ping_status":"closed","template":"","meta":{"_et_pb_use_builder":"on","_et_pb_old_content":"","_et_gb_content_width":"","content-type":"","footnotes":""},"class_list":["post-985","page","type-page","status-publish","hentry"],"yoast_head":"<!-- This site is optimized with the Yoast SEO plugin v26.2 - https:\/\/yoast.com\/wordpress\/plugins\/seo\/ -->\n<title>pr\u00e9sentations publiques - ce-ci<\/title>\n<meta name=\"robots\" content=\"index, follow, max-snippet:-1, max-image-preview:large, max-video-preview:-1\" \/>\n<link rel=\"canonical\" href=\"https:\/\/ce-ci.fr\/en\/presentations-publiques\/\" \/>\n<meta property=\"og:locale\" content=\"en_GB\" \/>\n<meta property=\"og:type\" content=\"article\" \/>\n<meta property=\"og:title\" content=\"pr\u00e9sentations publiques - ce-ci\" \/>\n<meta property=\"og:description\" content=\"pr\u00e9sentations publiques Objectif Transmettre les cl\u00e9s de la cr\u00e9ation interstitielle dans des contextes vari\u00e9s - pour ouvrir des imaginaires, d\u00e9cloisonner les savoirs, et nourrir des pratiques. M\u00e9thodologies Nous pr\u00e9sentons la cr\u00e9ation interstitielle dans des formats adapt\u00e9s aux contextes et aux publics : conf\u00e9rences, interventions, discussions, ateliers ou performances discursives. Ces pr\u00e9sentations peuvent s\u2019inscrire dans des [&hellip;]\" \/>\n<meta property=\"og:url\" content=\"https:\/\/ce-ci.fr\/en\/presentations-publiques\/\" \/>\n<meta property=\"og:site_name\" content=\"ce-ci\" \/>\n<meta property=\"article:modified_time\" content=\"2025-07-01T09:40:44+00:00\" \/>\n<meta name=\"twitter:card\" content=\"summary_large_image\" \/>\n<meta name=\"twitter:label1\" content=\"Estimated reading time\" \/>\n\t<meta name=\"twitter:data1\" content=\"3 minutes\" \/>\n<script type=\"application\/ld+json\" class=\"yoast-schema-graph\">{\"@context\":\"https:\/\/schema.org\",\"@graph\":[{\"@type\":\"WebPage\",\"@id\":\"https:\/\/ce-ci.fr\/presentations-publiques\/\",\"url\":\"https:\/\/ce-ci.fr\/presentations-publiques\/\",\"name\":\"pr\u00e9sentations publiques - ce-ci\",\"isPartOf\":{\"@id\":\"https:\/\/ce-ci.fr\/#website\"},\"datePublished\":\"2025-06-13T14:11:38+00:00\",\"dateModified\":\"2025-07-01T09:40:44+00:00\",\"breadcrumb\":{\"@id\":\"https:\/\/ce-ci.fr\/presentations-publiques\/#breadcrumb\"},\"inLanguage\":\"en-GB\",\"potentialAction\":[{\"@type\":\"ReadAction\",\"target\":[\"https:\/\/ce-ci.fr\/presentations-publiques\/\"]}]},{\"@type\":\"BreadcrumbList\",\"@id\":\"https:\/\/ce-ci.fr\/presentations-publiques\/#breadcrumb\",\"itemListElement\":[{\"@type\":\"ListItem\",\"position\":1,\"name\":\"Home\",\"item\":\"https:\/\/ce-ci.fr\/\"},{\"@type\":\"ListItem\",\"position\":2,\"name\":\"pr\u00e9sentations publiques\"}]},{\"@type\":\"WebSite\",\"@id\":\"https:\/\/ce-ci.fr\/#website\",\"url\":\"https:\/\/ce-ci.fr\/\",\"name\":\"ce-ci\",\"description\":\"Centre de Cr\u00e9ation Interstitielle\",\"potentialAction\":[{\"@type\":\"SearchAction\",\"target\":{\"@type\":\"EntryPoint\",\"urlTemplate\":\"https:\/\/ce-ci.fr\/?s={search_term_string}\"},\"query-input\":{\"@type\":\"PropertyValueSpecification\",\"valueRequired\":true,\"valueName\":\"search_term_string\"}}],\"inLanguage\":\"en-GB\"}]}<\/script>\n<!-- \/ Yoast SEO plugin. -->","yoast_head_json":{"title":"pr\u00e9sentations publiques - ce-ci","robots":{"index":"index","follow":"follow","max-snippet":"max-snippet:-1","max-image-preview":"max-image-preview:large","max-video-preview":"max-video-preview:-1"},"canonical":"https:\/\/ce-ci.fr\/en\/presentations-publiques\/","og_locale":"en_GB","og_type":"article","og_title":"pr\u00e9sentations publiques - ce-ci","og_description":"pr\u00e9sentations publiques Objectif Transmettre les cl\u00e9s de la cr\u00e9ation interstitielle dans des contextes vari\u00e9s - pour ouvrir des imaginaires, d\u00e9cloisonner les savoirs, et nourrir des pratiques. M\u00e9thodologies Nous pr\u00e9sentons la cr\u00e9ation interstitielle dans des formats adapt\u00e9s aux contextes et aux publics : conf\u00e9rences, interventions, discussions, ateliers ou performances discursives. Ces pr\u00e9sentations peuvent s\u2019inscrire dans des [&hellip;]","og_url":"https:\/\/ce-ci.fr\/en\/presentations-publiques\/","og_site_name":"ce-ci","article_modified_time":"2025-07-01T09:40:44+00:00","twitter_card":"summary_large_image","twitter_misc":{"Estimated reading time":"3 minutes"},"schema":{"@context":"https:\/\/schema.org","@graph":[{"@type":"WebPage","@id":"https:\/\/ce-ci.fr\/presentations-publiques\/","url":"https:\/\/ce-ci.fr\/presentations-publiques\/","name":"pr\u00e9sentations publiques - ce-ci","isPartOf":{"@id":"https:\/\/ce-ci.fr\/#website"},"datePublished":"2025-06-13T14:11:38+00:00","dateModified":"2025-07-01T09:40:44+00:00","breadcrumb":{"@id":"https:\/\/ce-ci.fr\/presentations-publiques\/#breadcrumb"},"inLanguage":"en-GB","potentialAction":[{"@type":"ReadAction","target":["https:\/\/ce-ci.fr\/presentations-publiques\/"]}]},{"@type":"BreadcrumbList","@id":"https:\/\/ce-ci.fr\/presentations-publiques\/#breadcrumb","itemListElement":[{"@type":"ListItem","position":1,"name":"Home","item":"https:\/\/ce-ci.fr\/"},{"@type":"ListItem","position":2,"name":"pr\u00e9sentations publiques"}]},{"@type":"WebSite","@id":"https:\/\/ce-ci.fr\/#website","url":"https:\/\/ce-ci.fr\/","name":"ce-ci","description":"Centre de Cr\u00e9ation Interstitielle","potentialAction":[{"@type":"SearchAction","target":{"@type":"EntryPoint","urlTemplate":"https:\/\/ce-ci.fr\/?s={search_term_string}"},"query-input":{"@type":"PropertyValueSpecification","valueRequired":true,"valueName":"search_term_string"}}],"inLanguage":"en-GB"}]}},"_links":{"self":[{"href":"https:\/\/ce-ci.fr\/en\/wp-json\/wp\/v2\/pages\/985","targetHints":{"allow":["GET"]}}],"collection":[{"href":"https:\/\/ce-ci.fr\/en\/wp-json\/wp\/v2\/pages"}],"about":[{"href":"https:\/\/ce-ci.fr\/en\/wp-json\/wp\/v2\/types\/page"}],"author":[{"embeddable":true,"href":"https:\/\/ce-ci.fr\/en\/wp-json\/wp\/v2\/users\/1"}],"replies":[{"embeddable":true,"href":"https:\/\/ce-ci.fr\/en\/wp-json\/wp\/v2\/comments?post=985"}],"version-history":[{"count":8,"href":"https:\/\/ce-ci.fr\/en\/wp-json\/wp\/v2\/pages\/985\/revisions"}],"predecessor-version":[{"id":1426,"href":"https:\/\/ce-ci.fr\/en\/wp-json\/wp\/v2\/pages\/985\/revisions\/1426"}],"wp:attachment":[{"href":"https:\/\/ce-ci.fr\/en\/wp-json\/wp\/v2\/media?parent=985"}],"curies":[{"name":"wp","href":"https:\/\/api.w.org\/{rel}","templated":true}]}}