{"id":989,"date":"2025-06-13T14:18:12","date_gmt":"2025-06-13T14:18:12","guid":{"rendered":"https:\/\/ce-ci.fr\/?page_id=989"},"modified":"2025-06-20T13:43:30","modified_gmt":"2025-06-20T13:43:30","slug":"creations-in-situ","status":"publish","type":"page","link":"https:\/\/ce-ci.fr\/en\/creations-in-situ\/","title":{"rendered":"contextual artistic interventions"},"content":{"rendered":"<p>[et_pb_section fb_built=\u00a0\u00bb1&Prime; admin_label=\u00a0\u00bbHeader &#038; Contact Form\u00a0\u00bb _builder_version=\u00a0\u00bb4.27.4&Prime; _module_preset=\u00a0\u00bbdefault\u00a0\u00bb custom_margin=\u00a0\u00bb0px||0px||true|false\u00a0\u00bb custom_padding=\u00a0\u00bb0px||0px||true|false\u00a0\u00bb collapsed=\u00a0\u00bboff\u00a0\u00bb global_colors_info=\u00a0\u00bb{}\u00a0\u00bb][et_pb_row column_structure=\u00a0\u00bb1_2,1_2&Prime; use_custom_gutter=\u00a0\u00bbon\u00a0\u00bb make_equal=\u00a0\u00bbon\u00a0\u00bb _builder_version=\u00a0\u00bb4.27.4&Prime; _module_preset=\u00a0\u00bbdefault\u00a0\u00bb background_enable_color=\u00a0\u00bboff\u00a0\u00bb width=\u00a0\u00bb100%\u00a0\u00bb max_width=\u00a0\u00bbnone\u00a0\u00bb custom_margin=\u00a0\u00bb0px||0px||false|false\u00a0\u00bb custom_padding=\u00a0\u00bb0px||0px||true|false\u00a0\u00bb locked=\u00a0\u00bboff\u00a0\u00bb global_colors_info=\u00a0\u00bb{}\u00a0\u00bb][et_pb_column type=\u00a0\u00bb1_2&Prime; _builder_version=\u00a0\u00bb4.27.4&Prime; _module_preset=\u00a0\u00bbdefault\u00a0\u00bb custom_padding=\u00a0\u00bb60px|||6vw|false|false\u00a0\u00bb global_colors_info=\u00a0\u00bb{}\u00a0\u00bb][et_pb_text _builder_version=\u00a0\u00bb4.27.4&Prime; _module_preset=\u00a0\u00bbdefault\u00a0\u00bb custom_padding=\u00a0\u00bb||||false|false\u00a0\u00bb global_colors_info=\u00a0\u00bb{}\u00a0\u00bb]<\/p>\n<h1>contextual artistic interventions<\/h1>\n<h2>Objective<\/h2>\n<p>Create spontaneously, without a map, responding to the vacancies left by disciplines, geographies, habits or paradigms.<\/p>\n<h2>Methodologies<\/h2>\n<p>We develop independent, undisciplined creative projects rooted in the real world. Each intervention begins with attentive listening to tensions, silences and absent narratives, with the aim to bring to life sensitive and contextually grounded forms.<\/p>\n<p>These projects can take many shapes, such as installations, publications, performative processes, participatory experiences, sensory environments, or embodied stories.<\/p>\n<p>Our missions may include:<\/p>\n<ul>\n<li>Freely initiated immersive research and creation based on local interstices, visible or invisible<\/li>\n<li>Context-driven artistic interventions that engage with local gaps and tensions<\/li>\n<li>Activation of places: public spaces, vacant lots, natural sites, or cultural venues<\/li>\n<li>Collaborative projects with local communities, ecosystems, or forms of life<\/li>\n<li>Production of new critical forms, knowledge and connections linked to context<\/li>\n<\/ul>\n<h2>Challenges addressed<\/h2>\n<p>Contextual interventions respond to:<\/p>\n<ul>\n<li>the need for spontaneous creation beyond established frameworks<\/li>\n<li>the lack of spaces where norms, language, and boundaries can truly be questioned<\/li>\n<li>fragile or shifting contexts that require unexpected approaches<\/li>\n<li>the scarcity of artistic expressions grounded in the disorienting realities of everyday life.<\/li>\n<\/ul>\n<h2><span style=\"color: #8300e9;\">Ideal for<\/span><\/h2>\n<p>Cultural institutions, municipalities, urban or rural actors, alternative spaces, vacant lots, research centers, or any context ready to welcome situated, responsive, un-mapped creative work.<\/p>\n<p>[\/et_pb_text][\/et_pb_column][et_pb_column type=\u00a0\u00bb1_2&Prime; _builder_version=\u00a0\u00bb4.27.4&Prime; _module_preset=\u00a0\u00bbdefault\u00a0\u00bb background_enable_color=\u00a0\u00bboff\u00a0\u00bb custom_padding=\u00a0\u00bb||||false|false\u00a0\u00bb custom_css_main_element=\u00a0\u00bbmargin: auto;\u00a0\u00bb global_colors_info=\u00a0\u00bb{}\u00a0\u00bb][et_pb_image src=\u00a0\u00bbhttps:\/\/ce-ci.fr\/wp-content\/uploads\/2025\/05\/290c2aa6-4c3d-4530-bbc8-d4ac76d88605.jpeg\u00a0\u00bb title_text=\u00a0\u00bb290c2aa6-4c3d-4530-bbc8-d4ac76d88605&Prime; _builder_version=\u00a0\u00bb4.27.4&Prime; _module_preset=\u00a0\u00bbdefault\u00a0\u00bb background_enable_color=\u00a0\u00bboff\u00a0\u00bb width=\u00a0\u00bb100%\u00a0\u00bb custom_margin=\u00a0\u00bb0px||0px||true|false\u00a0\u00bb custom_padding=\u00a0\u00bb0px||0px||true|false\u00a0\u00bb filter_saturate=\u00a0\u00bb0%\u00a0\u00bb filter_contrast=\u00a0\u00bb105%\u00a0\u00bb locked=\u00a0\u00bboff\u00a0\u00bb global_colors_info=\u00a0\u00bb{}\u00a0\u00bb][\/et_pb_image][et_pb_text _builder_version=\u00a0\u00bb4.27.4&Prime; _module_preset=\u00a0\u00bbdefault\u00a0\u00bb text_text_color=\u00a0\u00bb#6B6B6B\u00a0\u00bb text_font_size=\u00a0\u00bb14px\u00a0\u00bb hover_enabled=\u00a0\u00bb0&Prime; text_font_size_tablet=\u00a0\u00bb14px\u00a0\u00bb text_font_size_phone=\u00a0\u00bb13px\u00a0\u00bb text_font_size_last_edited=\u00a0\u00bbon|phone\u00a0\u00bb global_colors_info=\u00a0\u00bb{}\u00a0\u00bb theme_builder_area=\u00a0\u00bbpost_content\u00a0\u00bb sticky_enabled=\u00a0\u00bb0&Prime;]<\/p>\n<p style=\"text-align: center;\">Photo credit: Michele Caleffi<\/p>\n<p>[\/et_pb_text][\/et_pb_column][\/et_pb_row][\/et_pb_section]<\/p>","protected":false},"excerpt":{"rendered":"<p>cr\u00e9ations in situ Objectif Cr\u00e9er en immersion dans le monde, en r\u00e9ponse aux interstices laiss\u00e9s par les disciplines, les cultures, les territoires, les paradigmes ou les usages. M\u00e9thodologies Nous d\u00e9veloppons des projets spontan\u00e9s de cr\u00e9ation indisciplinaire, ancr\u00e9s dans des contextes qui nous parlent. Chaque intervention part d\u2019une \u00e9coute attentive des tensions, des vides, des r\u00e9cits [&hellip;]<\/p>","protected":false},"author":1,"featured_media":0,"parent":0,"menu_order":0,"comment_status":"closed","ping_status":"closed","template":"","meta":{"_et_pb_use_builder":"on","_et_pb_old_content":"","_et_gb_content_width":"","content-type":"","footnotes":""},"class_list":["post-989","page","type-page","status-publish","hentry"],"yoast_head":"<!-- This site is optimized with the Yoast SEO plugin v26.2 - https:\/\/yoast.com\/wordpress\/plugins\/seo\/ -->\n<title>cr\u00e9ations in situ - ce-ci<\/title>\n<meta name=\"robots\" content=\"index, follow, max-snippet:-1, max-image-preview:large, max-video-preview:-1\" \/>\n<link rel=\"canonical\" href=\"https:\/\/ce-ci.fr\/en\/creations-in-situ\/\" \/>\n<meta property=\"og:locale\" content=\"en_GB\" \/>\n<meta property=\"og:type\" content=\"article\" \/>\n<meta property=\"og:title\" content=\"cr\u00e9ations in situ - ce-ci\" \/>\n<meta property=\"og:description\" content=\"cr\u00e9ations in situ Objectif Cr\u00e9er en immersion dans le monde, en r\u00e9ponse aux interstices laiss\u00e9s par les disciplines, les cultures, les territoires, les paradigmes ou les usages. M\u00e9thodologies Nous d\u00e9veloppons des projets spontan\u00e9s de cr\u00e9ation indisciplinaire, ancr\u00e9s dans des contextes qui nous parlent. Chaque intervention part d\u2019une \u00e9coute attentive des tensions, des vides, des r\u00e9cits [&hellip;]\" \/>\n<meta property=\"og:url\" content=\"https:\/\/ce-ci.fr\/en\/creations-in-situ\/\" \/>\n<meta property=\"og:site_name\" content=\"ce-ci\" \/>\n<meta property=\"article:modified_time\" content=\"2025-06-20T13:43:30+00:00\" \/>\n<meta name=\"twitter:card\" content=\"summary_large_image\" \/>\n<meta name=\"twitter:label1\" content=\"Estimated reading time\" \/>\n\t<meta name=\"twitter:data1\" content=\"3 minutes\" \/>\n<script type=\"application\/ld+json\" class=\"yoast-schema-graph\">{\"@context\":\"https:\/\/schema.org\",\"@graph\":[{\"@type\":\"WebPage\",\"@id\":\"https:\/\/ce-ci.fr\/creations-in-situ\/\",\"url\":\"https:\/\/ce-ci.fr\/creations-in-situ\/\",\"name\":\"cr\u00e9ations in situ - ce-ci\",\"isPartOf\":{\"@id\":\"https:\/\/ce-ci.fr\/#website\"},\"datePublished\":\"2025-06-13T14:18:12+00:00\",\"dateModified\":\"2025-06-20T13:43:30+00:00\",\"breadcrumb\":{\"@id\":\"https:\/\/ce-ci.fr\/creations-in-situ\/#breadcrumb\"},\"inLanguage\":\"en-GB\",\"potentialAction\":[{\"@type\":\"ReadAction\",\"target\":[\"https:\/\/ce-ci.fr\/creations-in-situ\/\"]}]},{\"@type\":\"BreadcrumbList\",\"@id\":\"https:\/\/ce-ci.fr\/creations-in-situ\/#breadcrumb\",\"itemListElement\":[{\"@type\":\"ListItem\",\"position\":1,\"name\":\"Home\",\"item\":\"https:\/\/ce-ci.fr\/\"},{\"@type\":\"ListItem\",\"position\":2,\"name\":\"cr\u00e9ations in situ\"}]},{\"@type\":\"WebSite\",\"@id\":\"https:\/\/ce-ci.fr\/#website\",\"url\":\"https:\/\/ce-ci.fr\/\",\"name\":\"ce-ci\",\"description\":\"Centre de Cr\u00e9ation Interstitielle\",\"potentialAction\":[{\"@type\":\"SearchAction\",\"target\":{\"@type\":\"EntryPoint\",\"urlTemplate\":\"https:\/\/ce-ci.fr\/?s={search_term_string}\"},\"query-input\":{\"@type\":\"PropertyValueSpecification\",\"valueRequired\":true,\"valueName\":\"search_term_string\"}}],\"inLanguage\":\"en-GB\"}]}<\/script>\n<!-- \/ Yoast SEO plugin. -->","yoast_head_json":{"title":"cr\u00e9ations in situ - ce-ci","robots":{"index":"index","follow":"follow","max-snippet":"max-snippet:-1","max-image-preview":"max-image-preview:large","max-video-preview":"max-video-preview:-1"},"canonical":"https:\/\/ce-ci.fr\/en\/creations-in-situ\/","og_locale":"en_GB","og_type":"article","og_title":"cr\u00e9ations in situ - ce-ci","og_description":"cr\u00e9ations in situ Objectif Cr\u00e9er en immersion dans le monde, en r\u00e9ponse aux interstices laiss\u00e9s par les disciplines, les cultures, les territoires, les paradigmes ou les usages. M\u00e9thodologies Nous d\u00e9veloppons des projets spontan\u00e9s de cr\u00e9ation indisciplinaire, ancr\u00e9s dans des contextes qui nous parlent. Chaque intervention part d\u2019une \u00e9coute attentive des tensions, des vides, des r\u00e9cits [&hellip;]","og_url":"https:\/\/ce-ci.fr\/en\/creations-in-situ\/","og_site_name":"ce-ci","article_modified_time":"2025-06-20T13:43:30+00:00","twitter_card":"summary_large_image","twitter_misc":{"Estimated reading time":"3 minutes"},"schema":{"@context":"https:\/\/schema.org","@graph":[{"@type":"WebPage","@id":"https:\/\/ce-ci.fr\/creations-in-situ\/","url":"https:\/\/ce-ci.fr\/creations-in-situ\/","name":"cr\u00e9ations in situ - ce-ci","isPartOf":{"@id":"https:\/\/ce-ci.fr\/#website"},"datePublished":"2025-06-13T14:18:12+00:00","dateModified":"2025-06-20T13:43:30+00:00","breadcrumb":{"@id":"https:\/\/ce-ci.fr\/creations-in-situ\/#breadcrumb"},"inLanguage":"en-GB","potentialAction":[{"@type":"ReadAction","target":["https:\/\/ce-ci.fr\/creations-in-situ\/"]}]},{"@type":"BreadcrumbList","@id":"https:\/\/ce-ci.fr\/creations-in-situ\/#breadcrumb","itemListElement":[{"@type":"ListItem","position":1,"name":"Home","item":"https:\/\/ce-ci.fr\/"},{"@type":"ListItem","position":2,"name":"cr\u00e9ations in situ"}]},{"@type":"WebSite","@id":"https:\/\/ce-ci.fr\/#website","url":"https:\/\/ce-ci.fr\/","name":"ce-ci","description":"Centre de Cr\u00e9ation Interstitielle","potentialAction":[{"@type":"SearchAction","target":{"@type":"EntryPoint","urlTemplate":"https:\/\/ce-ci.fr\/?s={search_term_string}"},"query-input":{"@type":"PropertyValueSpecification","valueRequired":true,"valueName":"search_term_string"}}],"inLanguage":"en-GB"}]}},"_links":{"self":[{"href":"https:\/\/ce-ci.fr\/en\/wp-json\/wp\/v2\/pages\/989","targetHints":{"allow":["GET"]}}],"collection":[{"href":"https:\/\/ce-ci.fr\/en\/wp-json\/wp\/v2\/pages"}],"about":[{"href":"https:\/\/ce-ci.fr\/en\/wp-json\/wp\/v2\/types\/page"}],"author":[{"embeddable":true,"href":"https:\/\/ce-ci.fr\/en\/wp-json\/wp\/v2\/users\/1"}],"replies":[{"embeddable":true,"href":"https:\/\/ce-ci.fr\/en\/wp-json\/wp\/v2\/comments?post=989"}],"version-history":[{"count":7,"href":"https:\/\/ce-ci.fr\/en\/wp-json\/wp\/v2\/pages\/989\/revisions"}],"predecessor-version":[{"id":1322,"href":"https:\/\/ce-ci.fr\/en\/wp-json\/wp\/v2\/pages\/989\/revisions\/1322"}],"wp:attachment":[{"href":"https:\/\/ce-ci.fr\/en\/wp-json\/wp\/v2\/media?parent=989"}],"curies":[{"name":"wp","href":"https:\/\/api.w.org\/{rel}","templated":true}]}}